{"id":324,"date":"2022-01-21T10:35:17","date_gmt":"2022-01-21T09:35:17","guid":{"rendered":"http:\/\/8790639.cos58.fr\/?page_id=324"},"modified":"2026-01-11T23:20:07","modified_gmt":"2026-01-11T22:20:07","slug":"retraites","status":"publish","type":"page","link":"http:\/\/8790639.cos58.fr\/?page_id=324","title":{"rendered":"Retrait\u00e9s"},"content":{"rendered":"\n<figure class=\"wp-block-image aligncenter size-full\" id=\"HAUT\"><a href=\"http:\/\/8790639.cos58.fr\/\"><img loading=\"lazy\" decoding=\"async\" width=\"1200\" height=\"208\" src=\"http:\/\/8790639.cos58.fr\/wp-content\/uploads\/2023\/08\/HEADER_RETRAITES.gif\" alt=\"\" class=\"wp-image-2548\"\/><\/a><\/figure>\n\n\n\n<div class=\"wp-block-buttons is-horizontal is-content-justification-center is-layout-flex wp-container-core-buttons-is-layout-499968f5 wp-block-buttons-is-layout-flex\">\n<div class=\"wp-block-button is-style-fill\"><a class=\"wp-block-button__link has-ast-global-color-8-color has-text-color has-background wp-element-button\" href=\"http:\/\/8790639.cos58.fr\/\" style=\"border-radius:3px;background-color:#b0418f\">Accueil<\/a><\/div>\n\n\n\n<div class=\"wp-block-button is-style-fill\"><a class=\"wp-block-button__link has-ast-global-color-8-color has-text-color has-background wp-element-button\" href=\"http:\/\/8790639.cos58.fr\/?page_id=297\" style=\"border-radius:3px;background-color:#c4d024\">Voyages<\/a><\/div>\n\n\n\n<div class=\"wp-block-button is-style-fill\"><a class=\"wp-block-button__link has-ast-global-color-8-color has-text-color has-background wp-element-button\" href=\"http:\/\/8790639.cos58.fr\/?page_id=303\" style=\"border-radius:3px;background-color:#e10d7b\">Vacances<\/a><\/div>\n\n\n\n<div class=\"wp-block-button is-style-fill\"><a class=\"wp-block-button__link has-ast-global-color-8-color has-text-color has-background wp-element-button\" href=\"http:\/\/8790639.cos58.fr\/?page_id=308\" style=\"border-radius:3px;background-color:#74c6cd\">No\u00ebl<\/a><\/div>\n\n\n\n<div class=\"wp-block-button is-style-fill\"><a class=\"wp-block-button__link has-ast-global-color-8-color has-text-color has-background wp-element-button\" href=\"http:\/\/8790639.cos58.fr\/?page_id=2\" style=\"border-radius:3px;background-color:#febf10\">Culture &amp; Loisirs<\/a><\/div>\n\n\n\n<div class=\"wp-block-button\"><a class=\"wp-block-button__link has-ast-global-color-8-color has-text-color has-background wp-element-button\" href=\"http:\/\/8790639.cos58.fr\/?page_id=312\" style=\"border-radius:3px;background-color:#93c83e\">Partenaires<\/a><\/div>\n\n\n\n<div class=\"wp-block-button\"><a class=\"wp-block-button__link has-ast-global-color-8-color has-text-color has-background wp-element-button\" href=\"http:\/\/8790639.cos58.fr\/?page_id=315\" style=\"border-radius:3px;background-color:#f1a8be\">Promos<\/a><\/div>\n\n\n\n<div class=\"wp-block-button\"><a class=\"wp-block-button__link has-ast-global-color-8-color has-text-color has-background wp-element-button\" href=\"http:\/\/8790639.cos58.fr\/?page_id=1984\" style=\"border-radius:3px;background-color:#ec4343\">COS Le R\u00e9seau<\/a><\/div>\n\n\n\n<div class=\"wp-block-button\"><a class=\"wp-block-button__link has-ast-global-color-8-color has-text-color has-background wp-element-button\" href=\"http:\/\/8790639.cos58.fr\/?page_id=318\" style=\"border-radius:3px;background-color:#0098a0\">Prestations Sociales<\/a><\/div>\n\n\n\n<div class=\"wp-block-button is-style-fill\"><a class=\"wp-block-button__link has-ast-global-color-8-color has-text-color has-background wp-element-button\" href=\"http:\/\/8790639.cos58.fr\/?page_id=321\" style=\"border-radius:3px;background-color:#43a648\"><mark style=\"background-color:rgba(0, 0, 0, 0);color:#43a648\" class=\"has-inline-color\">.<\/mark>A.G.<\/a><\/div>\n\n\n\n<div class=\"wp-block-button is-style-fill\"><a class=\"wp-block-button__link has-ast-global-color-8-color has-ast-global-color-5-background-color has-text-color has-background wp-element-button\" href=\"http:\/\/8790639.cos58.fr\/?page_id=324\" style=\"border-radius:3px\">Retrait\u00e9s et Elus<\/a><\/div>\n<\/div>\n\n\n\n<p><br><\/p>\n\n\n\n<h3 class=\"wp-block-heading has-text-color\" id=\"vous-etes-retraite\" style=\"color:#8cc9b7\"><em>Vous \u00eates <\/em><strong>Retrait\u00e9 ?<\/strong><\/h3>\n\n\n\n<div class=\"wp-block-media-text alignwide is-stacked-on-mobile is-vertically-aligned-center\" style=\"grid-template-columns:23% auto\"><figure class=\"wp-block-media-text__media\"><img loading=\"lazy\" decoding=\"async\" width=\"287\" height=\"233\" src=\"http:\/\/8790639.cos58.fr\/wp-content\/uploads\/2022\/01\/ANIM-retraites.gif\" alt=\"\" class=\"wp-image-628 size-full\"\/><\/figure><div class=\"wp-block-media-text__content\">\n<p class=\"has-background\" style=\"background-color:#42b39b\"><mark style=\"background-color:rgba(0, 0, 0, 0)\" class=\"has-inline-color has-ast-global-color-5-color\">Vous avez la possibilit\u00e9 en tant que retrait\u00e9 d&rsquo;une collectivit\u00e9 adh\u00e9rente au COS 58, de continuer \u00e0 participer \u00e0 la vie de ce dernier moyennant une cotisation individuelle dont le montant varie selon si vous \u00eates<\/mark><strong> <a href=\"#ANCIEN-AGENT\"><mark style=\"background-color:rgba(0, 0, 0, 0)\" class=\"has-inline-color has-ast-global-color-5-color\">ancien agent ou actif parti d&rsquo;une collectivit\u00e9 adh\u00e9rente<\/mark><\/a><\/strong> <mark style=\"background-color:rgba(0, 0, 0, 0)\" class=\"has-inline-color has-ast-global-color-5-color\">ou<\/mark> <strong><a href=\"#ANCIEN-ELU-ETC\"><mark style=\"background-color:rgba(0, 0, 0, 0)\" class=\"has-inline-color has-ast-global-color-5-color\">\u00e9lu ou ancien \u00e9lu<\/mark><\/a><\/strong><mark style=\"background-color:rgba(0, 0, 0, 0)\" class=\"has-inline-color has-ast-global-color-5-color\">.<\/mark><br><br><mark style=\"background-color:rgba(0, 0, 0, 0)\" class=\"has-inline-color has-ast-global-color-5-color\"><strong>Formalit\u00e9s d&rsquo;adh\u00e9sion :<\/strong><\/mark><br><mark style=\"background-color:rgba(0, 0, 0, 0)\" class=\"has-inline-color has-ast-global-color-5-color\"><strong>&gt;<\/strong> T\u00e9l\u00e9charger le bulletin d&rsquo;adh\u00e9sion OU adh\u00e9rer en ligne<br><strong>&gt;<\/strong>&nbsp;<strong>La cotisation doit \u00eatre r\u00e9gl\u00e9e par ch\u00e8que \u00e0 l&rsquo;ordre du COS58, dernier d\u00e9lai fin Janvier de l\u2019ann\u00e9e en cours.<\/strong><br><strong>&gt;<\/strong>&nbsp;Fournir un R.I.B.<\/mark><\/p>\n<\/div><\/div>\n\n\n\n<p><\/p>\n\n\n\n<figure class=\"wp-block-image aligncenter size-large is-resized\" id=\"ANCIEN-AGENT\"><img decoding=\"async\" src=\"http:\/\/8790639.cos58.fr\/wp-content\/uploads\/2022\/01\/MIL-HT_RET.gif\" alt=\"\" style=\"width:1200px;height:auto\"\/><\/figure>\n\n\n\n<h4 class=\"wp-block-heading\" id=\"si-vous-etes-retraite-ancien-agent\"><mark style=\"background-color:rgba(0, 0, 0, 0)\" class=\"has-inline-color\"><font color=\"#8cc9b7\"><b>Si vous <\/b><\/font><\/mark><strong><mark style=\"background-color:rgba(0, 0, 0, 0);color:#8cc9b7\" class=\"has-inline-color\">\u00eates retrait\u00e9 ancien agent ou actif parti d&rsquo;une collectivit\u00e9 adh\u00e9rente :<\/mark><\/strong><\/h4>\n\n\n\n<p><strong><strong><mark style=\"background-color:rgba(0, 0, 0, 0);color:#8cc9b7\" class=\"has-inline-color\"><strong><mark style=\"background-color:rgba(0, 0, 0, 0);color:#8cc9b7\" class=\"has-inline-color\">\u2022<\/mark><\/strong><\/mark><\/strong><\/strong> <strong>COTISATION :&nbsp; 30\u20ac<\/strong> annuelle pour une personne seule, <strong>50\u20ac<\/strong> annuelle pour un couple sans enfant.<br><br><strong>Vous b\u00e9n\u00e9ficiez des avantages suivants <\/strong><em>(vous ne b\u00e9n\u00e9ficiez pas des prestations sociales)<\/em><strong>&nbsp;: <\/strong><br><strong><mark style=\"background-color:rgba(0, 0, 0, 0);color:#8cc9b7\" class=\"has-inline-color\">&gt; <\/mark><\/strong>des <a href=\"http:\/\/8790639.cos58.fr\/?page_id=297\" data-type=\"link\" data-id=\"http:\/\/8790639.cos58.fr\/?page_id=297\" target=\"_blank\" rel=\"noreferrer noopener\"><strong>voyages<\/strong><\/a> organis\u00e9s par le COS,<br><strong><strong><mark style=\"background-color:rgba(0, 0, 0, 0);color:#8cc9b7\" class=\"has-inline-color\">&gt;<\/mark><\/strong> <\/strong>de la participation sur les <a href=\"http:\/\/8790639.cos58.fr\/?page_id=3378\" data-type=\"page\" data-id=\"3378\" target=\"_blank\" rel=\"noreferrer noopener\"><strong>licences ou entr\u00e9es piscine<\/strong><\/a> \u00e0 hauteur de 35% dans la limite de 55\u20ac \/ an. <strong><a href=\"http:\/\/8790639.cos58.fr\/?page_id=3378\" data-type=\"page\" data-id=\"3378\">Pour faire la demande, cliquez ici<\/a><\/strong>.<br><strong><mark style=\"background-color:rgba(0, 0, 0, 0);color:#8cc9b7\" class=\"has-inline-color\">&gt;<\/mark><\/strong> des tickets de <strong><a href=\"http:\/\/8790639.cos58.fr\/?page_id=2#CINE\" target=\"_blank\" rel=\"noreferrer noopener\">cin\u00e9ma<\/a><\/strong>,<br><strong><mark style=\"background-color:rgba(0, 0, 0, 0);color:#8cc9b7\" class=\"has-inline-color\">&gt; <\/mark><\/strong>de notre partenaire <strong><a href=\"http:\/\/8790639.cos58.fr\/?page_id=2#RPC\" target=\"_blank\" rel=\"noreferrer noopener\">AVANTAGE LOISIRS<\/a><\/strong>,<br><strong><strong><mark style=\"background-color:rgba(0, 0, 0, 0);color:#8cc9b7\" class=\"has-inline-color\">&gt;<\/mark><\/strong> <\/strong>des <strong><a href=\"http:\/\/8790639.cos58.fr\/?page_id=303#CHEQ\" target=\"_blank\" rel=\"noreferrer noopener\">Ch\u00e8ques Vacances<\/a><\/strong> soumis aux revenus. (rdv sur www.cos58.fr, rubrique vacances)<br><strong><mark style=\"background-color:rgba(0, 0, 0, 0);color:#8cc9b7\" class=\"has-inline-color\">&gt; <\/mark><\/strong>des locations vacances par <strong><a href=\"http:\/\/8790639.cos58.fr\/?page_id=303#LOC\" target=\"_blank\" rel=\"noreferrer noopener\">ODALYS et GO\u00c9LIA<\/a><\/strong>,<br><strong><mark style=\"background-color:rgba(0, 0, 0, 0);color:#8cc9b7\" class=\"has-inline-color\">&gt; <\/mark><\/strong>de la Mutuelle HARMONIE MUTUELLE,<br><strong><mark style=\"background-color:rgba(0, 0, 0, 0);color:#8cc9b7\" class=\"has-inline-color\">&gt; <\/mark><\/strong>de la Carte d&rsquo;Adh\u00e9rent pour les <strong><a href=\"http:\/\/8790639.cos58.fr\/?page_id=315\" target=\"_blank\" rel=\"noreferrer noopener\">r\u00e9ductions chez certains commer\u00e7ants<\/a><\/strong>.<\/p>\n\n\n\n<div class=\"wp-block-buttons is-layout-flex wp-block-buttons-is-layout-flex\">\n<div class=\"wp-block-button\"><a class=\"wp-block-button__link wp-element-button\" href=\"http:\/\/8790639.cos58.fr\/wp-content\/uploads\/2026\/01\/BULLETIN-ADHESION__RETRAITES-2026.pdf\" target=\"_blank\" rel=\"noreferrer noopener\">T\u00e9l\u00e9charger le bulletin d&rsquo;adh\u00e9sion<\/a><\/div>\n\n\n\n<div class=\"wp-block-button is-style-fill\"><a class=\"wp-block-button__link has-ast-global-color-8-color has-ast-global-color-5-background-color has-text-color has-background wp-element-button\">OU<\/a><\/div>\n\n\n\n<div class=\"wp-block-button is-style-fill\"><a class=\"wp-block-button__link wp-element-button\" href=\"http:\/\/8790639.cos58.fr\/?page_id=2145\">Adh\u00e9rer en ligne<\/a><\/div>\n<\/div>\n\n\n\n<p><br><strong><strong><mark style=\"background-color:rgba(0, 0, 0, 0);color:#8cc9b7\" class=\"has-inline-color\"><strong><mark style=\"background-color:rgba(0, 0, 0, 0);color:#8cc9b7\" class=\"has-inline-color\">\u2022<\/mark><\/strong><\/mark><\/strong><\/strong> <strong>ELEMENTS A NOUS FAIRE PARVENIR : <\/strong> <strong>Bulletin d&rsquo;adh\u00e9sion<\/strong> (si vous ne l&rsquo;avez pas rempli en ligne) <strong>+ RIB + votre cotisation annuelle <\/strong>\u00e0 l&rsquo;ordre du COS58,<strong> <\/strong>au plus tard fin Janvier de l&rsquo;ann\u00e9e en cours<\/p>\n\n\n\n<figure class=\"wp-block-image aligncenter size-large\"><img decoding=\"async\" src=\"http:\/\/8790639.cos58.fr\/wp-content\/uploads\/2022\/01\/MIL-BS_RET.gif\" alt=\"\"\/><\/figure>\n\n\n\n<p><\/p>\n\n\n\n<div class=\"wp-block-buttons is-horizontal is-content-justification-right is-layout-flex wp-container-core-buttons-is-layout-ae2fe186 wp-block-buttons-is-layout-flex\">\n<div class=\"wp-block-button has-custom-font-size\" style=\"font-size:10px\"><a class=\"wp-block-button__link wp-element-button\" href=\"#HAUT\">HAUT<\/a><\/div>\n<\/div>\n\n\n\n<p><\/p>\n\n\n\n<figure class=\"wp-block-image aligncenter size-large is-resized\" id=\"ANCIEN-AGENT\"><img decoding=\"async\" src=\"http:\/\/8790639.cos58.fr\/wp-content\/uploads\/2022\/01\/MIL-HT_RET.gif\" alt=\"\" style=\"width:1200px;height:auto\"\/><\/figure>\n\n\n\n<h4 class=\"wp-block-heading\" id=\"si-vous-etes-retraite-ancien-elu-maire-ou-adjoint\"><mark style=\"background-color:rgba(0, 0, 0, 0)\" class=\"has-inline-color\"><font color=\"#8cc9b7\"><b>Si vous <\/b><\/font><\/mark><strong><mark style=\"background-color:rgba(0, 0, 0, 0);color:#8cc9b7\" class=\"has-inline-color\">\u00eates retrait\u00e9 \u00e9lu ou <strong><mark style=\"background-color:rgba(0, 0, 0, 0);color:#8cc9b7\" class=\"has-inline-color\">ancien <\/mark><\/strong>\u00e9lu :<\/mark><\/strong><\/h4>\n\n\n\n<p><strong><strong><mark style=\"background-color:rgba(0, 0, 0, 0);color:#8cc9b7\" class=\"has-inline-color\"><strong><mark style=\"background-color:rgba(0, 0, 0, 0);color:#8cc9b7\" class=\"has-inline-color\">\u2022<\/mark><\/strong><\/mark><strong> <\/strong><strong><strong>COTISATION :\u00a0<\/strong><\/strong>50\u20ac<\/strong> <\/strong>annuelle pour une personne seule, <strong><strong>100\u20ac<\/strong><\/strong> annuelle pour un couple sans enfant. <br><br><strong><strong>Vous b\u00e9n\u00e9ficiez des avantages suivants <\/strong><\/strong><em>(vous ne b\u00e9n\u00e9ficiez pas des prestations sociales)<\/em><strong><strong>\u00a0: <\/strong> <\/strong><br><strong><mark style=\"background-color:rgba(0, 0, 0, 0);color:#8cc9b7\" class=\"has-inline-color\">> <\/mark><\/strong>des <a href=\"http:\/\/8790639.cos58.fr\/?page_id=297\" data-type=\"link\" data-id=\"http:\/\/8790639.cos58.fr\/?page_id=297\" target=\"_blank\" rel=\"noreferrer noopener\"><strong>voyages<\/strong><\/a> organis\u00e9s par le COS,<br><strong><mark style=\"background-color:rgba(0, 0, 0, 0);color:#8cc9b7\" class=\"has-inline-color\">><\/mark><\/strong> des tickets de <strong><a href=\"http:\/\/8790639.cos58.fr\/?page_id=2#CINE\" target=\"_blank\" rel=\"noreferrer noopener\">cin\u00e9ma<\/a><\/strong>,<br><strong><mark style=\"background-color:rgba(0, 0, 0, 0);color:#8cc9b7\" class=\"has-inline-color\">> <\/mark><\/strong>de notre partenaire <strong><a href=\"http:\/\/8790639.cos58.fr\/?page_id=312\" target=\"_blank\" rel=\"noreferrer noopener\">COS LE RESEAU<\/a><\/strong>,<br><strong><mark style=\"background-color:rgba(0, 0, 0, 0);color:#8cc9b7\" class=\"has-inline-color\">> <\/mark><\/strong>de notre partenaire <strong><a href=\"http:\/\/8790639.cos58.fr\/?page_id=2#RPC\" target=\"_blank\" rel=\"noreferrer noopener\">AVANTAGE LOISIRS<\/a><\/strong>,<br><strong><mark style=\"background-color:rgba(0, 0, 0, 0);color:#8cc9b7\" class=\"has-inline-color\">> <\/mark><\/strong>des locations vacances par <strong><a href=\"http:\/\/8790639.cos58.fr\/?page_id=303#LOC\" target=\"_blank\" rel=\"noreferrer noopener\">ODALYS et GO\u00c9LIA<\/a><\/strong>,<br><strong><mark style=\"background-color:rgba(0, 0, 0, 0);color:#8cc9b7\" class=\"has-inline-color\">> <\/mark><\/strong>de la Carte d&rsquo;Adh\u00e9rent pour les <strong><a href=\"http:\/\/8790639.cos58.fr\/?page_id=315\" target=\"_blank\" rel=\"noreferrer noopener\">r\u00e9ductions chez certains commer\u00e7ants<\/a><\/strong>.<\/p>\n\n\n\n<div class=\"wp-block-buttons is-layout-flex wp-block-buttons-is-layout-flex\">\n<div class=\"wp-block-button\"><a class=\"wp-block-button__link wp-element-button\" href=\"http:\/\/8790639.cos58.fr\/wp-content\/uploads\/2026\/01\/BULLETIN-ADHESION__RETRAITES_ELUS-2026.pdf\" target=\"_blank\" rel=\"noreferrer noopener\">T\u00e9l\u00e9charger le bulletin d&rsquo;adh\u00e9sion<\/a><\/div>\n\n\n\n<div class=\"wp-block-button is-style-fill\"><a class=\"wp-block-button__link has-ast-global-color-8-color has-ast-global-color-5-background-color has-text-color has-background wp-element-button\"> OU<\/a><\/div>\n\n\n\n<div class=\"wp-block-button is-style-fill\"><a class=\"wp-block-button__link wp-element-button\" href=\"http:\/\/8790639.cos58.fr\/?page_id=1573\"> Adh\u00e9rer en ligne <\/a><\/div>\n<\/div>\n\n\n\n<p><br><strong><strong><mark style=\"background-color:rgba(0, 0, 0, 0);color:#8cc9b7\" class=\"has-inline-color\"><strong><mark style=\"background-color:rgba(0, 0, 0, 0);color:#8cc9b7\" class=\"has-inline-color\">\u2022<\/mark><\/strong><\/mark><\/strong><\/strong> <strong>ELEMENTS A NOUS FAIRE PARVENIR : <\/strong> <strong>Bulletin d&rsquo;adh\u00e9sion<\/strong> (si vous ne l&rsquo;avez pas rempli en ligne) <strong>+ RIB + votre cotisation annuelle <\/strong>\u00e0 l&rsquo;ordre du COS58,<strong> <\/strong>au plus tard fin Janvier de l&rsquo;ann\u00e9e en cours<\/p>\n\n\n\n<figure class=\"wp-block-image aligncenter size-large\"><img decoding=\"async\" src=\"http:\/\/8790639.cos58.fr\/wp-content\/uploads\/2022\/01\/MIL-BS_RET.gif\" alt=\"\"\/><\/figure>\n\n\n\n<p><\/p>\n\n\n\n<div class=\"wp-block-buttons is-horizontal is-content-justification-right is-layout-flex wp-container-core-buttons-is-layout-ae2fe186 wp-block-buttons-is-layout-flex\">\n<div class=\"wp-block-button has-custom-font-size\" style=\"font-size:10px\"><a class=\"wp-block-button__link wp-element-button\" href=\"#HAUT\">HAUT<\/a><\/div>\n<\/div>\n\n\n\n<p><br><span class=\"has-inline-color has-ast-global-color-5-color\">&#8211;<\/span><\/p>\n","protected":false},"excerpt":{"rendered":"<p>Vous \u00eates Retrait\u00e9 ? Vous avez la possibilit\u00e9 en tant que retrait\u00e9 d&rsquo;une collectivit\u00e9 adh\u00e9rente au COS 58, de continuer \u00e0 participer \u00e0 la vie de ce dernier moyennant une cotisation individuelle dont le montant varie selon si vous \u00eates ancien agent ou actif parti d&rsquo;une collectivit\u00e9 adh\u00e9rente ou \u00e9lu ou ancien \u00e9lu. Formalit\u00e9s d&rsquo;adh\u00e9sion &hellip;<\/p>\n<p class=\"read-more\"> <a class=\"\" href=\"http:\/\/8790639.cos58.fr\/?page_id=324\"> <span class=\"screen-reader-text\">Retrait\u00e9s<\/span> Lire la suite\u00a0\u00bb<\/a><\/p>\n","protected":false},"author":1,"featured_media":0,"parent":0,"menu_order":0,"comment_status":"closed","ping_status":"closed","template":"","meta":{"site-sidebar-layout":"default","site-content-layout":"default","ast-main-header-display":"","ast-hfb-above-header-display":"","ast-hfb-below-header-display":"","ast-hfb-mobile-header-display":"","site-post-title":"disabled","ast-breadcrumbs-content":"","ast-featured-img":"","footer-sml-layout":"","theme-transparent-header-meta":"","adv-header-id-meta":"","stick-header-meta":"","header-above-stick-meta":"","header-main-stick-meta":"","header-below-stick-meta":"","footnotes":""},"class_list":["post-324","page","type-page","status-publish","hentry"],"_links":{"self":[{"href":"http:\/\/8790639.cos58.fr\/index.php?rest_route=\/wp\/v2\/pages\/324","targetHints":{"allow":["GET"]}}],"collection":[{"href":"http:\/\/8790639.cos58.fr\/index.php?rest_route=\/wp\/v2\/pages"}],"about":[{"href":"http:\/\/8790639.cos58.fr\/index.php?rest_route=\/wp\/v2\/types\/page"}],"author":[{"embeddable":true,"href":"http:\/\/8790639.cos58.fr\/index.php?rest_route=\/wp\/v2\/users\/1"}],"replies":[{"embeddable":true,"href":"http:\/\/8790639.cos58.fr\/index.php?rest_route=%2Fwp%2Fv2%2Fcomments&post=324"}],"version-history":[{"count":218,"href":"http:\/\/8790639.cos58.fr\/index.php?rest_route=\/wp\/v2\/pages\/324\/revisions"}],"predecessor-version":[{"id":3993,"href":"http:\/\/8790639.cos58.fr\/index.php?rest_route=\/wp\/v2\/pages\/324\/revisions\/3993"}],"wp:attachment":[{"href":"http:\/\/8790639.cos58.fr\/index.php?rest_route=%2Fwp%2Fv2%2Fmedia&parent=324"}],"curies":[{"name":"wp","href":"https:\/\/api.w.org\/{rel}","templated":true}]}}