{"id":321,"date":"2022-01-21T10:34:33","date_gmt":"2022-01-21T09:34:33","guid":{"rendered":"http:\/\/8790639.cos58.fr\/?page_id=321"},"modified":"2025-06-03T11:58:35","modified_gmt":"2025-06-03T09:58:35","slug":"evenements","status":"publish","type":"page","link":"http:\/\/8790639.cos58.fr\/?page_id=321","title":{"rendered":"Ev\u00e9nements"},"content":{"rendered":"\n<figure class=\"wp-block-image aligncenter size-full\" id=\"HAUT\"><a href=\"http:\/\/8790639.cos58.fr\/\"><img loading=\"lazy\" decoding=\"async\" width=\"1200\" height=\"208\" src=\"http:\/\/8790639.cos58.fr\/wp-content\/uploads\/2023\/08\/HEADER_EVENEMENTS.gif\" alt=\"\" class=\"wp-image-2563\"\/><\/a><\/figure>\n\n\n\n<div class=\"wp-block-buttons is-horizontal is-content-justification-center is-layout-flex wp-container-core-buttons-is-layout-499968f5 wp-block-buttons-is-layout-flex\">\n<div class=\"wp-block-button is-style-fill\"><a class=\"wp-block-button__link has-ast-global-color-8-color has-text-color has-background wp-element-button\" href=\"http:\/\/8790639.cos58.fr\/\" style=\"border-radius:3px;background-color:#b0418f\">Accueil<\/a><\/div>\n\n\n\n<div class=\"wp-block-button is-style-fill\"><a class=\"wp-block-button__link has-ast-global-color-8-color has-text-color has-background wp-element-button\" href=\"http:\/\/8790639.cos58.fr\/?page_id=297\" style=\"border-radius:3px;background-color:#c4d024\">Voyages<\/a><\/div>\n\n\n\n<div class=\"wp-block-button is-style-fill\"><a class=\"wp-block-button__link has-ast-global-color-8-color has-text-color has-background wp-element-button\" href=\"http:\/\/8790639.cos58.fr\/?page_id=303\" style=\"border-radius:3px;background-color:#e10d7b\">Vacances<\/a><\/div>\n\n\n\n<div class=\"wp-block-button is-style-fill\"><a class=\"wp-block-button__link has-ast-global-color-8-color has-text-color has-background wp-element-button\" href=\"http:\/\/8790639.cos58.fr\/?page_id=308\" style=\"border-radius:3px;background-color:#74c6cd\">No\u00ebl<\/a><\/div>\n\n\n\n<div class=\"wp-block-button is-style-fill\"><a class=\"wp-block-button__link has-ast-global-color-8-color has-text-color has-background wp-element-button\" href=\"http:\/\/8790639.cos58.fr\/?page_id=2\" style=\"border-radius:3px;background-color:#febf10\">Culture &amp; Loisirs<\/a><\/div>\n\n\n\n<div class=\"wp-block-button\"><a class=\"wp-block-button__link has-ast-global-color-8-color has-text-color has-background wp-element-button\" href=\"http:\/\/8790639.cos58.fr\/?page_id=312\" style=\"border-radius:3px;background-color:#93c83e\">Partenaires<\/a><\/div>\n\n\n\n<div class=\"wp-block-button\"><a class=\"wp-block-button__link has-ast-global-color-8-color has-text-color has-background wp-element-button\" href=\"http:\/\/8790639.cos58.fr\/?page_id=315\" style=\"border-radius:3px;background-color:#f1a8be\">Promos<\/a><\/div>\n\n\n\n<div class=\"wp-block-button\"><a class=\"wp-block-button__link has-ast-global-color-8-color has-text-color has-background wp-element-button\" href=\"http:\/\/8790639.cos58.fr\/?page_id=1984\" style=\"border-radius:3px;background-color:#ec4343\">COS Le R\u00e9seau<\/a><\/div>\n\n\n\n<div class=\"wp-block-button\"><a class=\"wp-block-button__link has-ast-global-color-8-color has-text-color has-background wp-element-button\" href=\"http:\/\/8790639.cos58.fr\/?page_id=318\" style=\"border-radius:3px;background-color:#0098a0\">Prestations Sociales<\/a><\/div>\n\n\n\n<div class=\"wp-block-button is-style-fill\"><a class=\"wp-block-button__link has-ast-global-color-8-color has-ast-global-color-5-background-color has-text-color has-background wp-element-button\" href=\"http:\/\/8790639.cos58.fr\/?page_id=321\" style=\"border-radius:3px\"><mark style=\"background-color:rgba(0, 0, 0, 0);color:#43a648\" class=\"has-inline-color\">.<\/mark>A.G.<\/a><\/div>\n\n\n\n<div class=\"wp-block-button is-style-fill\"><a class=\"wp-block-button__link has-ast-global-color-8-color has-text-color has-background wp-element-button\" href=\"http:\/\/8790639.cos58.fr\/?page_id=324\" style=\"border-radius:3px;background-color:#8cc9b7\">Retrait\u00e9s et Elus<\/a><\/div>\n<\/div>\n\n\n\n<p><br><\/p>\n\n\n\n<div class=\"wp-block-media-text alignwide has-media-on-the-right is-vertically-aligned-center\" style=\"grid-template-columns:auto 28%\"><div class=\"wp-block-media-text__content\">\n<h3 class=\"wp-block-heading has-text-align-left has-text-color\" id=\"nos-evenements\" style=\"color:#43a648\"><strong>Nos Ev\u00e9nements<\/strong><\/h3>\n<\/div><figure class=\"wp-block-media-text__media\"><img loading=\"lazy\" decoding=\"async\" width=\"300\" height=\"36\" src=\"http:\/\/8790639.cos58.fr\/wp-content\/uploads\/2022\/01\/ANIM-ev.gif\" alt=\"\" class=\"wp-image-506 size-full\"\/><\/figure><\/div>\n\n\n\n<p><\/p>\n\n\n\n<figure class=\"wp-block-image aligncenter size-large\"><img decoding=\"async\" src=\"http:\/\/8790639.cos58.fr\/wp-content\/uploads\/2022\/01\/MIL-HT_EV.gif\" alt=\"\"\/><\/figure>\n\n\n\n<h4 class=\"wp-block-heading has-text-align-center\" id=\"prochaine-assemblee-generale\"><strong><mark style=\"background-color:rgba(0, 0, 0, 0);color:#43a648\" class=\"has-inline-color\">Prochaine Assembl\u00e9e G\u00e9n\u00e9rale Ordinaire et Extraordinaire :<\/mark><\/strong><\/h4>\n\n\n\n<p>Infos \u00e0 venir &#8230;<\/p>\n\n\n\n<p><\/p>\n\n\n\n<figure class=\"wp-block-image aligncenter size-large\"><img decoding=\"async\" src=\"http:\/\/8790639.cos58.fr\/wp-content\/uploads\/2022\/01\/MIL-BS_EV.gif\" alt=\"\"\/><\/figure>\n\n\n\n<p><\/p>\n\n\n\n<div class=\"wp-block-buttons is-horizontal is-content-justification-right is-layout-flex wp-container-core-buttons-is-layout-ae2fe186 wp-block-buttons-is-layout-flex\">\n<div class=\"wp-block-button has-custom-font-size\" style=\"font-size:10px\"><a class=\"wp-block-button__link wp-element-button\" href=\"#HAUT\">HAUT<\/a><\/div>\n<\/div>\n\n\n\n<p><\/p>\n\n\n\n<figure class=\"wp-block-image aligncenter size-large\"><img decoding=\"async\" src=\"http:\/\/8790639.cos58.fr\/wp-content\/uploads\/2022\/01\/MIL-HT_EV.gif\" alt=\"\"\/><\/figure>\n\n\n\n<h4 class=\"wp-block-heading has-text-align-center\" id=\"prochaine-assemblee-generale\"><strong><mark style=\"background-color:rgba(0, 0, 0, 0);color:#43a648\" class=\"has-inline-color\">Retour sur l&rsquo;Assembl\u00e9e G\u00e9n\u00e9rale <strong><mark style=\"background-color:rgba(0, 0, 0, 0);color:#43a648\" class=\"has-inline-color\">Ordinaire et Extraordinaire<\/mark><\/strong><\/mark><\/strong> <strong><mark style=\"background-color:rgba(0, 0, 0, 0);color:#43a648\" class=\"has-inline-color\">du samedi 29 Mars 2025 \u00e0 SAINT PARIZE LE CH\u00c2TEL<\/mark><\/strong><\/h4>\n\n\n\n<p>Notre Assembl\u00e9e G\u00e9n\u00e9rale  Assembl\u00e9e G\u00e9n\u00e9rale Ordinaire et Extraordinaire s&rsquo;est tenue cette ann\u00e9e \u00e0 la Mairie de Saint Parize le Ch\u00e2tel.<br>Nous avons proc\u00e9d\u00e9 \u00e0 l&rsquo;\u00e9lection d\u2019un repr\u00e9sentant des \u00e9lus et d\u2019un repr\u00e9sentant du personnel au sein du Conseil d\u2019Administration.<br><br>Merci \u00e0 tous pour votre accueil chaleureux.<br><br><strong><mark><strong><mark><strong><mark><strong><mark style=\"background-color:rgba(0, 0, 0, 0);color:#43a648\" class=\"has-inline-color\">><\/mark><\/strong><\/mark><\/strong><\/mark><\/strong> <\/mark><a href=\"http:\/\/8790639.cos58.fr\/wp-content\/uploads\/2025\/05\/COS58_MEMBRES-DU-CA_2025.pdf\" target=\"_blank\" rel=\"noreferrer noopener\">Le Conseil d&rsquo;Administration \u00e0 consulter ici<\/a><\/strong><br><strong><mark><strong><mark><strong><mark><strong><mark style=\"background-color:rgba(0, 0, 0, 0);color:#43a648\" class=\"has-inline-color\">><\/mark><\/strong><\/mark><\/strong><\/mark><\/strong> <\/mark><a href=\"http:\/\/8790639.cos58.fr\/wp-content\/uploads\/2025\/06\/COMPTE-RENDU-SAINT-PARIZE-LE-CHATEL.pdf\" target=\"_blank\" rel=\"noreferrer noopener\">Compte rendu \u00e0 consulter ici<\/a><\/strong><\/p>\n\n\n\n<figure class=\"wp-block-gallery has-nested-images columns-4 is-cropped wp-block-gallery-1 is-layout-flex wp-block-gallery-is-layout-flex\">\n<figure class=\"wp-block-image size-full\"><img loading=\"lazy\" decoding=\"async\" width=\"1000\" height=\"1333\" data-id=\"3681\" src=\"http:\/\/8790639.cos58.fr\/wp-content\/uploads\/2025\/06\/AG-2025-01.png\" alt=\"\" class=\"wp-image-3681\" srcset=\"http:\/\/8790639.cos58.fr\/wp-content\/uploads\/2025\/06\/AG-2025-01.png 1000w, http:\/\/8790639.cos58.fr\/wp-content\/uploads\/2025\/06\/AG-2025-01-225x300.png 225w, http:\/\/8790639.cos58.fr\/wp-content\/uploads\/2025\/06\/AG-2025-01-768x1024.png 768w\" sizes=\"auto, (max-width: 1000px) 100vw, 1000px\" \/><\/figure>\n\n\n\n<figure class=\"wp-block-image size-large\"><img loading=\"lazy\" decoding=\"async\" width=\"768\" height=\"1024\" data-id=\"3682\" src=\"http:\/\/8790639.cos58.fr\/wp-content\/uploads\/2025\/06\/AG-2025-02-768x1024.png\" alt=\"\" class=\"wp-image-3682\" srcset=\"http:\/\/8790639.cos58.fr\/wp-content\/uploads\/2025\/06\/AG-2025-02-768x1024.png 768w, http:\/\/8790639.cos58.fr\/wp-content\/uploads\/2025\/06\/AG-2025-02-225x300.png 225w, http:\/\/8790639.cos58.fr\/wp-content\/uploads\/2025\/06\/AG-2025-02.png 1000w\" sizes=\"auto, (max-width: 768px) 100vw, 768px\" \/><\/figure>\n\n\n\n<figure class=\"wp-block-image size-large\"><img loading=\"lazy\" decoding=\"async\" width=\"768\" height=\"1024\" data-id=\"3683\" src=\"http:\/\/8790639.cos58.fr\/wp-content\/uploads\/2025\/06\/AG-2025-03-768x1024.png\" alt=\"\" class=\"wp-image-3683\" srcset=\"http:\/\/8790639.cos58.fr\/wp-content\/uploads\/2025\/06\/AG-2025-03-768x1025.png 768w, http:\/\/8790639.cos58.fr\/wp-content\/uploads\/2025\/06\/AG-2025-03-225x300.png 225w, http:\/\/8790639.cos58.fr\/wp-content\/uploads\/2025\/06\/AG-2025-03.png 1000w\" sizes=\"auto, (max-width: 768px) 100vw, 768px\" \/><\/figure>\n<\/figure>\n\n\n\n<figure class=\"wp-block-image aligncenter size-large\"><img decoding=\"async\" src=\"http:\/\/8790639.cos58.fr\/wp-content\/uploads\/2022\/01\/MIL-BS_EV.gif\" alt=\"\"\/><\/figure>\n\n\n\n<p><\/p>\n\n\n\n<div class=\"wp-block-buttons is-horizontal is-content-justification-right is-layout-flex wp-container-core-buttons-is-layout-ae2fe186 wp-block-buttons-is-layout-flex\">\n<div class=\"wp-block-button has-custom-font-size\" style=\"font-size:10px\"><a class=\"wp-block-button__link wp-element-button\" href=\"#HAUT\">HAUT<\/a><\/div>\n<\/div>\n\n\n\n<p><\/p>\n\n\n\n<figure class=\"wp-block-image aligncenter size-large\"><img decoding=\"async\" src=\"http:\/\/8790639.cos58.fr\/wp-content\/uploads\/2022\/01\/MIL-HT_EV.gif\" alt=\"\"\/><\/figure>\n\n\n\n<h4 class=\"wp-block-heading has-text-align-center\" id=\"derniere-assemblee-generale-ordinaire-et-extraordinaire\"><strong><mark style=\"background-color:rgba(0, 0, 0, 0);color:#43a648\" class=\"has-inline-color\">Derni\u00e8res Assembl\u00e9es G\u00e9n\u00e9rales ordinaires et extraordinaires :<\/mark><\/strong><\/h4>\n\n\n\n<p><b>Samedi 23 Mars 2025 &#8211; 10h30 &#8211; <\/b><strong>Moux-en-Morvan<\/strong><br><strong><strong><strong><strong><strong><mark><strong><mark><strong><mark><strong><mark style=\"background-color:rgba(0, 0, 0, 0);color:#43a648\" class=\"has-inline-color\">><\/mark><\/strong><\/mark><\/strong><\/mark><\/strong> <\/mark><a href=\"http:\/\/cos58.fr\/STATUTS-2024_ST-HONORE-LES-BAINS.pdf\" target=\"_blank\" rel=\"noreferrer noopener\"><strong><a href=\"http:\/\/www.cos58.fr\/COS58_MEMBRES-DU-CA.pdf\" target=\"_blank\" rel=\"noreferrer noopener\">Le Conseil d\u2019Administration \u00e0 consulter ici<\/a><\/strong><\/a><\/strong><br><strong><mark><strong><mark><strong><mark><strong><mark style=\"background-color:rgba(0, 0, 0, 0);color:#43a648\" class=\"has-inline-color\">><\/mark><\/strong><\/mark><\/strong><\/mark><\/strong> <\/mark><a href=\"http:\/\/cos58.fr\/COS58_AG_CR_ST-HONORE.pdf\" target=\"_blank\" rel=\"noreferrer noopener\"><strong><a href=\"http:\/\/cos58.fr\/COMPTE%20RENDU%20AG%2023%20MARS%202024.pdf\" target=\"_blank\" rel=\"noreferrer noopener\">Compte rendu \u00e0 consulter ici<\/a><\/strong><\/a><\/strong><\/strong><\/strong><\/strong><\/strong><\/p>\n\n\n\n<h3 class=\"wp-block-heading has-text-align-center\"><mark style=\"background-color:rgba(0, 0, 0, 0);color:#43a648\" class=\"has-inline-color\">. . . . . . . . . . . . . . . . . . . . . . . . . . . . . .<\/mark><\/h3>\n\n\n\n<p><b>Samedi 19 Octobre 2024 &#8211; 10h30 &#8211; <\/b><strong style=\"font-weight: bold;\">Salle Simone RIGNAULT<\/strong><strong> de Saint Honor\u00e9 Les Bains<\/strong><br><strong><strong><strong><strong><strong><mark><strong><mark><strong><mark><strong><mark style=\"background-color:rgba(0, 0, 0, 0);color:#43a648\" class=\"has-inline-color\">&gt;<\/mark><\/strong><\/mark><\/strong><\/mark><\/strong> <\/mark><a href=\"http:\/\/cos58.fr\/STATUTS-2024_ST-HONORE-LES-BAINS.pdf\" target=\"_blank\" rel=\"noreferrer noopener\">Les Statuts de l&rsquo;Association \u00e0 consulter ici<\/a><\/strong><br><strong><mark><strong><mark><strong><mark><strong><mark style=\"background-color:rgba(0, 0, 0, 0);color:#43a648\" class=\"has-inline-color\">&gt;<\/mark><\/strong><\/mark><\/strong><\/mark><\/strong> <\/mark><a href=\"http:\/\/cos58.fr\/COS58_AG_CR_ST-HONORE.pdf\" target=\"_blank\" rel=\"noreferrer noopener\">Compte rendu \u00e0 consulter ici<\/a><\/strong><\/strong><\/strong><\/strong><\/strong><\/p>\n\n\n\n<h3 class=\"wp-block-heading has-text-align-center\"><mark style=\"background-color:rgba(0, 0, 0, 0);color:#43a648\" class=\"has-inline-color\">. . . . . . . . . . . . . . . . . . . . . . . . . . . . . .<\/mark><\/h3>\n\n\n\n<p><strong><strong><strong><strong><strong><strong>Samedi 23 Mars 2024 &#8211; 10h &#8211; <\/strong><\/strong>Salle des f\u00eates de Moux en Morvan<\/strong><\/strong><\/strong><\/strong><br><strong><mark><strong><mark><strong><mark><strong><mark style=\"background-color:rgba(0, 0, 0, 0);color:#43a648\" class=\"has-inline-color\">&gt;<\/mark><\/strong><\/mark><\/strong><\/mark><\/strong> <\/mark><a href=\"http:\/\/cos58.fr\/COMPTE RENDU AG 23 MARS 2024.pdf\" target=\"_blank\" rel=\"noreferrer noopener\">Compte rendu \u00e0 consulter ici<\/a><\/strong><\/p>\n\n\n\n<h3 class=\"wp-block-heading has-text-align-center\"><mark style=\"background-color:rgba(0, 0, 0, 0);color:#43a648\" class=\"has-inline-color\">. . . . . . . . . . . . . . . . . . . . . . . . . . . . . .<\/mark><\/h3>\n\n\n\n<p><strong><strong><strong>Samedi 1 Avril 2023 &#8211; 10h &#8211; Salle <strong><strong>polyvalente de Saint Sulpice<\/strong><\/strong><\/strong><\/strong><\/strong><br><strong><mark><strong><mark><strong><mark><strong><mark style=\"background-color:rgba(0, 0, 0, 0);color:#43a648\" class=\"has-inline-color\">&gt;<\/mark><\/strong><\/mark><\/strong><\/mark><\/strong> <\/mark><a href=\"http:\/\/cos58.fr\/COMPTE%20RENDU%20AG%201ER042023.pdf\" target=\"_blank\" rel=\"noreferrer noopener\">Compte rendu \u00e0 consulter ici<\/a><\/strong><\/p>\n\n\n\n<h3 class=\"wp-block-heading has-text-align-center\"><mark style=\"background-color:rgba(0, 0, 0, 0);color:#43a648\" class=\"has-inline-color\">. . . . . . . . . . . . . . . . . . . . . . . . . . . . . .<\/mark><\/h3>\n\n\n\n<p><strong><strong><strong>Samedi 2 Avril 2022 &#8211; 10h &#8211; Salle des f\u00eates de<\/strong> <strong>Chaumot<\/strong><\/strong><\/strong><br><strong><mark><strong><mark style=\"background-color:rgba(0, 0, 0, 0);color:#43a648\" class=\"has-inline-color\">&gt;<\/mark><\/strong> <\/mark><a rel=\"noreferrer noopener\" href=\"http:\/\/www.cos58.fr\/CR-AG-CHAUMOT_22-04.pdf\" target=\"_blank\">Compte rendu \u00e0 consulter ici<\/a><\/strong><\/p>\n\n\n\n<h3 class=\"wp-block-heading has-text-align-center\"><mark style=\"background-color:rgba(0, 0, 0, 0);color:#43a648\" class=\"has-inline-color\">. . . . . . . . . . . . . . . . . . . . . . . . . . . . . .<\/mark><\/h3>\n\n\n\n<p><strong>Samedi 25 Septembre 2021 &#8211; 10h &#8211; Salle des f\u00eates de Saint Seine. <\/strong><br><strong><mark style=\"background-color:rgba(0, 0, 0, 0);color:#43a648\" class=\"has-inline-color\">&gt; <\/mark><a href=\"http:\/\/cos58.fr\/COMPTE-RENDU-AG_25-09-2021.pdf\" target=\"_blank\" rel=\"noreferrer noopener\">Compte rendu \u00e0 consulter ici<\/a><\/strong><\/p>\n\n\n\n<figure class=\"wp-block-image aligncenter size-large\"><img decoding=\"async\" src=\"http:\/\/8790639.cos58.fr\/wp-content\/uploads\/2022\/01\/MIL-BS_EV.gif\" alt=\"\"\/><\/figure>\n\n\n\n<div class=\"wp-block-buttons is-horizontal is-content-justification-right is-layout-flex wp-container-core-buttons-is-layout-ae2fe186 wp-block-buttons-is-layout-flex\">\n<div class=\"wp-block-button has-custom-font-size\" style=\"font-size:10px\"><a class=\"wp-block-button__link wp-element-button\" href=\"#HAUT\">HAUT<\/a><\/div>\n<\/div>\n\n\n\n<p><\/p>\n\n\n\n<figure class=\"wp-block-image aligncenter size-large\"><img decoding=\"async\" src=\"http:\/\/8790639.cos58.fr\/wp-content\/uploads\/2022\/01\/MIL-HT_EV.gif\" alt=\"\"\/><\/figure>\n\n\n\n<h4 class=\"wp-block-heading has-text-align-center\" id=\"prochaine-assemblee-generale\"><strong><mark style=\"background-color:rgba(0, 0, 0, 0);color:#43a648\" class=\"has-inline-color\">Carrefour des Collectivit\u00e9s Territoriales de la Ni\u00e8vre<\/mark><\/strong> <\/h4>\n\n\n\n<p>Le Comit\u00e9 des \u0152uvres Sociales \u00e9tait pr\u00e9sent lors du Carrefour des Collectivit\u00e9s Territoriales de la Ni\u00e8vre qui s&rsquo;est tenu \u00e0 la Ferme du MARAULT, vendredi 1er D\u00e9cembre 2023.<br>Cela nous a permis de rencontrer les Elus des Communes adh\u00e9rentes et non adh\u00e9rentes.<br>Nous avons pu ainsi pr\u00e9senter nos actions et prendre contacts pour le d\u00e9but de l&rsquo;Ann\u00e9e 2024 avec certaines collectivit\u00e9s non adh\u00e9rentes.<\/p>\n\n\n\n<figure class=\"wp-block-gallery has-nested-images columns-default is-cropped wp-block-gallery-2 is-layout-flex wp-block-gallery-is-layout-flex\">\n<figure class=\"wp-block-image size-large\"><img loading=\"lazy\" decoding=\"async\" width=\"524\" height=\"699\" data-id=\"3117\" src=\"http:\/\/8790639.cos58.fr\/wp-content\/uploads\/2024\/06\/SALON-01-1.jpg\" alt=\"\" class=\"wp-image-3117\" srcset=\"http:\/\/8790639.cos58.fr\/wp-content\/uploads\/2024\/06\/SALON-01-1.jpg 524w, http:\/\/8790639.cos58.fr\/wp-content\/uploads\/2024\/06\/SALON-01-1-225x300.jpg 225w\" sizes=\"auto, (max-width: 524px) 100vw, 524px\" \/><\/figure>\n\n\n\n<figure class=\"wp-block-image size-large\"><img loading=\"lazy\" decoding=\"async\" width=\"524\" height=\"699\" data-id=\"3119\" src=\"http:\/\/8790639.cos58.fr\/wp-content\/uploads\/2024\/06\/SALON-02-1.jpg\" alt=\"\" class=\"wp-image-3119\" srcset=\"http:\/\/8790639.cos58.fr\/wp-content\/uploads\/2024\/06\/SALON-02-1.jpg 524w, http:\/\/8790639.cos58.fr\/wp-content\/uploads\/2024\/06\/SALON-02-1-225x300.jpg 225w\" sizes=\"auto, (max-width: 524px) 100vw, 524px\" \/><\/figure>\n\n\n\n<figure class=\"wp-block-image size-large\"><img loading=\"lazy\" decoding=\"async\" width=\"524\" height=\"699\" data-id=\"3118\" src=\"http:\/\/8790639.cos58.fr\/wp-content\/uploads\/2024\/06\/SALON-03-1.jpg\" alt=\"\" class=\"wp-image-3118\" srcset=\"http:\/\/8790639.cos58.fr\/wp-content\/uploads\/2024\/06\/SALON-03-1.jpg 524w, http:\/\/8790639.cos58.fr\/wp-content\/uploads\/2024\/06\/SALON-03-1-225x300.jpg 225w\" sizes=\"auto, (max-width: 524px) 100vw, 524px\" \/><\/figure>\n<\/figure>\n\n\n\n<div class=\"wp-block-buttons is-horizontal is-content-justification-right is-layout-flex wp-container-core-buttons-is-layout-ae2fe186 wp-block-buttons-is-layout-flex\">\n<div class=\"wp-block-button has-custom-font-size\" style=\"font-size:10px\"><a class=\"wp-block-button__link wp-element-button\" href=\"#HAUT\">HAUT<\/a><\/div>\n<\/div>\n\n\n\n<p><br><span class=\"has-inline-color has-ast-global-color-5-color\">&#8211;<\/span><\/p>\n","protected":false},"excerpt":{"rendered":"<p>Nos Ev\u00e9nements Prochaine Assembl\u00e9e G\u00e9n\u00e9rale Ordinaire et Extraordinaire : Infos \u00e0 venir &#8230; Retour sur l&rsquo;Assembl\u00e9e G\u00e9n\u00e9rale Ordinaire et Extraordinaire du samedi 29 Mars 2025 \u00e0 SAINT PARIZE LE CH\u00c2TEL Notre Assembl\u00e9e G\u00e9n\u00e9rale Assembl\u00e9e G\u00e9n\u00e9rale Ordinaire et Extraordinaire s&rsquo;est tenue cette ann\u00e9e \u00e0 la Mairie de Saint Parize le Ch\u00e2tel.Nous avons proc\u00e9d\u00e9 \u00e0 l&rsquo;\u00e9lection d\u2019un &hellip;<\/p>\n<p class=\"read-more\"> <a class=\"\" href=\"http:\/\/8790639.cos58.fr\/?page_id=321\"> <span class=\"screen-reader-text\">Ev\u00e9nements<\/span> Lire la suite\u00a0\u00bb<\/a><\/p>\n","protected":false},"author":1,"featured_media":0,"parent":0,"menu_order":0,"comment_status":"closed","ping_status":"closed","template":"","meta":{"site-sidebar-layout":"default","site-content-layout":"default","ast-main-header-display":"","ast-hfb-above-header-display":"","ast-hfb-below-header-display":"","ast-hfb-mobile-header-display":"","site-post-title":"disabled","ast-breadcrumbs-content":"","ast-featured-img":"","footer-sml-layout":"","theme-transparent-header-meta":"","adv-header-id-meta":"","stick-header-meta":"","header-above-stick-meta":"","header-main-stick-meta":"","header-below-stick-meta":"","footnotes":""},"class_list":["post-321","page","type-page","status-publish","hentry"],"_links":{"self":[{"href":"http:\/\/8790639.cos58.fr\/index.php?rest_route=\/wp\/v2\/pages\/321","targetHints":{"allow":["GET"]}}],"collection":[{"href":"http:\/\/8790639.cos58.fr\/index.php?rest_route=\/wp\/v2\/pages"}],"about":[{"href":"http:\/\/8790639.cos58.fr\/index.php?rest_route=\/wp\/v2\/types\/page"}],"author":[{"embeddable":true,"href":"http:\/\/8790639.cos58.fr\/index.php?rest_route=\/wp\/v2\/users\/1"}],"replies":[{"embeddable":true,"href":"http:\/\/8790639.cos58.fr\/index.php?rest_route=%2Fwp%2Fv2%2Fcomments&post=321"}],"version-history":[{"count":134,"href":"http:\/\/8790639.cos58.fr\/index.php?rest_route=\/wp\/v2\/pages\/321\/revisions"}],"predecessor-version":[{"id":3684,"href":"http:\/\/8790639.cos58.fr\/index.php?rest_route=\/wp\/v2\/pages\/321\/revisions\/3684"}],"wp:attachment":[{"href":"http:\/\/8790639.cos58.fr\/index.php?rest_route=%2Fwp%2Fv2%2Fmedia&parent=321"}],"curies":[{"name":"wp","href":"https:\/\/api.w.org\/{rel}","templated":true}]}}