{"id":297,"date":"2022-01-21T10:26:12","date_gmt":"2022-01-21T09:26:12","guid":{"rendered":"http:\/\/8790639.cos58.fr\/?page_id=297"},"modified":"2026-04-01T12:34:20","modified_gmt":"2026-04-01T10:34:20","slug":"voyages","status":"publish","type":"page","link":"http:\/\/8790639.cos58.fr\/?page_id=297","title":{"rendered":"Voyages"},"content":{"rendered":"\n<figure class=\"wp-block-image aligncenter size-full\" id=\"HAUT\"><a href=\"http:\/\/8790639.cos58.fr\/\"><img loading=\"lazy\" decoding=\"async\" width=\"1200\" height=\"208\" src=\"http:\/\/8790639.cos58.fr\/wp-content\/uploads\/2023\/08\/HEADER_VOYAGES.gif\" alt=\"\" class=\"wp-image-2536\"\/><\/a><\/figure>\n\n\n\n<div class=\"wp-block-buttons is-horizontal is-content-justification-center is-layout-flex wp-container-core-buttons-is-layout-499968f5 wp-block-buttons-is-layout-flex\">\n<div class=\"wp-block-button is-style-fill\"><a class=\"wp-block-button__link has-ast-global-color-8-color has-text-color has-background wp-element-button\" href=\"http:\/\/8790639.cos58.fr\/\" style=\"border-radius:3px;background-color:#b0418f\">Accueil<\/a><\/div>\n\n\n\n<div class=\"wp-block-button is-style-fill\"><a class=\"wp-block-button__link has-ast-global-color-8-color has-ast-global-color-5-background-color has-text-color has-background wp-element-button\" href=\"http:\/\/8790639.cos58.fr\/?page_id=297\" style=\"border-radius:3px\">Voyages<\/a><\/div>\n\n\n\n<div class=\"wp-block-button is-style-fill\"><a class=\"wp-block-button__link has-ast-global-color-8-color has-text-color has-background wp-element-button\" href=\"http:\/\/8790639.cos58.fr\/?page_id=303\" style=\"border-radius:3px;background-color:#e10d7b\">Vacances<\/a><\/div>\n\n\n\n<div class=\"wp-block-button is-style-fill\"><a class=\"wp-block-button__link has-ast-global-color-8-color has-text-color has-background wp-element-button\" href=\"http:\/\/8790639.cos58.fr\/?page_id=308\" style=\"border-radius:3px;background-color:#74c6cd\">No\u00ebl<\/a><\/div>\n\n\n\n<div class=\"wp-block-button is-style-fill\"><a class=\"wp-block-button__link has-ast-global-color-8-color has-text-color has-background wp-element-button\" href=\"http:\/\/8790639.cos58.fr\/?page_id=2\" style=\"border-radius:3px;background-color:#febf10\">Culture &amp; Loisirs<\/a><\/div>\n\n\n\n<div class=\"wp-block-button\"><a class=\"wp-block-button__link has-ast-global-color-8-color has-text-color has-background wp-element-button\" href=\"http:\/\/8790639.cos58.fr\/?page_id=312\" style=\"border-radius:3px;background-color:#93c83e\">Partenaires<\/a><\/div>\n\n\n\n<div class=\"wp-block-button\"><a class=\"wp-block-button__link has-ast-global-color-8-color has-text-color has-background wp-element-button\" href=\"http:\/\/8790639.cos58.fr\/?page_id=315\" style=\"border-radius:3px;background-color:#f1a8be\">Promos<\/a><\/div>\n\n\n\n<div class=\"wp-block-button\"><a class=\"wp-block-button__link has-ast-global-color-8-color has-text-color has-background wp-element-button\" href=\"http:\/\/8790639.cos58.fr\/?page_id=1984\" style=\"border-radius:3px;background-color:#ec4343\">COS Le R\u00e9seau<\/a><\/div>\n\n\n\n<div class=\"wp-block-button\"><a class=\"wp-block-button__link has-ast-global-color-8-color has-text-color has-background wp-element-button\" href=\"http:\/\/8790639.cos58.fr\/?page_id=318\" style=\"border-radius:3px;background-color:#0098a0\">Prestations Sociales<\/a><\/div>\n\n\n\n<div class=\"wp-block-button is-style-fill\"><a class=\"wp-block-button__link has-ast-global-color-8-color has-text-color has-background wp-element-button\" href=\"http:\/\/8790639.cos58.fr\/?page_id=321\" style=\"border-radius:3px;background-color:#43a648\"><mark style=\"background-color:rgba(0, 0, 0, 0);color:#43a648\" class=\"has-inline-color\">.<\/mark>A.G.<\/a><\/div>\n\n\n\n<div class=\"wp-block-button is-style-fill\"><a class=\"wp-block-button__link has-ast-global-color-8-color has-text-color has-background wp-element-button\" href=\"http:\/\/8790639.cos58.fr\/?page_id=324\" style=\"border-radius:3px;background-color:#8cc9b7\">Retrait\u00e9s et Elus<\/a><\/div>\n<\/div>\n\n\n\n<p><br><\/p>\n\n\n\n<div class=\"wp-block-media-text alignwide is-vertically-aligned-center\" style=\"grid-template-columns:67% auto\"><figure class=\"wp-block-media-text__media\"><img loading=\"lazy\" decoding=\"async\" width=\"850\" height=\"36\" src=\"http:\/\/8790639.cos58.fr\/wp-content\/uploads\/2022\/01\/ANIM-voyager.gif\" alt=\"\" class=\"wp-image-498 size-full\"\/><\/figure><div class=\"wp-block-media-text__content\">\n<h3 class=\"wp-block-heading has-text-align-right has-text-color\" id=\"voyagez-avec-le-cos-58\" style=\"color:#c4d024\"><strong>Voyagez<\/strong><em> avec le COS 58<\/em><\/h3>\n<\/div><\/div>\n\n\n\n<p class=\"has-ast-global-color-5-color has-text-color has-background\" style=\"background-color:#c4d024\"><strong>Pour voyager avec le COS 58, vous devez imp\u00e9rativement respecter<\/strong> <a rel=\"noreferrer noopener\" href=\"http:\/\/www.cos58.fr\/REGLEMENTATION%20POUR%20LES%20VOYAGES.pdf\" target=\"_blank\"><strong><strong>le r\u00e8glement, \u00e0 lire<\/strong> ici<\/strong><\/a> !<\/p>\n\n\n\n<div class=\"wp-block-buttons is-content-justification-right is-layout-flex wp-container-core-buttons-is-layout-765c4724 wp-block-buttons-is-layout-flex\">\n<div class=\"wp-block-button\"><a class=\"wp-block-button__link wp-element-button\" href=\"#COMING\">Nos prochains voyages programm\u00e9s<\/a><\/div>\n\n\n\n<div class=\"wp-block-button\"><a class=\"wp-block-button__link has-text-align-right wp-element-button\" href=\"#DONE\">Retour en images sur les derniers voyages<\/a><\/div>\n<\/div>\n\n\n\n<p id=\"COMING\"><mark style=\"background-color:rgba(0, 0, 0, 0)\" class=\"has-inline-color has-ast-global-color-5-color\">&#8211;<\/mark><\/p>\n\n\n\n<h4 class=\"wp-block-heading\"><strong>Voyages programm\u00e9s<\/strong><\/h4>\n\n\n\n<figure class=\"wp-block-image aligncenter size-large\"><img decoding=\"async\" src=\"http:\/\/8790639.cos58.fr\/wp-content\/uploads\/2022\/01\/MIL-HT_VOY.gif\" alt=\"\"\/><\/figure>\n\n\n\n<p><mark style=\"background-color:rgba(0, 0, 0, 0)\" class=\"has-inline-color has-ast-global-color-5-color\">&#8211;<\/mark><\/p>\n\n\n\n<div class=\"wp-block-media-text alignwide is-stacked-on-mobile is-vertically-aligned-center\"><figure class=\"wp-block-media-text__media\"><img loading=\"lazy\" decoding=\"async\" width=\"600\" height=\"484\" src=\"http:\/\/8790639.cos58.fr\/wp-content\/uploads\/2025\/05\/oleron.png\" alt=\"\" class=\"wp-image-3630 size-full\" srcset=\"http:\/\/8790639.cos58.fr\/wp-content\/uploads\/2025\/05\/oleron.png 600w, http:\/\/8790639.cos58.fr\/wp-content\/uploads\/2025\/05\/oleron-300x242.png 300w\" sizes=\"auto, (max-width: 600px) 100vw, 600px\" \/><\/figure><div class=\"wp-block-media-text__content\">\n<h3 class=\"wp-block-heading\"><strong><mark style=\"background-color: rgba(0, 0, 0, 0);\" class=\"has-inline-color\"><font color=\"#c4d024\" style=\"\"><b>VOYAGE<\/b><\/font><\/mark><mark style=\"\" class=\"has-inline-color\"><font color=\"#c4d024\" style=\"\"> <b style=\"\"><\/b><\/font><\/mark><strong><mark style=\"background-color:rgba(0, 0, 0, 0);color:#c4d024\" class=\"has-inline-color\">\u00c0 L&rsquo;ILE D&rsquo;OL\u00c9RON<\/mark><\/strong><\/strong><br><strong><em><mark style=\"background-color:rgba(0, 0, 0, 0);color:#c4d024\" class=\"has-inline-color\">Village Club Azureva<\/mark><\/em><\/strong><\/h3>\n\n\n\n<h5 class=\"wp-block-heading\"><strong>DU JEUDI 14 AU DIMANCHE 17 MAI 2026<\/strong><\/h5>\n\n\n\n<p>Nous serons log\u00e9s au Village Club Azureva, situ\u00e9 \u00e0 Grand Village Plage, sur un site calme \u00e0 2,8km de la plage. Lors de ce s\u00e9jour nous visiterons le phare de Chassiron, le ch\u00e2teau d&rsquo;Ol\u00e9ron et port de p\u00eache de La Cotini\u00e8re.<\/p>\n\n\n\n<p><mark style=\"background-color:#c4d024\" class=\"has-inline-color\"><strong>INSCRIPTIONS FERM\u00c9<\/strong><\/mark><mark style=\"background-color:#c4d024\" class=\"has-inline-color\"><strong>ES<\/strong> <\/mark><\/p>\n<\/div><\/div>\n\n\n\n<p><mark style=\"background-color:rgba(0, 0, 0, 0)\" class=\"has-inline-color has-ast-global-color-5-color\">&#8211;<\/mark><\/p>\n\n\n\n<figure class=\"wp-block-image aligncenter size-large\"><img decoding=\"async\" src=\"http:\/\/8790639.cos58.fr\/wp-content\/uploads\/2022\/01\/MIL-BS_VOY.gif\" alt=\"\"\/><\/figure>\n\n\n\n<p><mark style=\"background-color:rgba(0, 0, 0, 0)\" class=\"has-inline-color has-ast-global-color-5-color\">&#8211;<\/mark><\/p>\n\n\n\n<div class=\"wp-block-buttons is-content-justification-right is-layout-flex wp-container-core-buttons-is-layout-765c4724 wp-block-buttons-is-layout-flex\">\n<div class=\"wp-block-button alignright has-custom-font-size\" style=\"font-size:10px\"><a class=\"wp-block-button__link\" href=\"#HAUT\"><strong>HAUT<\/strong><\/a><\/div>\n<\/div>\n\n\n\n<p><mark style=\"background-color:rgba(0, 0, 0, 0)\" class=\"has-inline-color has-ast-global-color-5-color\">&#8211;<\/mark><\/p>\n\n\n\n<h4 class=\"wp-block-heading\"><strong>Retour en images sur les derniers voyages :<\/strong><\/h4>\n\n\n\n<figure class=\"wp-block-image aligncenter size-large\" id=\"DONE\"><img decoding=\"async\" src=\"http:\/\/8790639.cos58.fr\/wp-content\/uploads\/2022\/01\/MIL-HT_VOY.gif\" alt=\"\"\/><\/figure>\n\n\n\n<p><mark style=\"background-color:rgba(0, 0, 0, 0)\" class=\"has-inline-color has-ast-global-color-5-color\">&#8211;<\/mark><\/p>\n\n\n\n<figure class=\"wp-block-gallery has-nested-images columns-4 is-cropped wp-block-gallery-1 is-layout-flex wp-block-gallery-is-layout-flex\">\n<figure class=\"wp-block-image size-large\"><img loading=\"lazy\" decoding=\"async\" width=\"420\" height=\"560\" data-id=\"3864\" src=\"http:\/\/8790639.cos58.fr\/wp-content\/uploads\/2025\/12\/BODINS-1.png\" alt=\"\" class=\"wp-image-3864\" srcset=\"http:\/\/8790639.cos58.fr\/wp-content\/uploads\/2025\/12\/BODINS-1.png 420w, http:\/\/8790639.cos58.fr\/wp-content\/uploads\/2025\/12\/BODINS-1-225x300.png 225w\" sizes=\"auto, (max-width: 420px) 100vw, 420px\" \/><\/figure>\n\n\n\n<figure class=\"wp-block-image size-large\"><img loading=\"lazy\" decoding=\"async\" width=\"420\" height=\"560\" data-id=\"3865\" src=\"http:\/\/8790639.cos58.fr\/wp-content\/uploads\/2025\/12\/BODINS-2.png\" alt=\"\" class=\"wp-image-3865\" srcset=\"http:\/\/8790639.cos58.fr\/wp-content\/uploads\/2025\/12\/BODINS-2.png 420w, http:\/\/8790639.cos58.fr\/wp-content\/uploads\/2025\/12\/BODINS-2-225x300.png 225w\" sizes=\"auto, (max-width: 420px) 100vw, 420px\" \/><\/figure>\n\n\n\n<figure class=\"wp-block-image size-large\"><img loading=\"lazy\" decoding=\"async\" width=\"420\" height=\"560\" data-id=\"3866\" src=\"http:\/\/8790639.cos58.fr\/wp-content\/uploads\/2025\/12\/BODINS-3.png\" alt=\"\" class=\"wp-image-3866\" srcset=\"http:\/\/8790639.cos58.fr\/wp-content\/uploads\/2025\/12\/BODINS-3.png 420w, http:\/\/8790639.cos58.fr\/wp-content\/uploads\/2025\/12\/BODINS-3-225x300.png 225w\" sizes=\"auto, (max-width: 420px) 100vw, 420px\" \/><\/figure>\n\n\n\n<figure class=\"wp-block-image size-large\"><img loading=\"lazy\" decoding=\"async\" width=\"420\" height=\"560\" data-id=\"3867\" src=\"http:\/\/8790639.cos58.fr\/wp-content\/uploads\/2025\/12\/BODINS-4.png\" alt=\"\" class=\"wp-image-3867\" srcset=\"http:\/\/8790639.cos58.fr\/wp-content\/uploads\/2025\/12\/BODINS-4.png 420w, http:\/\/8790639.cos58.fr\/wp-content\/uploads\/2025\/12\/BODINS-4-225x300.png 225w\" sizes=\"auto, (max-width: 420px) 100vw, 420px\" \/><\/figure>\n<\/figure>\n\n\n\n<hr class=\"wp-block-separator aligncenter has-alpha-channel-opacity is-style-dots\"\/>\n\n\n\n<figure class=\"wp-block-gallery has-nested-images columns-4 is-cropped wp-block-gallery-2 is-layout-flex wp-block-gallery-is-layout-flex\">\n<figure class=\"wp-block-image size-large\"><img loading=\"lazy\" decoding=\"async\" width=\"420\" height=\"560\" data-id=\"2973\" src=\"http:\/\/8790639.cos58.fr\/wp-content\/uploads\/2024\/06\/RLB_01-2.png\" alt=\"\" class=\"wp-image-2973\" srcset=\"http:\/\/8790639.cos58.fr\/wp-content\/uploads\/2024\/06\/RLB_01-2.png 420w, http:\/\/8790639.cos58.fr\/wp-content\/uploads\/2024\/06\/RLB_01-2-225x300.png 225w\" sizes=\"auto, (max-width: 420px) 100vw, 420px\" \/><\/figure>\n\n\n\n<figure class=\"wp-block-image size-large\"><img loading=\"lazy\" decoding=\"async\" width=\"768\" height=\"1024\" data-id=\"2976\" src=\"http:\/\/8790639.cos58.fr\/wp-content\/uploads\/2024\/06\/RLB_02-1-768x1024.jpg\" alt=\"\" class=\"wp-image-2976\" srcset=\"http:\/\/8790639.cos58.fr\/wp-content\/uploads\/2024\/06\/RLB_02-1-768x1024.jpg 768w, http:\/\/8790639.cos58.fr\/wp-content\/uploads\/2024\/06\/RLB_02-1-225x300.jpg 225w, http:\/\/8790639.cos58.fr\/wp-content\/uploads\/2024\/06\/RLB_02-1.jpg 1000w\" sizes=\"auto, (max-width: 768px) 100vw, 768px\" \/><\/figure>\n\n\n\n<figure class=\"wp-block-image size-large\"><img loading=\"lazy\" decoding=\"async\" width=\"768\" height=\"1024\" data-id=\"2978\" src=\"http:\/\/8790639.cos58.fr\/wp-content\/uploads\/2024\/06\/RLB_03-2-768x1024.jpg\" alt=\"\" class=\"wp-image-2978\" srcset=\"http:\/\/8790639.cos58.fr\/wp-content\/uploads\/2024\/06\/RLB_03-2-768x1024.jpg 768w, http:\/\/8790639.cos58.fr\/wp-content\/uploads\/2024\/06\/RLB_03-2-225x300.jpg 225w, http:\/\/8790639.cos58.fr\/wp-content\/uploads\/2024\/06\/RLB_03-2.jpg 1000w\" sizes=\"auto, (max-width: 768px) 100vw, 768px\" \/><\/figure>\n\n\n\n<figure class=\"wp-block-image size-large\"><img loading=\"lazy\" decoding=\"async\" width=\"768\" height=\"1024\" data-id=\"2975\" src=\"http:\/\/8790639.cos58.fr\/wp-content\/uploads\/2024\/06\/RLB_04-2-768x1024.jpg\" alt=\"\" class=\"wp-image-2975\" srcset=\"http:\/\/8790639.cos58.fr\/wp-content\/uploads\/2024\/06\/RLB_04-2-768x1024.jpg 768w, http:\/\/8790639.cos58.fr\/wp-content\/uploads\/2024\/06\/RLB_04-2-225x300.jpg 225w, http:\/\/8790639.cos58.fr\/wp-content\/uploads\/2024\/06\/RLB_04-2.jpg 1000w\" sizes=\"auto, (max-width: 768px) 100vw, 768px\" \/><\/figure>\n\n\n\n<figure class=\"wp-block-image size-large\"><img loading=\"lazy\" decoding=\"async\" width=\"768\" height=\"1024\" data-id=\"2974\" src=\"http:\/\/8790639.cos58.fr\/wp-content\/uploads\/2024\/06\/RLB_05-2-768x1024.jpg\" alt=\"\" class=\"wp-image-2974\" srcset=\"http:\/\/8790639.cos58.fr\/wp-content\/uploads\/2024\/06\/RLB_05-2-768x1024.jpg 768w, http:\/\/8790639.cos58.fr\/wp-content\/uploads\/2024\/06\/RLB_05-2-225x300.jpg 225w, http:\/\/8790639.cos58.fr\/wp-content\/uploads\/2024\/06\/RLB_05-2.jpg 1000w\" sizes=\"auto, (max-width: 768px) 100vw, 768px\" \/><\/figure>\n\n\n\n<figure class=\"wp-block-image size-large\"><img loading=\"lazy\" decoding=\"async\" width=\"768\" height=\"1024\" data-id=\"2979\" src=\"http:\/\/8790639.cos58.fr\/wp-content\/uploads\/2024\/06\/RLB_06-2-768x1024.jpg\" alt=\"\" class=\"wp-image-2979\" srcset=\"http:\/\/8790639.cos58.fr\/wp-content\/uploads\/2024\/06\/RLB_06-2-768x1024.jpg 768w, http:\/\/8790639.cos58.fr\/wp-content\/uploads\/2024\/06\/RLB_06-2-225x300.jpg 225w, http:\/\/8790639.cos58.fr\/wp-content\/uploads\/2024\/06\/RLB_06-2.jpg 1000w\" sizes=\"auto, (max-width: 768px) 100vw, 768px\" \/><\/figure>\n\n\n\n<figure class=\"wp-block-image size-large\"><img loading=\"lazy\" decoding=\"async\" width=\"768\" height=\"1024\" data-id=\"2977\" src=\"http:\/\/8790639.cos58.fr\/wp-content\/uploads\/2024\/06\/RLB_07-2-768x1024.jpg\" alt=\"\" class=\"wp-image-2977\" srcset=\"http:\/\/8790639.cos58.fr\/wp-content\/uploads\/2024\/06\/RLB_07-2-768x1024.jpg 768w, http:\/\/8790639.cos58.fr\/wp-content\/uploads\/2024\/06\/RLB_07-2-225x300.jpg 225w, http:\/\/8790639.cos58.fr\/wp-content\/uploads\/2024\/06\/RLB_07-2.jpg 1000w\" sizes=\"auto, (max-width: 768px) 100vw, 768px\" \/><\/figure>\n\n\n\n<figure class=\"wp-block-image size-large\"><img loading=\"lazy\" decoding=\"async\" width=\"768\" height=\"1024\" data-id=\"2980\" src=\"http:\/\/8790639.cos58.fr\/wp-content\/uploads\/2024\/06\/RLB_08-2-768x1024.jpg\" alt=\"\" class=\"wp-image-2980\" srcset=\"http:\/\/8790639.cos58.fr\/wp-content\/uploads\/2024\/06\/RLB_08-2-768x1024.jpg 768w, http:\/\/8790639.cos58.fr\/wp-content\/uploads\/2024\/06\/RLB_08-2-225x300.jpg 225w, http:\/\/8790639.cos58.fr\/wp-content\/uploads\/2024\/06\/RLB_08-2.jpg 1000w\" sizes=\"auto, (max-width: 768px) 100vw, 768px\" \/><\/figure>\n\n\n\n<figure class=\"wp-block-image size-large\"><img loading=\"lazy\" decoding=\"async\" width=\"768\" height=\"1024\" data-id=\"2981\" src=\"http:\/\/8790639.cos58.fr\/wp-content\/uploads\/2024\/06\/RLB_09-2-768x1024.jpg\" alt=\"\" class=\"wp-image-2981\" srcset=\"http:\/\/8790639.cos58.fr\/wp-content\/uploads\/2024\/06\/RLB_09-2-768x1024.jpg 768w, http:\/\/8790639.cos58.fr\/wp-content\/uploads\/2024\/06\/RLB_09-2-225x300.jpg 225w, http:\/\/8790639.cos58.fr\/wp-content\/uploads\/2024\/06\/RLB_09-2.jpg 1000w\" sizes=\"auto, (max-width: 768px) 100vw, 768px\" \/><\/figure>\n\n\n\n<figure class=\"wp-block-image size-large\"><img loading=\"lazy\" decoding=\"async\" width=\"768\" height=\"1024\" data-id=\"2982\" src=\"http:\/\/8790639.cos58.fr\/wp-content\/uploads\/2024\/06\/RLB_10-1-768x1024.jpg\" alt=\"\" class=\"wp-image-2982\" srcset=\"http:\/\/8790639.cos58.fr\/wp-content\/uploads\/2024\/06\/RLB_10-1-768x1024.jpg 768w, http:\/\/8790639.cos58.fr\/wp-content\/uploads\/2024\/06\/RLB_10-1-225x300.jpg 225w, http:\/\/8790639.cos58.fr\/wp-content\/uploads\/2024\/06\/RLB_10-1.jpg 1000w\" sizes=\"auto, (max-width: 768px) 100vw, 768px\" \/><\/figure>\n\n\n\n<figure class=\"wp-block-image size-large\"><img loading=\"lazy\" decoding=\"async\" width=\"768\" height=\"1024\" data-id=\"2983\" src=\"http:\/\/8790639.cos58.fr\/wp-content\/uploads\/2024\/06\/RLB_11-1-768x1024.jpg\" alt=\"\" class=\"wp-image-2983\" srcset=\"http:\/\/8790639.cos58.fr\/wp-content\/uploads\/2024\/06\/RLB_11-1-768x1024.jpg 768w, http:\/\/8790639.cos58.fr\/wp-content\/uploads\/2024\/06\/RLB_11-1-225x300.jpg 225w, http:\/\/8790639.cos58.fr\/wp-content\/uploads\/2024\/06\/RLB_11-1.jpg 1000w\" sizes=\"auto, (max-width: 768px) 100vw, 768px\" \/><\/figure>\n\n\n\n<figure class=\"wp-block-image size-large\"><img loading=\"lazy\" decoding=\"async\" width=\"768\" height=\"1024\" data-id=\"2985\" src=\"http:\/\/8790639.cos58.fr\/wp-content\/uploads\/2024\/06\/RLB_12-2-768x1024.jpg\" alt=\"\" class=\"wp-image-2985\" srcset=\"http:\/\/8790639.cos58.fr\/wp-content\/uploads\/2024\/06\/RLB_12-2-768x1024.jpg 768w, http:\/\/8790639.cos58.fr\/wp-content\/uploads\/2024\/06\/RLB_12-2-225x300.jpg 225w, http:\/\/8790639.cos58.fr\/wp-content\/uploads\/2024\/06\/RLB_12-2.jpg 1000w\" sizes=\"auto, (max-width: 768px) 100vw, 768px\" \/><\/figure>\n\n\n\n<figure class=\"wp-block-image size-large\"><img loading=\"lazy\" decoding=\"async\" width=\"768\" height=\"1024\" data-id=\"2984\" src=\"http:\/\/8790639.cos58.fr\/wp-content\/uploads\/2024\/06\/RLB_13-2-768x1024.jpg\" alt=\"\" class=\"wp-image-2984\" srcset=\"http:\/\/8790639.cos58.fr\/wp-content\/uploads\/2024\/06\/RLB_13-2-768x1024.jpg 768w, http:\/\/8790639.cos58.fr\/wp-content\/uploads\/2024\/06\/RLB_13-2-225x300.jpg 225w, http:\/\/8790639.cos58.fr\/wp-content\/uploads\/2024\/06\/RLB_13-2.jpg 1000w\" sizes=\"auto, (max-width: 768px) 100vw, 768px\" \/><\/figure>\n\n\n\n<figure class=\"wp-block-image size-large\"><img loading=\"lazy\" decoding=\"async\" width=\"768\" height=\"1024\" data-id=\"2987\" src=\"http:\/\/8790639.cos58.fr\/wp-content\/uploads\/2024\/06\/RLB_14-2-768x1024.jpg\" alt=\"\" class=\"wp-image-2987\" srcset=\"http:\/\/8790639.cos58.fr\/wp-content\/uploads\/2024\/06\/RLB_14-2-768x1024.jpg 768w, http:\/\/8790639.cos58.fr\/wp-content\/uploads\/2024\/06\/RLB_14-2-225x300.jpg 225w, http:\/\/8790639.cos58.fr\/wp-content\/uploads\/2024\/06\/RLB_14-2.jpg 1000w\" sizes=\"auto, (max-width: 768px) 100vw, 768px\" \/><\/figure>\n\n\n\n<figure class=\"wp-block-image size-large\"><img loading=\"lazy\" decoding=\"async\" width=\"420\" height=\"560\" data-id=\"2986\" src=\"http:\/\/8790639.cos58.fr\/wp-content\/uploads\/2024\/06\/RLB_15.png\" alt=\"\" class=\"wp-image-2986\" srcset=\"http:\/\/8790639.cos58.fr\/wp-content\/uploads\/2024\/06\/RLB_15.png 420w, http:\/\/8790639.cos58.fr\/wp-content\/uploads\/2024\/06\/RLB_15-225x300.png 225w\" sizes=\"auto, (max-width: 420px) 100vw, 420px\" \/><\/figure>\n\n\n\n<figure class=\"wp-block-image size-large\"><img loading=\"lazy\" decoding=\"async\" width=\"420\" height=\"560\" data-id=\"2988\" src=\"http:\/\/8790639.cos58.fr\/wp-content\/uploads\/2024\/06\/RLB_16-3.png\" alt=\"\" class=\"wp-image-2988\" srcset=\"http:\/\/8790639.cos58.fr\/wp-content\/uploads\/2024\/06\/RLB_16-3.png 420w, http:\/\/8790639.cos58.fr\/wp-content\/uploads\/2024\/06\/RLB_16-3-225x300.png 225w\" sizes=\"auto, (max-width: 420px) 100vw, 420px\" \/><\/figure>\n<\/figure>\n\n\n\n<figure class=\"wp-block-image aligncenter size-large\"><img decoding=\"async\" src=\"http:\/\/8790639.cos58.fr\/wp-content\/uploads\/2022\/01\/MIL-BS_VOY.gif\" alt=\"\"\/><\/figure>\n\n\n\n<p><mark style=\"background-color:rgba(0, 0, 0, 0)\" class=\"has-inline-color has-ast-global-color-5-color\">&#8211;<\/mark><\/p>\n\n\n\n<div class=\"wp-block-buttons is-content-justification-right is-layout-flex wp-container-core-buttons-is-layout-765c4724 wp-block-buttons-is-layout-flex\">\n<div class=\"wp-block-button alignright has-custom-font-size\" style=\"font-size:10px\"><a class=\"wp-block-button__link\" href=\"#HAUT\"><strong>HAUT<\/strong><\/a><\/div>\n<\/div>\n\n\n\n<p><br><span class=\"has-inline-color has-ast-global-color-5-color\">&#8211;<\/span><\/p>\n","protected":false},"excerpt":{"rendered":"<p>Voyagez avec le COS 58 Pour voyager avec le COS 58, vous devez imp\u00e9rativement respecter le r\u00e8glement, \u00e0 lire ici ! &#8211; Voyages programm\u00e9s &#8211; VOYAGE \u00c0 L&rsquo;ILE D&rsquo;OL\u00c9RONVillage Club Azureva DU JEUDI 14 AU DIMANCHE 17 MAI 2026 Nous serons log\u00e9s au Village Club Azureva, situ\u00e9 \u00e0 Grand Village Plage, sur un site calme &hellip;<\/p>\n<p class=\"read-more\"> <a class=\"\" href=\"http:\/\/8790639.cos58.fr\/?page_id=297\"> <span class=\"screen-reader-text\">Voyages<\/span> Lire la suite\u00a0\u00bb<\/a><\/p>\n","protected":false},"author":1,"featured_media":0,"parent":0,"menu_order":0,"comment_status":"closed","ping_status":"closed","template":"","meta":{"site-sidebar-layout":"default","site-content-layout":"default","ast-main-header-display":"","ast-hfb-above-header-display":"","ast-hfb-below-header-display":"","ast-hfb-mobile-header-display":"","site-post-title":"disabled","ast-breadcrumbs-content":"","ast-featured-img":"","footer-sml-layout":"","theme-transparent-header-meta":"","adv-header-id-meta":"","stick-header-meta":"","header-above-stick-meta":"","header-main-stick-meta":"","header-below-stick-meta":"","footnotes":""},"class_list":["post-297","page","type-page","status-publish","hentry"],"_links":{"self":[{"href":"http:\/\/8790639.cos58.fr\/index.php?rest_route=\/wp\/v2\/pages\/297","targetHints":{"allow":["GET"]}}],"collection":[{"href":"http:\/\/8790639.cos58.fr\/index.php?rest_route=\/wp\/v2\/pages"}],"about":[{"href":"http:\/\/8790639.cos58.fr\/index.php?rest_route=\/wp\/v2\/types\/page"}],"author":[{"embeddable":true,"href":"http:\/\/8790639.cos58.fr\/index.php?rest_route=\/wp\/v2\/users\/1"}],"replies":[{"embeddable":true,"href":"http:\/\/8790639.cos58.fr\/index.php?rest_route=%2Fwp%2Fv2%2Fcomments&post=297"}],"version-history":[{"count":177,"href":"http:\/\/8790639.cos58.fr\/index.php?rest_route=\/wp\/v2\/pages\/297\/revisions"}],"predecessor-version":[{"id":4239,"href":"http:\/\/8790639.cos58.fr\/index.php?rest_route=\/wp\/v2\/pages\/297\/revisions\/4239"}],"wp:attachment":[{"href":"http:\/\/8790639.cos58.fr\/index.php?rest_route=%2Fwp%2Fv2%2Fmedia&parent=297"}],"curies":[{"name":"wp","href":"https:\/\/api.w.org\/{rel}","templated":true}]}}