{"id":2231,"date":"2022-08-23T13:13:56","date_gmt":"2022-08-23T11:13:56","guid":{"rendered":"http:\/\/8790639.cos58.fr\/?page_id=2231"},"modified":"2024-09-11T12:20:06","modified_gmt":"2024-09-11T10:20:06","slug":"arbre-de-noel-inscriptions","status":"publish","type":"page","link":"http:\/\/8790639.cos58.fr\/?page_id=2231","title":{"rendered":"Arbre de No\u00ebl : inscriptions"},"content":{"rendered":"\n<figure class=\"wp-block-image aligncenter size-full\" id=\"HAUT\"><a href=\"http:\/\/8790639.cos58.fr\/\"><img loading=\"lazy\" decoding=\"async\" width=\"1200\" height=\"208\" src=\"http:\/\/8790639.cos58.fr\/wp-content\/uploads\/2023\/08\/HEADER_ARBRE.gif\" alt=\"\" class=\"wp-image-2570\"\/><\/a><\/figure>\n\n\n\n<div class=\"wp-block-buttons is-horizontal is-content-justification-center is-layout-flex wp-container-core-buttons-is-layout-499968f5 wp-block-buttons-is-layout-flex\">\n<div class=\"wp-block-button is-style-fill\"><a class=\"wp-block-button__link has-ast-global-color-8-color has-text-color has-background wp-element-button\" href=\"http:\/\/8790639.cos58.fr\/\" style=\"border-radius:3px;background-color:#b0418f\">Accueil<\/a><\/div>\n\n\n\n<div class=\"wp-block-button is-style-fill\"><a class=\"wp-block-button__link has-ast-global-color-8-color has-text-color has-background wp-element-button\" href=\"http:\/\/8790639.cos58.fr\/?page_id=297\" style=\"border-radius:3px;background-color:#c4d024\">Voyages<\/a><\/div>\n\n\n\n<div class=\"wp-block-button is-style-fill\"><a class=\"wp-block-button__link has-ast-global-color-8-color has-text-color has-background wp-element-button\" href=\"http:\/\/8790639.cos58.fr\/?page_id=303\" style=\"border-radius:3px;background-color:#e10d7b\">Vacances<\/a><\/div>\n\n\n\n<div class=\"wp-block-button is-style-fill\"><a class=\"wp-block-button__link has-ast-global-color-8-color has-ast-global-color-5-background-color has-text-color has-background wp-element-button\" href=\"http:\/\/8790639.cos58.fr\/?page_id=308\" style=\"border-radius:3px\">No\u00ebl<\/a><\/div>\n\n\n\n<div class=\"wp-block-button is-style-fill\"><a class=\"wp-block-button__link has-ast-global-color-8-color has-text-color has-background wp-element-button\" href=\"http:\/\/8790639.cos58.fr\/?page_id=2\" style=\"border-radius:3px;background-color:#febf10\">Culture &amp; Loisirs<\/a><\/div>\n\n\n\n<div class=\"wp-block-button\"><a class=\"wp-block-button__link has-ast-global-color-8-color has-text-color has-background wp-element-button\" href=\"http:\/\/8790639.cos58.fr\/?page_id=312\" style=\"border-radius:3px;background-color:#93c83e\">Partenaires<\/a><\/div>\n\n\n\n<div class=\"wp-block-button\"><a class=\"wp-block-button__link has-ast-global-color-8-color has-text-color has-background wp-element-button\" href=\"http:\/\/8790639.cos58.fr\/?page_id=315\" style=\"border-radius:3px;background-color:#f1a8be\">Promos<\/a><\/div>\n\n\n\n<div class=\"wp-block-button\"><a class=\"wp-block-button__link has-ast-global-color-8-color has-text-color has-background wp-element-button\" href=\"http:\/\/8790639.cos58.fr\/?page_id=1984\" style=\"border-radius:3px;background-color:#ec4343\">COS Le R\u00e9seau<\/a><\/div>\n\n\n\n<div class=\"wp-block-button\"><a class=\"wp-block-button__link has-ast-global-color-8-color has-text-color has-background wp-element-button\" href=\"http:\/\/8790639.cos58.fr\/?page_id=318\" style=\"border-radius:3px;background-color:#0098a0\">Prestations Sociales<\/a><\/div>\n\n\n\n<div class=\"wp-block-button is-style-fill\"><a class=\"wp-block-button__link has-ast-global-color-8-color has-text-color has-background wp-element-button\" href=\"http:\/\/8790639.cos58.fr\/?page_id=321\" style=\"border-radius:3px;background-color:#43a648\"><mark style=\"background-color:rgba(0, 0, 0, 0);color:#43a648\" class=\"has-inline-color\">.<\/mark>A.G.<\/a><\/div>\n\n\n\n<div class=\"wp-block-button is-style-fill\"><a class=\"wp-block-button__link has-ast-global-color-8-color has-text-color has-background wp-element-button\" href=\"http:\/\/8790639.cos58.fr\/?page_id=324\" style=\"border-radius:3px;background-color:#8cc9b7\">Retrait\u00e9s et Elus<\/a><\/div>\n<\/div>\n\n\n\n<p><br><\/p>\n\n\n\n<h3 class=\"wp-block-heading has-text-align-center has-text-color\" id=\"l-arbre-de-noel-du-cos-58\" style=\"color:#74c6cd\">Inscription \u00e0 <strong>L&rsquo;Arbre de No\u00ebl <\/strong>du COS 58 : <strong>Enfants jusqu&rsquo;\u00e0 14 ans<\/strong><\/h3>\n\n\n\n<p class=\"has-background\" style=\"background-color:#74c6cd\"><strong><mark style=\"background-color:rgba(0, 0, 0, 0);color:#ffffff\" class=\"has-inline-color\">DATE LIMITE D&rsquo;INSCRIPTION : AVANT LUNDI 18 NOVEMBRE 2024<\/mark><\/strong><br><mark style=\"background-color:rgba(0, 0, 0, 0);color:#ffffff\" class=\"has-inline-color\">Pour une bonne organisation, les d\u00e9lais d\u2019inscription sont \u00e0 respecter. <strong>Apr\u00e8s la date butoir, aucune inscription ne sera prise en compte<\/strong>.<br>> Si les enfants des agents ne participent pas \u00e0 l\u2019arbre de no\u00ebl, ils ne pourront b\u00e9n\u00e9ficier des bons ou des cadeaux. Nous ne refusons pas qu\u2019ils soient accompagn\u00e9s par d\u2019autres personnes que leurs parents.<br>> Seules les personnes qui auront un certificat m\u00e9dical pour l\u2019enfant b\u00e9n\u00e9ficieront du jouet ou du ch\u00e8que cadeau. Conf\u00e8re r\u00e8glement int\u00e9rieur.<br>> Merci de respecter les horaires par respect pour les artistes<br><strong>200 places disponibles<\/strong><\/mark><\/p>\n\n\n\n<p class=\"has-background\" style=\"background-color:#74c6cd\"><strong><mark style=\"background-color:rgba(0, 0, 0, 0);color:#ffffff\" class=\"has-inline-color\">COUPON D&rsquo;ENTR\u00c9E<\/mark><\/strong><mark style=\"background-color:rgba(0, 0, 0, 0);color:#ffffff\" class=\"has-inline-color\"> &#8211; IMPORTANT : vous devrez pr\u00e9senter votre coupon d&rsquo;entr\u00e9e sur place, le jour J.<\/mark><br><strong><mark style=\"background-color:rgba(0, 0, 0, 0);color:#ffffff\" class=\"has-inline-color\">> <\/mark><a href=\"http:\/\/cos58.fr\/ARBRE-DE-NOEL_2024__coupon.pdf\" target=\"_blank\" rel=\"noreferrer noopener\"><mark style=\"background-color:rgba(0, 0, 0, 0);color:#ffffff\" class=\"has-inline-color\">Coupon d&rsquo;entr\u00e9e \u00e0 t\u00e9l\u00e9charger ici<\/mark><\/a><\/strong><\/p>\n\n\n\n<figure class=\"wp-block-image aligncenter size-large\"><img decoding=\"async\" src=\"http:\/\/8790639.cos58.fr\/wp-content\/uploads\/2022\/01\/MIL-HT_ARB.gif\" alt=\"\"\/><\/figure>\n\n\n\n<div class=\"wp-block-contact-form-7-contact-form-selector\"><div role=\"form\" class=\"wpcf7\" id=\"wpcf7-f2294-o1\" lang=\"fr-FR\" dir=\"ltr\">\n<div class=\"screen-reader-response\"><p role=\"status\" aria-live=\"polite\" aria-atomic=\"true\"><\/p> <ul><\/ul><\/div>\n<form action=\"\/index.php?rest_route=%2Fwp%2Fv2%2Fpages%2F2231#wpcf7-f2294-o1\" method=\"post\" class=\"wpcf7-form init\" novalidate=\"novalidate\" data-status=\"init\">\n<div style=\"display: none;\">\n<input type=\"hidden\" name=\"_wpcf7\" value=\"2294\" \/>\n<input type=\"hidden\" name=\"_wpcf7_version\" value=\"5.5.4\" \/>\n<input type=\"hidden\" name=\"_wpcf7_locale\" value=\"fr_FR\" \/>\n<input type=\"hidden\" name=\"_wpcf7_unit_tag\" value=\"wpcf7-f2294-o1\" \/>\n<input type=\"hidden\" name=\"_wpcf7_container_post\" value=\"0\" \/>\n<input type=\"hidden\" name=\"_wpcf7_posted_data_hash\" value=\"\" \/>\n<\/div>\n<p><strong> L'AGENT :<br \/>\n<\/strong><br \/>\n<label> Nom<br \/>\n    <span class=\"wpcf7-form-control-wrap your-name\"><input type=\"text\" name=\"your-name\" value=\"\" size=\"40\" class=\"wpcf7-form-control wpcf7-text wpcf7-validates-as-required\" aria-required=\"true\" aria-invalid=\"false\" \/><\/span> <\/label><\/p>\n<p><label> Pr\u00e9nom<br \/>\n    <span class=\"wpcf7-form-control-wrap prenom\"><input type=\"text\" name=\"prenom\" value=\"\" size=\"40\" class=\"wpcf7-form-control wpcf7-text wpcf7-validates-as-required\" aria-required=\"true\" aria-invalid=\"false\" \/><\/span> <\/label><\/p>\n<p><label> Adresse, code postale, Ville<br \/>\n    <span class=\"wpcf7-form-control-wrap adresse\"><input type=\"text\" name=\"adresse\" value=\"\" size=\"40\" class=\"wpcf7-form-control wpcf7-text wpcf7-validates-as-required\" aria-required=\"true\" aria-invalid=\"false\" \/><\/span> <\/label><\/p>\n<p><label> N\u00b0 de t\u00e9l\u00e9phone<br \/>\n    <span class=\"wpcf7-form-control-wrap tel-753\"><input type=\"tel\" name=\"tel-753\" value=\"\" size=\"40\" class=\"wpcf7-form-control wpcf7-text wpcf7-tel wpcf7-validates-as-required wpcf7-validates-as-tel\" aria-required=\"true\" aria-invalid=\"false\" \/><\/span> <\/label><\/p>\n<p><label> Votre e-mail<br \/>\n    <span class=\"wpcf7-form-control-wrap your-email\"><input type=\"email\" name=\"your-email\" value=\"\" size=\"40\" class=\"wpcf7-form-control wpcf7-text wpcf7-email wpcf7-validates-as-email\" aria-invalid=\"false\" \/><\/span> <\/label><\/p>\n<p><label> N\u00b0 d'adh\u00e9rent<br \/>\n    <span class=\"wpcf7-form-control-wrap no-adh\"><input type=\"text\" name=\"no-adh\" value=\"\" size=\"40\" class=\"wpcf7-form-control wpcf7-text wpcf7-validates-as-required\" aria-required=\"true\" aria-invalid=\"false\" \/><\/span> <\/label><\/p>\n<p><label> Collectivit\u00e9 ou \u00e9tablissement public de<br \/>\n    <span class=\"wpcf7-form-control-wrap coll\"><input type=\"text\" name=\"coll\" value=\"\" size=\"40\" class=\"wpcf7-form-control wpcf7-text wpcf7-validates-as-required\" aria-required=\"true\" aria-invalid=\"false\" \/><\/span> <\/label><br \/>\n<label> <strong> CONJOINT : Nom et Pr\u00e9nom <\/strong><br \/>\n    <span class=\"wpcf7-form-control-wrap conj\"><input type=\"text\" name=\"conj\" value=\"\" size=\"40\" class=\"wpcf7-form-control wpcf7-text\" aria-invalid=\"false\" \/><\/span> <\/label><br \/>\n<strong>: : : : : : : : : : : : : : : : : : : : : : : : : : : : : : : : : : : : : : : : : : : : : : : : : : : : : : : : : : : : : : : : : : : : : : : : : : : : : : : : : :<br \/>\n&nbsp;<br \/>\n&nbsp;<br \/>\n<\/strong><\/p>\n<p><strong>ENFANTS CONCERNES PAR LA DEMANDE : <\/strong><br \/>\n<label> Enfant(s) : Nom, Pr\u00e9nom et date de naissance<br \/>\n<span class=\"wpcf7-form-control-wrap enfants\"><textarea name=\"enfants\" cols=\"40\" rows=\"10\" class=\"wpcf7-form-control wpcf7-textarea\" aria-invalid=\"false\" placeholder=\"ex. : DUPONT Lo\u00efc, 17.06.2008 - DUPONT Anna, 13.08.2011\"><\/textarea><\/span> <\/label><\/p>\n<p><span class=\"wpcf7-form-control-wrap checkbox-cert\"><span class=\"wpcf7-form-control wpcf7-checkbox wpcf7-validates-as-required\"><span class=\"wpcf7-list-item first last\"><label><input type=\"checkbox\" name=\"checkbox-cert[]\" value=\"Je certifie sur l\u2019honneur les d\u00e9clarations faites ci-dessus.\" \/><span class=\"wpcf7-list-item-label\">Je certifie sur l\u2019honneur les d\u00e9clarations faites ci-dessus.<\/span><\/label><\/span><\/span><\/span><br \/>\n<strong>N'OUBLIEZ PAS VOTRE COUPON D'ENTR\u00c9E ! <\/strong><\/p>\n<p><input type=\"submit\" value=\"Envoyer\" class=\"wpcf7-form-control has-spinner wpcf7-submit\" \/><\/p>\n<div class=\"wpcf7-response-output\" aria-hidden=\"true\"><\/div><\/form><\/div><\/div>\n\n\n\n<figure class=\"wp-block-image aligncenter size-large\"><img decoding=\"async\" src=\"http:\/\/8790639.cos58.fr\/wp-content\/uploads\/2022\/01\/MIL-BS_ARB.gif\" alt=\"\"\/><\/figure>\n\n\n\n<p><\/p>\n\n\n\n<p class=\"has-background\" style=\"background-color:#74c6cd\"><strong><mark style=\"background-color:rgba(0, 0, 0, 0);color:#ffffff\" class=\"has-inline-color\">COUPON D&rsquo;ENTR\u00c9E<\/mark><\/strong> <mark style=\"background-color:rgba(0, 0, 0, 0);color:#ffffff\" class=\"has-inline-color\">&#8211;<\/mark> <mark style=\"background-color:rgba(0, 0, 0, 0);color:#ffffff\" class=\"has-inline-color\">IMPORTANT : vous devrez pr\u00e9senter votre coupon d&rsquo;entr\u00e9e sur place, le jour J.<\/mark><br><strong><mark style=\"background-color:rgba(0, 0, 0, 0);color:#ffffff\" class=\"has-inline-color\">> <\/mark><a href=\"http:\/\/cos58.fr\/ARBRE-DE-NOEL_2024__coupon.pdf\" target=\"_blank\" rel=\"noreferrer noopener\"><mark style=\"background-color:rgba(0, 0, 0, 0);color:#ffffff\" class=\"has-inline-color\">Coupon d&rsquo;entr\u00e9e \u00e0 t\u00e9l\u00e9charger ici<\/mark><\/a><\/strong><\/p>\n\n\n\n<div class=\"wp-block-buttons is-horizontal is-content-justification-right is-layout-flex wp-container-core-buttons-is-layout-ae2fe186 wp-block-buttons-is-layout-flex\">\n<div class=\"wp-block-button has-custom-font-size\" style=\"font-size:10px\"><a class=\"wp-block-button__link wp-element-button\" href=\"#HAUT\">HAUT<\/a><\/div>\n<\/div>\n\n\n\n<p><br><span class=\"has-inline-color has-ast-global-color-5-color\">&#8211;<\/span><\/p>\n","protected":false},"excerpt":{"rendered":"<p>Inscription \u00e0 L&rsquo;Arbre de No\u00ebl du COS 58 : Enfants jusqu&rsquo;\u00e0 14 ans DATE LIMITE D&rsquo;INSCRIPTION : AVANT LUNDI 18 NOVEMBRE 2024Pour une bonne organisation, les d\u00e9lais d\u2019inscription sont \u00e0 respecter. Apr\u00e8s la date butoir, aucune inscription ne sera prise en compte.> Si les enfants des agents ne participent pas \u00e0 l\u2019arbre de no\u00ebl, ils &hellip;<\/p>\n<p class=\"read-more\"> <a class=\"\" href=\"http:\/\/8790639.cos58.fr\/?page_id=2231\"> <span class=\"screen-reader-text\">Arbre de No\u00ebl : inscriptions<\/span> Lire la suite\u00a0\u00bb<\/a><\/p>\n","protected":false},"author":1,"featured_media":0,"parent":308,"menu_order":0,"comment_status":"closed","ping_status":"closed","template":"","meta":{"site-sidebar-layout":"default","site-content-layout":"default","ast-main-header-display":"","ast-hfb-above-header-display":"","ast-hfb-below-header-display":"","ast-hfb-mobile-header-display":"","site-post-title":"disabled","ast-breadcrumbs-content":"","ast-featured-img":"","footer-sml-layout":"","theme-transparent-header-meta":"","adv-header-id-meta":"","stick-header-meta":"","header-above-stick-meta":"","header-main-stick-meta":"","header-below-stick-meta":"","footnotes":""},"class_list":["post-2231","page","type-page","status-publish","hentry"],"_links":{"self":[{"href":"http:\/\/8790639.cos58.fr\/index.php?rest_route=\/wp\/v2\/pages\/2231","targetHints":{"allow":["GET"]}}],"collection":[{"href":"http:\/\/8790639.cos58.fr\/index.php?rest_route=\/wp\/v2\/pages"}],"about":[{"href":"http:\/\/8790639.cos58.fr\/index.php?rest_route=\/wp\/v2\/types\/page"}],"author":[{"embeddable":true,"href":"http:\/\/8790639.cos58.fr\/index.php?rest_route=\/wp\/v2\/users\/1"}],"replies":[{"embeddable":true,"href":"http:\/\/8790639.cos58.fr\/index.php?rest_route=%2Fwp%2Fv2%2Fcomments&post=2231"}],"version-history":[{"count":18,"href":"http:\/\/8790639.cos58.fr\/index.php?rest_route=\/wp\/v2\/pages\/2231\/revisions"}],"predecessor-version":[{"id":3181,"href":"http:\/\/8790639.cos58.fr\/index.php?rest_route=\/wp\/v2\/pages\/2231\/revisions\/3181"}],"up":[{"embeddable":true,"href":"http:\/\/8790639.cos58.fr\/index.php?rest_route=\/wp\/v2\/pages\/308"}],"wp:attachment":[{"href":"http:\/\/8790639.cos58.fr\/index.php?rest_route=%2Fwp%2Fv2%2Fmedia&parent=2231"}],"curies":[{"name":"wp","href":"https:\/\/api.w.org\/{rel}","templated":true}]}}