{"id":1920,"date":"2022-02-06T01:12:32","date_gmt":"2022-02-06T00:12:32","guid":{"rendered":"http:\/\/8790639.cos58.fr\/?page_id=1920"},"modified":"2024-06-18T12:36:50","modified_gmt":"2024-06-18T10:36:50","slug":"vacances-odalys","status":"publish","type":"page","link":"http:\/\/8790639.cos58.fr\/?page_id=1920","title":{"rendered":"Vacances &#8211; ODALYS"},"content":{"rendered":"\n<figure class=\"wp-block-image aligncenter size-full\" id=\"HAUT\"><a href=\"http:\/\/8790639.cos58.fr\/\"><img loading=\"lazy\" decoding=\"async\" width=\"1200\" height=\"208\" src=\"http:\/\/8790639.cos58.fr\/wp-content\/uploads\/2023\/08\/HEADER_VACANCES3.gif\" alt=\"\" class=\"wp-image-2540\"\/><\/a><\/figure>\n\n\n\n<div class=\"wp-block-buttons is-horizontal is-content-justification-center is-layout-flex wp-container-core-buttons-is-layout-499968f5 wp-block-buttons-is-layout-flex\">\n<div class=\"wp-block-button is-style-fill\"><a class=\"wp-block-button__link has-ast-global-color-8-color has-text-color has-background wp-element-button\" href=\"http:\/\/8790639.cos58.fr\/\" style=\"border-radius:3px;background-color:#b0418f\">Accueil<\/a><\/div>\n\n\n\n<div class=\"wp-block-button is-style-fill\"><a class=\"wp-block-button__link has-ast-global-color-8-color has-text-color has-background wp-element-button\" href=\"http:\/\/8790639.cos58.fr\/?page_id=297\" style=\"border-radius:3px;background-color:#c4d024\">Voyages<\/a><\/div>\n\n\n\n<div class=\"wp-block-button is-style-fill\"><a class=\"wp-block-button__link has-ast-global-color-8-color has-ast-global-color-5-background-color has-text-color has-background wp-element-button\" href=\"http:\/\/8790639.cos58.fr\/?page_id=303\" style=\"border-radius:3px\">Vacances<\/a><\/div>\n\n\n\n<div class=\"wp-block-button is-style-fill\"><a class=\"wp-block-button__link has-ast-global-color-8-color has-text-color has-background wp-element-button\" href=\"http:\/\/8790639.cos58.fr\/?page_id=308\" style=\"border-radius:3px;background-color:#74c6cd\">No\u00ebl<\/a><\/div>\n\n\n\n<div class=\"wp-block-button is-style-fill\"><a class=\"wp-block-button__link has-ast-global-color-8-color has-text-color has-background wp-element-button\" href=\"http:\/\/8790639.cos58.fr\/?page_id=2\" style=\"border-radius:3px;background-color:#febf10\">Culture &amp; Loisirs<\/a><\/div>\n\n\n\n<div class=\"wp-block-button\"><a class=\"wp-block-button__link has-ast-global-color-8-color has-text-color has-background wp-element-button\" href=\"http:\/\/8790639.cos58.fr\/?page_id=312\" style=\"border-radius:3px;background-color:#93c83e\">Partenaires<\/a><\/div>\n\n\n\n<div class=\"wp-block-button\"><a class=\"wp-block-button__link has-ast-global-color-8-color has-text-color has-background wp-element-button\" href=\"http:\/\/8790639.cos58.fr\/?page_id=315\" style=\"border-radius:3px;background-color:#f1a8be\">Promos<\/a><\/div>\n\n\n\n<div class=\"wp-block-button\"><a class=\"wp-block-button__link has-ast-global-color-8-color has-text-color has-background wp-element-button\" href=\"http:\/\/8790639.cos58.fr\/?page_id=1984\" style=\"border-radius:3px;background-color:#ec4343\">COS Le R\u00e9seau<\/a><\/div>\n\n\n\n<div class=\"wp-block-button\"><a class=\"wp-block-button__link has-ast-global-color-8-color has-text-color has-background wp-element-button\" href=\"http:\/\/8790639.cos58.fr\/?page_id=318\" style=\"border-radius:3px;background-color:#0098a0\">Prestations Sociales<\/a><\/div>\n\n\n\n<div class=\"wp-block-button is-style-fill\"><a class=\"wp-block-button__link has-ast-global-color-8-color has-text-color has-background wp-element-button\" href=\"http:\/\/8790639.cos58.fr\/?page_id=321\" style=\"border-radius:3px;background-color:#43a648\"><mark style=\"background-color:rgba(0, 0, 0, 0);color:#43a648\" class=\"has-inline-color\">.<\/mark>A.G.<\/a><\/div>\n\n\n\n<div class=\"wp-block-button is-style-fill\"><a class=\"wp-block-button__link has-ast-global-color-8-color has-text-color has-background wp-element-button\" href=\"http:\/\/8790639.cos58.fr\/?page_id=324\" style=\"border-radius:3px;background-color:#8cc9b7\">Retrait\u00e9s et Elus<\/a><\/div>\n<\/div>\n\n\n\n<p><br><\/p>\n\n\n\n<h3 class=\"wp-block-heading\" id=\"reservation-odalys\"><mark style=\"background-color:rgba(0, 0, 0, 0);color:#e10d7b\" class=\"has-inline-color\"><em>R\u00e9servation<\/em><\/mark><mark style=\"background-color:rgba(0, 0, 0, 0);color: rgb(225, 13, 123);\" class=\"has-inline-color\"><em style=\"\"><b> <\/b><\/em><strong style=\"font-weight: bold; background-color: rgba(0, 0, 0, 0);\">ODALYS<\/strong><\/mark><\/h3>\n\n\n\n<p class=\"has-ast-global-color-5-color has-text-color has-background\" style=\"background-color:#e10d7b\"><strong>JUSTIFICATIFS A NOUS FAIRE PARVENIR PAR MAIL OU PAR COURRIER POSTALE :<\/strong><br><strong>&gt;<\/strong> Votre r\u00e8glement par ch\u00e8que \u00e0 l&rsquo;ordre du COS 58<\/p>\n\n\n\n<figure class=\"wp-block-image aligncenter size-large\" id=\"CAMP\"><img decoding=\"async\" src=\"http:\/\/8790639.cos58.fr\/wp-content\/uploads\/2022\/01\/MIL-HT_VAC.gif\" alt=\"\"\/><\/figure>\n\n\n\n<div class=\"wp-block-contact-form-7-contact-form-selector\"><div role=\"form\" class=\"wpcf7\" id=\"wpcf7-f2122-o1\" lang=\"fr-FR\" dir=\"ltr\">\n<div class=\"screen-reader-response\"><p role=\"status\" aria-live=\"polite\" aria-atomic=\"true\"><\/p> <ul><\/ul><\/div>\n<form action=\"\/index.php?rest_route=%2Fwp%2Fv2%2Fpages%2F1920#wpcf7-f2122-o1\" method=\"post\" class=\"wpcf7-form init\" novalidate=\"novalidate\" data-status=\"init\">\n<div style=\"display: none;\">\n<input type=\"hidden\" name=\"_wpcf7\" value=\"2122\" \/>\n<input type=\"hidden\" name=\"_wpcf7_version\" value=\"5.5.4\" \/>\n<input type=\"hidden\" name=\"_wpcf7_locale\" value=\"fr_FR\" \/>\n<input type=\"hidden\" name=\"_wpcf7_unit_tag\" value=\"wpcf7-f2122-o1\" \/>\n<input type=\"hidden\" name=\"_wpcf7_container_post\" value=\"0\" \/>\n<input type=\"hidden\" name=\"_wpcf7_posted_data_hash\" value=\"\" \/>\n<\/div>\n<p><strong> L'AGENT :<br \/>\n<\/strong><br \/>\n<label> Nom<br \/>\n    <span class=\"wpcf7-form-control-wrap your-name\"><input type=\"text\" name=\"your-name\" value=\"\" size=\"40\" class=\"wpcf7-form-control wpcf7-text wpcf7-validates-as-required\" aria-required=\"true\" aria-invalid=\"false\" \/><\/span> <\/label><\/p>\n<p><label> Pr\u00e9nom<br \/>\n    <span class=\"wpcf7-form-control-wrap prenom\"><input type=\"text\" name=\"prenom\" value=\"\" size=\"40\" class=\"wpcf7-form-control wpcf7-text wpcf7-validates-as-required\" aria-required=\"true\" aria-invalid=\"false\" \/><\/span> <\/label><\/p>\n<p><label> Adresse, code postale, Ville<br \/>\n    <span class=\"wpcf7-form-control-wrap adresse\"><input type=\"text\" name=\"adresse\" value=\"\" size=\"40\" class=\"wpcf7-form-control wpcf7-text wpcf7-validates-as-required\" aria-required=\"true\" aria-invalid=\"false\" \/><\/span> <\/label><\/p>\n<p><label> N\u00b0 de t\u00e9l\u00e9phone<br \/>\n    <span class=\"wpcf7-form-control-wrap tel-753\"><input type=\"tel\" name=\"tel-753\" value=\"\" size=\"40\" class=\"wpcf7-form-control wpcf7-text wpcf7-tel wpcf7-validates-as-required wpcf7-validates-as-tel\" aria-required=\"true\" aria-invalid=\"false\" \/><\/span> <\/label><\/p>\n<p><label> Votre e-mail<br \/>\n    <span class=\"wpcf7-form-control-wrap your-email\"><input type=\"email\" name=\"your-email\" value=\"\" size=\"40\" class=\"wpcf7-form-control wpcf7-text wpcf7-email wpcf7-validates-as-email\" aria-invalid=\"false\" \/><\/span> <\/label><\/p>\n<p><label> N\u00b0 d'adh\u00e9rent<br \/>\n    <span class=\"wpcf7-form-control-wrap no-adh\"><input type=\"text\" name=\"no-adh\" value=\"\" size=\"40\" class=\"wpcf7-form-control wpcf7-text wpcf7-validates-as-required\" aria-required=\"true\" aria-invalid=\"false\" \/><\/span> <\/label><\/p>\n<p><label> Collectivit\u00e9 ou \u00e9tablissement public de<br \/>\n    <span class=\"wpcf7-form-control-wrap coll\"><input type=\"text\" name=\"coll\" value=\"\" size=\"40\" class=\"wpcf7-form-control wpcf7-text wpcf7-validates-as-required\" aria-required=\"true\" aria-invalid=\"false\" \/><\/span> <\/label><br \/>\n<strong>: : : : : : : : : : : : : : : : : : : : : : : : : : : : : : : : : : : : : : : : : : : : : : : : : : : : : : : : : : : : : : : : : : : : : : : : : : : : : : : : : :<br \/>\n&nbsp;<br \/>\n&nbsp;<br \/>\n<\/strong><\/p>\n<p><strong>DETAILS DU SEJOUR : <\/strong><br \/>\n<label> Pays de la destination demand\u00e9e<br \/>\n    <span class=\"wpcf7-form-control-wrap dest\"><input type=\"text\" name=\"dest\" value=\"\" size=\"40\" class=\"wpcf7-form-control wpcf7-text wpcf7-validates-as-required\" aria-required=\"true\" aria-invalid=\"false\" \/><\/span> <\/label><br \/>\n<label> Nom du camping<br \/>\n    <span class=\"wpcf7-form-control-wrap camp\"><input type=\"text\" name=\"camp\" value=\"\" size=\"40\" class=\"wpcf7-form-control wpcf7-text wpcf7-validates-as-required\" aria-required=\"true\" aria-invalid=\"false\" \/><\/span> <\/label><br \/>\nDate de d\u00e9but du s\u00e9jour : <span class=\"wpcf7-form-control-wrap date-deb\"><input type=\"date\" name=\"date-deb\" value=\"\" class=\"wpcf7-form-control wpcf7-date wpcf7-validates-as-required wpcf7-validates-as-date\" aria-required=\"true\" aria-invalid=\"false\" \/><\/span><br \/>\nDate de fin du s\u00e9jour : <span class=\"wpcf7-form-control-wrap date-fin\"><input type=\"date\" name=\"date-fin\" value=\"\" class=\"wpcf7-form-control wpcf7-date wpcf7-validates-as-required wpcf7-validates-as-date\" aria-required=\"true\" aria-invalid=\"false\" \/><\/span><br \/>\n<label> Prix de la location<br \/>\n    <span class=\"wpcf7-form-control-wrap prix-loc\"><input type=\"text\" name=\"prix-loc\" value=\"\" size=\"40\" class=\"wpcf7-form-control wpcf7-text wpcf7-validates-as-required\" aria-required=\"true\" aria-invalid=\"false\" \/><\/span> <\/label><br \/>\nJe souhaite souscrire l\u2019assurance annulation d\u00e9part : 3,75% du montant total du dossier<br \/>\n<span class=\"wpcf7-form-control-wrap radio-79\"><span class=\"wpcf7-form-control wpcf7-radio\"><span class=\"wpcf7-list-item first\"><label><input type=\"radio\" name=\"radio-79\" value=\"OUI\" checked=\"checked\" \/><span class=\"wpcf7-list-item-label\">OUI<\/span><\/label><\/span><span class=\"wpcf7-list-item last\"><label><input type=\"radio\" name=\"radio-79\" value=\"NON\" \/><span class=\"wpcf7-list-item-label\">NON<\/span><\/label><\/span><\/span><\/span><br \/>\n<label> Montant total du s\u00e9jour assurance comprise (si vous prenez l'assurance annulation) :<br \/>\n    <span class=\"wpcf7-form-control-wrap total\"><input type=\"text\" name=\"total\" value=\"\" size=\"40\" class=\"wpcf7-form-control wpcf7-text wpcf7-validates-as-required\" aria-required=\"true\" aria-invalid=\"false\" \/><\/span> <\/label><br \/>\n<strong>: : : : : : : : : : : : : : : : : : : : : : : : : : : : : : : : : : : : : : : : : : : : : : : : : : : : : : : : : : : : : : : : : : : : : : : : : : : : : : : : : :<br \/>\n&nbsp;<br \/>\n&nbsp;<br \/>\n<\/strong><\/p>\n<p><strong>LES PARTICIPANTS : <\/strong><br \/>\nNombre de participants au s\u00e9jour : <span class=\"wpcf7-form-control-wrap number-142\"><input type=\"number\" name=\"number-142\" value=\"\" class=\"wpcf7-form-control wpcf7-number wpcf7-validates-as-required wpcf7-validates-as-number\" aria-required=\"true\" aria-invalid=\"false\" \/><\/span><br \/>\n<label> Nom, Pr\u00e9nom et date de naissance de chaque participant<br \/>\n<span class=\"wpcf7-form-control-wrap participants\"><textarea name=\"participants\" cols=\"40\" rows=\"10\" class=\"wpcf7-form-control wpcf7-textarea wpcf7-validates-as-required\" aria-required=\"true\" aria-invalid=\"false\" placeholder=\"ex. : DUPONT Lo\u00efc, 17.06.2008 - DUPONT Anna, 13.08.2011\"><\/textarea><\/span> <\/label><br \/>\n<strong>: : : : : : : : : : : : : : : : : : : : : : : : : : : : : : : : : : : : : : : : : : : : : : : : : : : : : : : : : : : : : : : : : : : : : : : : : : : : : : : : : :<br \/>\n&nbsp;<br \/>\n&nbsp;<br \/>\n<\/strong><\/p>\n<p><strong>IMPORTANT : N\u2019oubliez pas de nous envoyer votre r\u00e8glement (ch\u00e8que vacances ou ch\u00e8que bancaire \u00e0 l\u2019ordre du COS 58)<\/strong><br \/>\n&nbsp;<br \/>\n<span class=\"wpcf7-form-control-wrap checkbox-cert\"><span class=\"wpcf7-form-control wpcf7-checkbox wpcf7-validates-as-required\"><span class=\"wpcf7-list-item first last\"><label><input type=\"checkbox\" name=\"checkbox-cert[]\" value=\"Je certifie sur l\u2019honneur les d\u00e9clarations faites ci-dessus et m&#039;engage \u00e0 joindre mon r\u00e8glement pour que mon dossier soit trait\u00e9\" \/><span class=\"wpcf7-list-item-label\">Je certifie sur l\u2019honneur les d\u00e9clarations faites ci-dessus et m&#039;engage \u00e0 joindre mon r\u00e8glement pour que mon dossier soit trait\u00e9<\/span><\/label><\/span><\/span><\/span><\/p>\n<p><input type=\"submit\" value=\"Envoyer\" class=\"wpcf7-form-control has-spinner wpcf7-submit\" \/><\/p>\n<div class=\"wpcf7-response-output\" aria-hidden=\"true\"><\/div><\/form><\/div><\/div>\n\n\n\n<figure class=\"wp-block-image aligncenter size-large is-resized\"><img decoding=\"async\" src=\"http:\/\/8790639.cos58.fr\/wp-content\/uploads\/2022\/01\/MIL-BS_VAC.gif\" alt=\"\" style=\"width:1200px;height:20px\"\/><\/figure>\n\n\n\n<div class=\"wp-block-buttons is-horizontal is-content-justification-right is-layout-flex wp-container-core-buttons-is-layout-ae2fe186 wp-block-buttons-is-layout-flex\">\n<div class=\"wp-block-button has-custom-font-size\" style=\"font-size:10px\"><a class=\"wp-block-button__link wp-element-button\" href=\"#HAUT\">HAUT<\/a><\/div>\n<\/div>\n\n\n\n<p><br><span class=\"has-inline-color has-ast-global-color-5-color\">&#8211;<\/span><\/p>\n","protected":false},"excerpt":{"rendered":"<p>R\u00e9servation ODALYS JUSTIFICATIFS A NOUS FAIRE PARVENIR PAR MAIL OU PAR COURRIER POSTALE :&gt; Votre r\u00e8glement par ch\u00e8que \u00e0 l&rsquo;ordre du COS 58<\/p>\n","protected":false},"author":1,"featured_media":0,"parent":303,"menu_order":0,"comment_status":"closed","ping_status":"closed","template":"","meta":{"site-sidebar-layout":"default","site-content-layout":"default","ast-main-header-display":"","ast-hfb-above-header-display":"","ast-hfb-below-header-display":"","ast-hfb-mobile-header-display":"","site-post-title":"disabled","ast-breadcrumbs-content":"","ast-featured-img":"","footer-sml-layout":"","theme-transparent-header-meta":"","adv-header-id-meta":"","stick-header-meta":"","header-above-stick-meta":"","header-main-stick-meta":"","header-below-stick-meta":"","footnotes":""},"class_list":["post-1920","page","type-page","status-publish","hentry"],"_links":{"self":[{"href":"http:\/\/8790639.cos58.fr\/index.php?rest_route=\/wp\/v2\/pages\/1920","targetHints":{"allow":["GET"]}}],"collection":[{"href":"http:\/\/8790639.cos58.fr\/index.php?rest_route=\/wp\/v2\/pages"}],"about":[{"href":"http:\/\/8790639.cos58.fr\/index.php?rest_route=\/wp\/v2\/types\/page"}],"author":[{"embeddable":true,"href":"http:\/\/8790639.cos58.fr\/index.php?rest_route=\/wp\/v2\/users\/1"}],"replies":[{"embeddable":true,"href":"http:\/\/8790639.cos58.fr\/index.php?rest_route=%2Fwp%2Fv2%2Fcomments&post=1920"}],"version-history":[{"count":16,"href":"http:\/\/8790639.cos58.fr\/index.php?rest_route=\/wp\/v2\/pages\/1920\/revisions"}],"predecessor-version":[{"id":3091,"href":"http:\/\/8790639.cos58.fr\/index.php?rest_route=\/wp\/v2\/pages\/1920\/revisions\/3091"}],"up":[{"embeddable":true,"href":"http:\/\/8790639.cos58.fr\/index.php?rest_route=\/wp\/v2\/pages\/303"}],"wp:attachment":[{"href":"http:\/\/8790639.cos58.fr\/index.php?rest_route=%2Fwp%2Fv2%2Fmedia&parent=1920"}],"curies":[{"name":"wp","href":"https:\/\/api.w.org\/{rel}","templated":true}]}}