{"id":1880,"date":"2022-02-06T00:23:53","date_gmt":"2022-02-05T23:23:53","guid":{"rendered":"http:\/\/8790639.cos58.fr\/?page_id=1880"},"modified":"2024-06-18T12:37:12","modified_gmt":"2024-06-18T10:37:12","slug":"vacances-adultes","status":"publish","type":"page","link":"http:\/\/8790639.cos58.fr\/?page_id=1880","title":{"rendered":"Vacances &#8211; Adultes"},"content":{"rendered":"\n<figure class=\"wp-block-image aligncenter size-full\" id=\"HAUT\"><a href=\"http:\/\/8790639.cos58.fr\/\"><img loading=\"lazy\" decoding=\"async\" width=\"1200\" height=\"208\" src=\"http:\/\/8790639.cos58.fr\/wp-content\/uploads\/2023\/08\/HEADER_VACANCES3.gif\" alt=\"\" class=\"wp-image-2540\"\/><\/a><\/figure>\n\n\n\n<div class=\"wp-block-buttons is-horizontal is-content-justification-center is-layout-flex wp-container-core-buttons-is-layout-499968f5 wp-block-buttons-is-layout-flex\">\n<div class=\"wp-block-button is-style-fill\"><a class=\"wp-block-button__link has-ast-global-color-8-color has-text-color has-background wp-element-button\" href=\"http:\/\/8790639.cos58.fr\/\" style=\"border-radius:3px;background-color:#b0418f\">Accueil<\/a><\/div>\n\n\n\n<div class=\"wp-block-button is-style-fill\"><a class=\"wp-block-button__link has-ast-global-color-8-color has-text-color has-background wp-element-button\" href=\"http:\/\/8790639.cos58.fr\/?page_id=297\" style=\"border-radius:3px;background-color:#c4d024\">Voyages<\/a><\/div>\n\n\n\n<div class=\"wp-block-button is-style-fill\"><a class=\"wp-block-button__link has-ast-global-color-8-color has-ast-global-color-5-background-color has-text-color has-background wp-element-button\" href=\"http:\/\/8790639.cos58.fr\/?page_id=303\" style=\"border-radius:3px\">Vacances<\/a><\/div>\n\n\n\n<div class=\"wp-block-button is-style-fill\"><a class=\"wp-block-button__link has-ast-global-color-8-color has-text-color has-background wp-element-button\" href=\"http:\/\/8790639.cos58.fr\/?page_id=308\" style=\"border-radius:3px;background-color:#74c6cd\">No\u00ebl<\/a><\/div>\n\n\n\n<div class=\"wp-block-button is-style-fill\"><a class=\"wp-block-button__link has-ast-global-color-8-color has-text-color has-background wp-element-button\" href=\"http:\/\/8790639.cos58.fr\/?page_id=2\" style=\"border-radius:3px;background-color:#febf10\">Culture &amp; Loisirs<\/a><\/div>\n\n\n\n<div class=\"wp-block-button\"><a class=\"wp-block-button__link has-ast-global-color-8-color has-text-color has-background wp-element-button\" href=\"http:\/\/8790639.cos58.fr\/?page_id=312\" style=\"border-radius:3px;background-color:#93c83e\">Partenaires<\/a><\/div>\n\n\n\n<div class=\"wp-block-button\"><a class=\"wp-block-button__link has-ast-global-color-8-color has-text-color has-background wp-element-button\" href=\"http:\/\/8790639.cos58.fr\/?page_id=315\" style=\"border-radius:3px;background-color:#f1a8be\">Promos<\/a><\/div>\n\n\n\n<div class=\"wp-block-button\"><a class=\"wp-block-button__link has-ast-global-color-8-color has-text-color has-background wp-element-button\" href=\"http:\/\/8790639.cos58.fr\/?page_id=1984\" style=\"border-radius:3px;background-color:#ec4343\">COS Le R\u00e9seau<\/a><\/div>\n\n\n\n<div class=\"wp-block-button\"><a class=\"wp-block-button__link has-ast-global-color-8-color has-text-color has-background wp-element-button\" href=\"http:\/\/8790639.cos58.fr\/?page_id=318\" style=\"border-radius:3px;background-color:#0098a0\">Prestations Sociales<\/a><\/div>\n\n\n\n<div class=\"wp-block-button is-style-fill\"><a class=\"wp-block-button__link has-ast-global-color-8-color has-text-color has-background wp-element-button\" href=\"http:\/\/8790639.cos58.fr\/?page_id=321\" style=\"border-radius:3px;background-color:#43a648\"><mark style=\"background-color:rgba(0, 0, 0, 0);color:#43a648\" class=\"has-inline-color\">.<\/mark>A.G.<\/a><\/div>\n\n\n\n<div class=\"wp-block-button is-style-fill\"><a class=\"wp-block-button__link has-ast-global-color-8-color has-text-color has-background wp-element-button\" href=\"http:\/\/8790639.cos58.fr\/?page_id=324\" style=\"border-radius:3px;background-color:#8cc9b7\">Retrait\u00e9s et Elus<\/a><\/div>\n<\/div>\n\n\n\n<p><br><\/p>\n\n\n\n<h3 class=\"wp-block-heading\" id=\"dossier-demande-de-prestation-s-vacances-adultes\"><mark style=\"background-color:rgba(0, 0, 0, 0);color:#e10d7b\" class=\"has-inline-color\"><em>Dossier<\/em><\/mark><strong><mark style=\"background-color:rgba(0, 0, 0, 0);color:#e10d7b\" class=\"has-inline-color\"><em> <\/em><strong>Demande de prestation(s) Vacances Adultes<\/strong><\/mark><\/strong><\/h3>\n\n\n\n<p class=\"has-ast-global-color-5-color has-text-color has-background\" style=\"background-color:#e10d7b\"><strong><strong>Aide attribu\u00e9 aux adultes n&rsquo;ayant pas ou plus d&rsquo;enfant \u00e0 charge.<\/strong><\/strong><\/p>\n\n\n\n<p class=\"has-ast-global-color-5-color has-text-color has-background\" style=\"background-color:#e10d7b\"><strong>JUSTIFICATIFS A NOUS FAIRE PARVENIR PAR MAIL OU PAR COURRIER POSTALE :<\/strong><br><strong>La premi\u00e8re fois<\/strong> (\u00e0 l\u2019entr\u00e9e dans la collectivit\u00e9 ou l\u2019\u00e9tablissement public ou la communaut\u00e9 de communes) <strong>:<\/strong><br><strong>&gt; <\/strong>Une photocopie du livret de famille<br><strong>Chaque ann\u00e9e lors de la premi\u00e8re demande :<\/strong><br><strong>&gt; <\/strong>Une photocopie de la feuille d\u2019imposition (N-1) de l\u2019agent et de son conjoint (si non mari\u00e9).<br><strong>&gt; <\/strong>La facture acquitt\u00e9e du ou des s\u00e9jours o\u00f9 sera indiqu\u00e9 : le nom du b\u00e9n\u00e9ficiaire, du conjoint et des enfants, les dates du s\u00e9jour et le montant ou <strong><mark style=\"background-color:rgba(0, 0, 0, 0)\" class=\"has-inline-color has-ast-global-color-5-color\"><a rel=\"noreferrer noopener\" href=\"http:\/\/cos58.fr\/DOSSIER_PRESTATION_VACANCES_ADULTES.pdf\" target=\"_blank\">l&rsquo;attestation de s\u00e9jour, disponible ici<\/a><\/mark><\/strong>. S&rsquo;il s&rsquo;agit d&rsquo;un particulier fournir une photocopie de l&rsquo;\u00e9tat des lieux.<br><strong>&gt; <\/strong>Un R.I.B. (si changement d\u2019\u00e9tablissement bancaire)<br><br>Dans la mesure du possible,<strong> merci de grouper vos justificatifs dans un seul document<\/strong> (de plusieurs pages si besoin).<\/p>\n\n\n\n<p class=\"has-ast-global-color-5-color has-text-color has-background\" style=\"background-color:#e10d7b\"><strong><strong>Faire la demande entre le 15 Juillet et le 30 Novembre&nbsp;de l\u2019ann\u00e9e en cours.<\/strong><\/strong> <\/p>\n\n\n\n<p class=\"has-ast-global-color-5-color has-text-color has-background\" style=\"background-color:#e10d7b\"><strong><strong><strong>SONT ELIGIBLES :<\/strong><\/strong><\/strong>&nbsp;<br>les vacances en Maison familiale, g\u00eete, village vacances, stage de vacances, s\u00e9jour linguistique, classe de mer-nature-lac-campagne, s\u00e9jour en centre a\u00e9r\u00e9, camping.<strong><br><strong>Vers\u00e9e par virement bancaire, une seule fois par an.&nbsp;<\/strong><\/strong><\/p>\n\n\n\n<figure class=\"wp-block-image aligncenter size-large\" id=\"CAMP\"><img decoding=\"async\" src=\"http:\/\/8790639.cos58.fr\/wp-content\/uploads\/2022\/01\/MIL-HT_VAC.gif\" alt=\"\"\/><\/figure>\n\n\n\n<div class=\"wp-block-contact-form-7-contact-form-selector\"><div role=\"form\" class=\"wpcf7\" id=\"wpcf7-f2113-o1\" lang=\"fr-FR\" dir=\"ltr\">\n<div class=\"screen-reader-response\"><p role=\"status\" aria-live=\"polite\" aria-atomic=\"true\"><\/p> <ul><\/ul><\/div>\n<form action=\"\/index.php?rest_route=%2Fwp%2Fv2%2Fpages%2F1880#wpcf7-f2113-o1\" method=\"post\" class=\"wpcf7-form init\" enctype=\"multipart\/form-data\" novalidate=\"novalidate\" data-status=\"init\">\n<div style=\"display: none;\">\n<input type=\"hidden\" name=\"_wpcf7\" value=\"2113\" \/>\n<input type=\"hidden\" name=\"_wpcf7_version\" value=\"5.5.4\" \/>\n<input type=\"hidden\" name=\"_wpcf7_locale\" value=\"fr_FR\" \/>\n<input type=\"hidden\" name=\"_wpcf7_unit_tag\" value=\"wpcf7-f2113-o1\" \/>\n<input type=\"hidden\" name=\"_wpcf7_container_post\" value=\"0\" \/>\n<input type=\"hidden\" name=\"_wpcf7_posted_data_hash\" value=\"\" \/>\n<\/div>\n<p><strong> L'AGENT :<br \/>\n<\/strong><br \/>\n<label> N\u00b0 d'adh\u00e9rent<br \/>\n    <span class=\"wpcf7-form-control-wrap no-adh\"><input type=\"text\" name=\"no-adh\" value=\"\" size=\"40\" class=\"wpcf7-form-control wpcf7-text wpcf7-validates-as-required\" aria-required=\"true\" aria-invalid=\"false\" \/><\/span> <\/label><\/p>\n<p><label> Nom<br \/>\n    <span class=\"wpcf7-form-control-wrap your-name\"><input type=\"text\" name=\"your-name\" value=\"\" size=\"40\" class=\"wpcf7-form-control wpcf7-text wpcf7-validates-as-required\" aria-required=\"true\" aria-invalid=\"false\" \/><\/span> <\/label><\/p>\n<p><label> Pr\u00e9nom<br \/>\n    <span class=\"wpcf7-form-control-wrap prenom\"><input type=\"text\" name=\"prenom\" value=\"\" size=\"40\" class=\"wpcf7-form-control wpcf7-text wpcf7-validates-as-required\" aria-required=\"true\" aria-invalid=\"false\" \/><\/span> <\/label><\/p>\n<p><strong>: : : : : : : : : : : : : : : : : : : : : : : : : : : : : : : : : : : : : : : : : : : : : : : : : : : : : : : : : : : : : : : : : : : : : : : : : : : : : : : : : :<br \/>\n&nbsp;<br \/>\n&nbsp;<br \/>\n<\/strong><br \/>\n<strong>SITUATION FAMILIALE :<br \/>\n<\/strong><br \/>\n&nbsp;<br \/>\nVotre situation familiale a chang\u00e9e ? :<br \/>\n<span class=\"wpcf7-form-control-wrap radio-850\"><span class=\"wpcf7-form-control wpcf7-radio\"><span class=\"wpcf7-list-item first\"><label><input type=\"radio\" name=\"radio-850\" value=\"OUI\" \/><span class=\"wpcf7-list-item-label\">OUI<\/span><\/label><\/span><span class=\"wpcf7-list-item last\"><label><input type=\"radio\" name=\"radio-850\" value=\"NON\" checked=\"checked\" \/><span class=\"wpcf7-list-item-label\">NON<\/span><\/label><\/span><\/span><\/span><br \/>\n<label> Si oui, pr\u00e9cisez :<br \/>\n    <span class=\"wpcf7-form-control-wrap textarea-155\"><textarea name=\"textarea-155\" cols=\"40\" rows=\"10\" class=\"wpcf7-form-control wpcf7-textarea\" aria-invalid=\"false\"><\/textarea><\/span> <\/label><\/p>\n<p><strong>: : : : : : : : : : : : : : : : : : : : : : : : : : : : : : : : : : : : : : : : : : : : : : : : : : : : : : : : : : : : : : : : : : : : : : : : : : : : : : : : : :<br \/>\n&nbsp;<br \/>\n&nbsp;<br \/>\n<\/strong><\/p>\n<p><strong>IMPORTANT : Les justificatifs sont indispensables pour qu'un dossier soit trait\u00e9. Dans la mesure du possible, merci de grouper vos justificatifs dans un seul document (de plusieurs pages si besoin).<\/strong> Si vous n'avez pas de version num\u00e9rique de vos justificatifs, vous pouvez nous les envoyer par courrier.<br \/>\n&nbsp;<br \/>\n<span class=\"wpcf7-form-control-wrap file-pj-presta1\"><input type=\"file\" name=\"file-pj-presta1\" size=\"40\" class=\"wpcf7-form-control wpcf7-file\" accept=\".jpg,.jpeg,.png,.gif,.pdf,.doc,.docx,.ppt,.pptx,.odt,.avi,.ogg,.m4a,.mov,.mp3,.mp4,.mpg,.wav,.wmv\" aria-invalid=\"false\" \/><\/span><br \/>\n<span class=\"wpcf7-form-control-wrap checkbox-cert\"><span class=\"wpcf7-form-control wpcf7-checkbox wpcf7-validates-as-required\"><span class=\"wpcf7-list-item first last\"><label><input type=\"checkbox\" name=\"checkbox-cert[]\" value=\"Je certifie sur l\u2019honneur les d\u00e9clarations faites ci-dessus\" \/><span class=\"wpcf7-list-item-label\">Je certifie sur l\u2019honneur les d\u00e9clarations faites ci-dessus<\/span><\/label><\/span><\/span><\/span><\/p>\n<p><input type=\"submit\" value=\"Envoyer\" class=\"wpcf7-form-control has-spinner wpcf7-submit\" \/><\/p>\n<div class=\"wpcf7-response-output\" aria-hidden=\"true\"><\/div><\/form><\/div><\/div>\n\n\n\n<figure class=\"wp-block-image aligncenter size-large is-resized\"><img decoding=\"async\" src=\"http:\/\/8790639.cos58.fr\/wp-content\/uploads\/2022\/01\/MIL-BS_VAC.gif\" alt=\"\" style=\"width:1200px;height:20px\"\/><\/figure>\n\n\n\n<div class=\"wp-block-buttons is-horizontal is-content-justification-right is-layout-flex wp-container-core-buttons-is-layout-ae2fe186 wp-block-buttons-is-layout-flex\">\n<div class=\"wp-block-button has-custom-font-size\" style=\"font-size:10px\"><a class=\"wp-block-button__link wp-element-button\" href=\"#HAUT\">HAUT<\/a><\/div>\n<\/div>\n\n\n\n<p><br><span class=\"has-inline-color has-ast-global-color-5-color\">&#8211;<\/span><\/p>\n","protected":false},"excerpt":{"rendered":"<p>Dossier Demande de prestation(s) Vacances Adultes Aide attribu\u00e9 aux adultes n&rsquo;ayant pas ou plus d&rsquo;enfant \u00e0 charge. JUSTIFICATIFS A NOUS FAIRE PARVENIR PAR MAIL OU PAR COURRIER POSTALE :La premi\u00e8re fois (\u00e0 l\u2019entr\u00e9e dans la collectivit\u00e9 ou l\u2019\u00e9tablissement public ou la communaut\u00e9 de communes) :&gt; Une photocopie du livret de familleChaque ann\u00e9e lors de la &hellip;<\/p>\n<p class=\"read-more\"> <a class=\"\" href=\"http:\/\/8790639.cos58.fr\/?page_id=1880\"> <span class=\"screen-reader-text\">Vacances &#8211; Adultes<\/span> Lire la suite\u00a0\u00bb<\/a><\/p>\n","protected":false},"author":1,"featured_media":0,"parent":303,"menu_order":0,"comment_status":"closed","ping_status":"closed","template":"","meta":{"site-sidebar-layout":"default","site-content-layout":"default","ast-main-header-display":"","ast-hfb-above-header-display":"","ast-hfb-below-header-display":"","ast-hfb-mobile-header-display":"","site-post-title":"disabled","ast-breadcrumbs-content":"","ast-featured-img":"","footer-sml-layout":"","theme-transparent-header-meta":"","adv-header-id-meta":"","stick-header-meta":"","header-above-stick-meta":"","header-main-stick-meta":"","header-below-stick-meta":"","footnotes":""},"class_list":["post-1880","page","type-page","status-publish","hentry"],"_links":{"self":[{"href":"http:\/\/8790639.cos58.fr\/index.php?rest_route=\/wp\/v2\/pages\/1880","targetHints":{"allow":["GET"]}}],"collection":[{"href":"http:\/\/8790639.cos58.fr\/index.php?rest_route=\/wp\/v2\/pages"}],"about":[{"href":"http:\/\/8790639.cos58.fr\/index.php?rest_route=\/wp\/v2\/types\/page"}],"author":[{"embeddable":true,"href":"http:\/\/8790639.cos58.fr\/index.php?rest_route=\/wp\/v2\/users\/1"}],"replies":[{"embeddable":true,"href":"http:\/\/8790639.cos58.fr\/index.php?rest_route=%2Fwp%2Fv2%2Fcomments&post=1880"}],"version-history":[{"count":19,"href":"http:\/\/8790639.cos58.fr\/index.php?rest_route=\/wp\/v2\/pages\/1880\/revisions"}],"predecessor-version":[{"id":3095,"href":"http:\/\/8790639.cos58.fr\/index.php?rest_route=\/wp\/v2\/pages\/1880\/revisions\/3095"}],"up":[{"embeddable":true,"href":"http:\/\/8790639.cos58.fr\/index.php?rest_route=\/wp\/v2\/pages\/303"}],"wp:attachment":[{"href":"http:\/\/8790639.cos58.fr\/index.php?rest_route=%2Fwp%2Fv2%2Fmedia&parent=1880"}],"curies":[{"name":"wp","href":"https:\/\/api.w.org\/{rel}","templated":true}]}}