{"id":1760,"date":"2022-02-04T16:14:08","date_gmt":"2022-02-04T15:14:08","guid":{"rendered":"http:\/\/8790639.cos58.fr\/?page_id=1760"},"modified":"2024-06-18T12:38:15","modified_gmt":"2024-06-18T10:38:15","slug":"dossier-de-demande-de-prestations-culturelles","status":"publish","type":"page","link":"http:\/\/8790639.cos58.fr\/?page_id=1760","title":{"rendered":"Dossier de demande de prestations culturelles"},"content":{"rendered":"\n<figure class=\"wp-block-image aligncenter size-full\" id=\"HAUT\"><a href=\"http:\/\/8790639.cos58.fr\/\"><img loading=\"lazy\" decoding=\"async\" width=\"1200\" height=\"208\" src=\"http:\/\/8790639.cos58.fr\/wp-content\/uploads\/2023\/08\/HEADER_CULTURE.gif\" alt=\"\" class=\"wp-image-2565\"\/><\/a><\/figure>\n\n\n\n<div class=\"wp-block-buttons is-horizontal is-content-justification-center is-layout-flex wp-container-core-buttons-is-layout-499968f5 wp-block-buttons-is-layout-flex\">\n<div class=\"wp-block-button is-style-fill\"><a class=\"wp-block-button__link has-ast-global-color-8-color has-text-color has-background wp-element-button\" href=\"http:\/\/8790639.cos58.fr\/\" style=\"border-radius:3px;background-color:#b0418f\">Accueil<\/a><\/div>\n\n\n\n<div class=\"wp-block-button is-style-fill\"><a class=\"wp-block-button__link has-ast-global-color-8-color has-text-color has-background wp-element-button\" href=\"http:\/\/8790639.cos58.fr\/?page_id=297\" style=\"border-radius:3px;background-color:#c4d024\">Voyages<\/a><\/div>\n\n\n\n<div class=\"wp-block-button is-style-fill\"><a class=\"wp-block-button__link has-ast-global-color-8-color has-text-color has-background wp-element-button\" href=\"http:\/\/8790639.cos58.fr\/?page_id=303\" style=\"border-radius:3px;background-color:#e10d7b\">Vacances<\/a><\/div>\n\n\n\n<div class=\"wp-block-button is-style-fill\"><a class=\"wp-block-button__link has-ast-global-color-8-color has-text-color has-background wp-element-button\" href=\"http:\/\/8790639.cos58.fr\/?page_id=308\" style=\"border-radius:3px;background-color:#74c6cd\">No\u00ebl<\/a><\/div>\n\n\n\n<div class=\"wp-block-button is-style-fill\"><a class=\"wp-block-button__link has-ast-global-color-8-color has-ast-global-color-5-background-color has-text-color has-background wp-element-button\" href=\"http:\/\/8790639.cos58.fr\/?page_id=2\" style=\"border-radius:3px\">Culture &amp; Loisirs<\/a><\/div>\n\n\n\n<div class=\"wp-block-button\"><a class=\"wp-block-button__link has-ast-global-color-8-color has-text-color has-background wp-element-button\" href=\"http:\/\/8790639.cos58.fr\/?page_id=312\" style=\"border-radius:3px;background-color:#93c83e\">Partenaires<\/a><\/div>\n\n\n\n<div class=\"wp-block-button\"><a class=\"wp-block-button__link has-ast-global-color-8-color has-text-color has-background wp-element-button\" href=\"http:\/\/8790639.cos58.fr\/?page_id=315\" style=\"border-radius:3px;background-color:#f1a8be\">Promos<\/a><\/div>\n\n\n\n<div class=\"wp-block-button\"><a class=\"wp-block-button__link has-ast-global-color-8-color has-text-color has-background wp-element-button\" href=\"http:\/\/8790639.cos58.fr\/?page_id=1984\" style=\"border-radius:3px;background-color:#ec4343\">COS Le R\u00e9seau<\/a><\/div>\n\n\n\n<div class=\"wp-block-button\"><a class=\"wp-block-button__link has-ast-global-color-8-color has-text-color has-background wp-element-button\" href=\"http:\/\/8790639.cos58.fr\/?page_id=318\" style=\"border-radius:3px;background-color:#0098a0\">Prestations Sociales<\/a><\/div>\n\n\n\n<div class=\"wp-block-button is-style-fill\"><a class=\"wp-block-button__link has-ast-global-color-8-color has-text-color has-background wp-element-button\" href=\"http:\/\/8790639.cos58.fr\/?page_id=321\" style=\"border-radius:3px;background-color:#43a648\"><mark style=\"background-color:rgba(0, 0, 0, 0);color:#43a648\" class=\"has-inline-color\">.<\/mark>A.G.<\/a><\/div>\n\n\n\n<div class=\"wp-block-button is-style-fill\"><a class=\"wp-block-button__link has-ast-global-color-8-color has-text-color has-background wp-element-button\" href=\"http:\/\/8790639.cos58.fr\/?page_id=324\" style=\"border-radius:3px;background-color:#8cc9b7\">Retrait\u00e9s et Elus<\/a><\/div>\n<\/div>\n\n\n\n<p><br><\/p>\n\n\n\n<h3 class=\"wp-block-heading has-text-color\" id=\"dossier-demande-de-prestation-s-culturelles\" style=\"color:#febf10\"><em>Dossier <\/em><strong>Demande de prestation(s) culturelles<\/strong><\/h3>\n\n\n\n<figure class=\"wp-block-image aligncenter size-full\"><img loading=\"lazy\" decoding=\"async\" width=\"1200\" height=\"20\" src=\"http:\/\/8790639.cos58.fr\/wp-content\/uploads\/2022\/01\/MIL-HT_CULT.gif\" alt=\"\" class=\"wp-image-139\"\/><\/figure>\n\n\n\n<div class=\"wp-block-contact-form-7-contact-form-selector\"><div role=\"form\" class=\"wpcf7\" id=\"wpcf7-f2092-o1\" lang=\"fr-FR\" dir=\"ltr\">\n<div class=\"screen-reader-response\"><p role=\"status\" aria-live=\"polite\" aria-atomic=\"true\"><\/p> <ul><\/ul><\/div>\n<form action=\"\/index.php?rest_route=%2Fwp%2Fv2%2Fpages%2F1760#wpcf7-f2092-o1\" method=\"post\" class=\"wpcf7-form init\" enctype=\"multipart\/form-data\" novalidate=\"novalidate\" data-status=\"init\">\n<div style=\"display: none;\">\n<input type=\"hidden\" name=\"_wpcf7\" value=\"2092\" \/>\n<input type=\"hidden\" name=\"_wpcf7_version\" value=\"5.5.4\" \/>\n<input type=\"hidden\" name=\"_wpcf7_locale\" value=\"fr_FR\" \/>\n<input type=\"hidden\" name=\"_wpcf7_unit_tag\" value=\"wpcf7-f2092-o1\" \/>\n<input type=\"hidden\" name=\"_wpcf7_container_post\" value=\"0\" \/>\n<input type=\"hidden\" name=\"_wpcf7_posted_data_hash\" value=\"\" \/>\n<\/div>\n<p><strong> L'AGENT :<br \/>\n<\/strong><br \/>\n<label> N\u00b0 d'adh\u00e9rent<br \/>\n    <span class=\"wpcf7-form-control-wrap no-adh\"><input type=\"text\" name=\"no-adh\" value=\"\" size=\"40\" class=\"wpcf7-form-control wpcf7-text wpcf7-validates-as-required\" aria-required=\"true\" aria-invalid=\"false\" \/><\/span> <\/label><\/p>\n<p><label> Nom<br \/>\n    <span class=\"wpcf7-form-control-wrap your-name\"><input type=\"text\" name=\"your-name\" value=\"\" size=\"40\" class=\"wpcf7-form-control wpcf7-text wpcf7-validates-as-required\" aria-required=\"true\" aria-invalid=\"false\" \/><\/span> <\/label><\/p>\n<p><label> Pr\u00e9nom<br \/>\n    <span class=\"wpcf7-form-control-wrap prenom\"><input type=\"text\" name=\"prenom\" value=\"\" size=\"40\" class=\"wpcf7-form-control wpcf7-text wpcf7-validates-as-required\" aria-required=\"true\" aria-invalid=\"false\" \/><\/span> <\/label><\/p>\n<p><strong>: : : : : : : : : : : : : : : : : : : : : : : : : : : : : : : : : : : : : : : : : : : : : : : : : : : : : : : : : : : : : : : : : : : : : : : : : : : : : : : : : :<br \/>\n&nbsp;<br \/>\n&nbsp;<br \/>\n<\/strong><\/p>\n<p><strong>SA FAMILLE :<br \/>\n<\/strong><br \/>\n<span class=\"wpcf7-form-control-wrap menu-sit\"><select name=\"menu-sit\" class=\"wpcf7-form-control wpcf7-select wpcf7-validates-as-required\" aria-required=\"true\" aria-invalid=\"false\"><option value=\"C\u00e9libataire\">C\u00e9libataire<\/option><option value=\"Mari\u00e9(e)\">Mari\u00e9(e)<\/option><option value=\"Divorc\u00e9(e)\">Divorc\u00e9(e)<\/option><option value=\"S\u00e9par\u00e9(e)\">S\u00e9par\u00e9(e)<\/option><option value=\"En concubinage\">En concubinage<\/option><option value=\"Pacs\u00e9(e)\">Pacs\u00e9(e)<\/option><option value=\"Veuf(ve)\">Veuf(ve)<\/option><\/select><\/span><\/p>\n<p><label> Nom et Pr\u00e9nom du conjoint<br \/>\n    <span class=\"wpcf7-form-control-wrap conjoint-nom\"><input type=\"text\" name=\"conjoint-nom\" value=\"\" size=\"40\" class=\"wpcf7-form-control wpcf7-text\" aria-invalid=\"false\" \/><\/span> <\/label><\/p>\n<p><label> Enfant(s) concern\u00e9(s) par cette demande : Nom, Pr\u00e9nom et date de naissance<br \/>\n<span class=\"wpcf7-form-control-wrap enfants\"><textarea name=\"enfants\" cols=\"40\" rows=\"10\" class=\"wpcf7-form-control wpcf7-textarea\" aria-invalid=\"false\" placeholder=\"ex. : DUPONT Lo\u00efc, 17.06.2008 - DUPONT Anna, 13.08.2011\"><\/textarea><\/span> <\/label><br \/>\n<strong>: : : : : : : : : : : : : : : : : : : : : : : : : : : : : : : : : : : : : : : : : : : : : : : : : : : : : : : : : : : : : : : : : : : : : : : : : : : : : : : : : :<br \/>\n&nbsp;<br \/>\n&nbsp;<br \/>\n<\/strong><\/p>\n<p><strong>LES PRESTATIONS VERSEES SOUS FORME DE VIREMENT BANCAIRE :<br \/>\n<\/strong><br \/>\nCochez une ou plusieurs prestations souhait\u00e9es :<br \/>\n    <span class=\"wpcf7-form-control-wrap checkbox-prestacul-vir1\"><span class=\"wpcf7-form-control wpcf7-checkbox\"><span class=\"wpcf7-list-item first last\"><label><input type=\"checkbox\" name=\"checkbox-prestacul-vir1[]\" value=\"Les 35% sur la culture\" \/><span class=\"wpcf7-list-item-label\">Les 35% sur la culture<\/span><\/label><\/span><\/span><\/span><strong>Sous conditions : <\/strong>Les enfants (jusqu\u2019\u00e0 18 ans) doivent \u00eatre \u00e0 la charge des parents pour b\u00e9n\u00e9ficier de cette prestation.<br \/>\n<strong>Joindre : <\/strong> la photocopie ou l\u2019original des places recto verso avec le montant, en format A4 + un R.I.B.<br \/>\n&nbsp;<br \/>\n    <span class=\"wpcf7-form-control-wrap checkbox-prestacul-vir2\"><span class=\"wpcf7-form-control wpcf7-checkbox\"><span class=\"wpcf7-list-item first last\"><label><input type=\"checkbox\" name=\"checkbox-prestacul-vir2[]\" value=\"Les 35% sur les licences\" \/><span class=\"wpcf7-list-item-label\">Les 35% sur les licences<\/span><\/label><\/span><\/span><\/span><strong>Sous conditions : <\/strong>Les enfants (jusqu\u2019\u00e0 18 ans) doivent \u00eatre \u00e0 la charge des parents pour b\u00e9n\u00e9ficier de cette prestation.<br \/>\n<strong>Joindre : <\/strong> la photocopie ou l\u2019original de la licence ou de l\u2019abonnement avec le montant, en format A4 + un R.I.B.<br \/>\n&nbsp;<br \/>\n    <span class=\"wpcf7-form-control-wrap checkbox-prestacul-vir3\"><span class=\"wpcf7-form-control wpcf7-checkbox\"><span class=\"wpcf7-list-item first last\"><label><input type=\"checkbox\" name=\"checkbox-prestacul-vir3[]\" value=\"Cartes de chasse ou de p\u00eache\" \/><span class=\"wpcf7-list-item-label\">Cartes de chasse ou de p\u00eache<\/span><\/label><\/span><\/span><\/span><strong>Sous conditions : <\/strong>Les enfants (jusqu\u2019\u00e0 18 ans) doivent \u00eatre \u00e0 la charge des parents pour b\u00e9n\u00e9ficier de cette prestation.<br \/>\n<strong>Joindre : <\/strong> la photocopie ou l\u2019original des places recto verso avec le montant, en format A4 + un R.I.B.<br \/>\n&nbsp;<br \/>\n<strong>: : : : : : : : : : : : : : : : : : : : : : : : : : : : : : : : : : : : : : : : : : : : : : : : : : : : : : : : : : : : : : : : : : : : : : : : : : : : : : : : : :<br \/>\n&nbsp;<br \/>\n&nbsp;<br \/>\n<\/strong><\/p>\n<p><strong>IMPORTANT : Les justificatifs sont indispensables pour qu'un dossier soit trait\u00e9. Dans la mesure du possible, merci de grouper vos justificatifs dans un seul document (de plusieurs pages si besoin).<\/strong> Si vous n'avez pas de version num\u00e9rique de vos justificatifs, vous pouvez nous les envoyer par courrier.<br \/>\n&nbsp;<br \/>\n<span class=\"wpcf7-form-control-wrap file-pj-presta1\"><input type=\"file\" name=\"file-pj-presta1\" size=\"40\" class=\"wpcf7-form-control wpcf7-file\" accept=\".jpg,.jpeg,.png,.gif,.pdf,.doc,.docx,.ppt,.pptx,.odt,.avi,.ogg,.m4a,.mov,.mp3,.mp4,.mpg,.wav,.wmv\" aria-invalid=\"false\" \/><\/span><br \/>\n<span class=\"wpcf7-form-control-wrap checkbox-cert\"><span class=\"wpcf7-form-control wpcf7-checkbox wpcf7-validates-as-required\"><span class=\"wpcf7-list-item first last\"><label><input type=\"checkbox\" name=\"checkbox-cert[]\" value=\"Je certifie sur l\u2019honneur les d\u00e9clarations faites ci-dessus\" \/><span class=\"wpcf7-list-item-label\">Je certifie sur l\u2019honneur les d\u00e9clarations faites ci-dessus<\/span><\/label><\/span><\/span><\/span><\/p>\n<p><input type=\"submit\" value=\"Envoyer\" class=\"wpcf7-form-control has-spinner wpcf7-submit\" \/><\/p>\n<div class=\"wpcf7-response-output\" aria-hidden=\"true\"><\/div><\/form><\/div><\/div>\n\n\n\n<figure class=\"wp-block-image aligncenter size-full\"><img loading=\"lazy\" decoding=\"async\" width=\"1200\" height=\"20\" src=\"http:\/\/8790639.cos58.fr\/wp-content\/uploads\/2022\/01\/MIL-BS_CULT.gif\" alt=\"\" class=\"wp-image-138\"\/><\/figure>\n\n\n\n<div class=\"wp-block-buttons is-horizontal is-content-justification-right is-layout-flex wp-container-core-buttons-is-layout-ae2fe186 wp-block-buttons-is-layout-flex\">\n<div class=\"wp-block-button has-custom-font-size\" style=\"font-size:10px\"><a class=\"wp-block-button__link wp-element-button\" href=\"#HAUT\">HAUT<\/a><\/div>\n<\/div>\n\n\n\n<p><br><span class=\"has-inline-color has-ast-global-color-5-color\">&#8211;<\/span><\/p>\n","protected":false},"excerpt":{"rendered":"<p>Dossier Demande de prestation(s) culturelles<\/p>\n","protected":false},"author":1,"featured_media":0,"parent":2,"menu_order":0,"comment_status":"closed","ping_status":"closed","template":"","meta":{"site-sidebar-layout":"default","site-content-layout":"default","ast-main-header-display":"","ast-hfb-above-header-display":"","ast-hfb-below-header-display":"","ast-hfb-mobile-header-display":"","site-post-title":"disabled","ast-breadcrumbs-content":"","ast-featured-img":"","footer-sml-layout":"","theme-transparent-header-meta":"","adv-header-id-meta":"","stick-header-meta":"","header-above-stick-meta":"","header-main-stick-meta":"","header-below-stick-meta":"","footnotes":""},"class_list":["post-1760","page","type-page","status-publish","hentry"],"_links":{"self":[{"href":"http:\/\/8790639.cos58.fr\/index.php?rest_route=\/wp\/v2\/pages\/1760","targetHints":{"allow":["GET"]}}],"collection":[{"href":"http:\/\/8790639.cos58.fr\/index.php?rest_route=\/wp\/v2\/pages"}],"about":[{"href":"http:\/\/8790639.cos58.fr\/index.php?rest_route=\/wp\/v2\/types\/page"}],"author":[{"embeddable":true,"href":"http:\/\/8790639.cos58.fr\/index.php?rest_route=\/wp\/v2\/users\/1"}],"replies":[{"embeddable":true,"href":"http:\/\/8790639.cos58.fr\/index.php?rest_route=%2Fwp%2Fv2%2Fcomments&post=1760"}],"version-history":[{"count":33,"href":"http:\/\/8790639.cos58.fr\/index.php?rest_route=\/wp\/v2\/pages\/1760\/revisions"}],"predecessor-version":[{"id":3104,"href":"http:\/\/8790639.cos58.fr\/index.php?rest_route=\/wp\/v2\/pages\/1760\/revisions\/3104"}],"up":[{"embeddable":true,"href":"http:\/\/8790639.cos58.fr\/index.php?rest_route=\/wp\/v2\/pages\/2"}],"wp:attachment":[{"href":"http:\/\/8790639.cos58.fr\/index.php?rest_route=%2Fwp%2Fv2%2Fmedia&parent=1760"}],"curies":[{"name":"wp","href":"https:\/\/api.w.org\/{rel}","templated":true}]}}