{"id":1605,"date":"2022-02-03T17:27:02","date_gmt":"2022-02-03T16:27:02","guid":{"rendered":"http:\/\/8790639.cos58.fr\/?page_id=1605"},"modified":"2024-06-18T12:37:50","modified_gmt":"2024-06-18T10:37:50","slug":"dossier-de-demande-de-prestations","status":"publish","type":"page","link":"http:\/\/8790639.cos58.fr\/?page_id=1605","title":{"rendered":"Dossier de demande de prestations sociales"},"content":{"rendered":"\n<figure class=\"wp-block-image aligncenter size-full\" id=\"HAUT\"><a href=\"http:\/\/8790639.cos58.fr\/\"><img loading=\"lazy\" decoding=\"async\" width=\"1200\" height=\"208\" src=\"http:\/\/8790639.cos58.fr\/wp-content\/uploads\/2023\/08\/HEADER_PRESTATIONS.gif\" alt=\"\" class=\"wp-image-2552\"\/><\/a><\/figure>\n\n\n\n<div class=\"wp-block-buttons is-horizontal is-content-justification-center is-layout-flex wp-container-core-buttons-is-layout-499968f5 wp-block-buttons-is-layout-flex\">\n<div class=\"wp-block-button is-style-fill\"><a class=\"wp-block-button__link has-ast-global-color-8-color has-text-color has-background wp-element-button\" href=\"http:\/\/8790639.cos58.fr\/\" style=\"border-radius:3px;background-color:#b0418f\">Accueil<\/a><\/div>\n\n\n\n<div class=\"wp-block-button is-style-fill\"><a class=\"wp-block-button__link has-ast-global-color-8-color has-text-color has-background wp-element-button\" href=\"http:\/\/8790639.cos58.fr\/?page_id=297\" style=\"border-radius:3px;background-color:#c4d024\">Voyages<\/a><\/div>\n\n\n\n<div class=\"wp-block-button is-style-fill\"><a class=\"wp-block-button__link has-ast-global-color-8-color has-text-color has-background wp-element-button\" href=\"http:\/\/8790639.cos58.fr\/?page_id=303\" style=\"border-radius:3px;background-color:#e10d7b\">Vacances<\/a><\/div>\n\n\n\n<div class=\"wp-block-button is-style-fill\"><a class=\"wp-block-button__link has-ast-global-color-8-color has-text-color has-background wp-element-button\" href=\"http:\/\/8790639.cos58.fr\/?page_id=308\" style=\"border-radius:3px;background-color:#74c6cd\">No\u00ebl<\/a><\/div>\n\n\n\n<div class=\"wp-block-button is-style-fill\"><a class=\"wp-block-button__link has-ast-global-color-8-color has-text-color has-background wp-element-button\" href=\"http:\/\/8790639.cos58.fr\/?page_id=2\" style=\"border-radius:3px;background-color:#febf10\">Culture &amp; Loisirs<\/a><\/div>\n\n\n\n<div class=\"wp-block-button\"><a class=\"wp-block-button__link has-ast-global-color-8-color has-text-color has-background wp-element-button\" href=\"http:\/\/8790639.cos58.fr\/?page_id=312\" style=\"border-radius:3px;background-color:#93c83e\">Partenaires<\/a><\/div>\n\n\n\n<div class=\"wp-block-button\"><a class=\"wp-block-button__link has-ast-global-color-8-color has-text-color has-background wp-element-button\" href=\"http:\/\/8790639.cos58.fr\/?page_id=315\" style=\"border-radius:3px;background-color:#f1a8be\">Promos<\/a><\/div>\n\n\n\n<div class=\"wp-block-button\"><a class=\"wp-block-button__link has-ast-global-color-8-color has-text-color has-background wp-element-button\" href=\"http:\/\/8790639.cos58.fr\/?page_id=1984\" style=\"border-radius:3px;background-color:#ec4343\">COS Le R\u00e9seau<\/a><\/div>\n\n\n\n<div class=\"wp-block-button\"><a class=\"wp-block-button__link has-ast-global-color-8-color has-ast-global-color-5-background-color has-text-color has-background wp-element-button\" href=\"http:\/\/8790639.cos58.fr\/?page_id=318\" style=\"border-radius:3px\">Prestations Sociales<\/a><\/div>\n\n\n\n<div class=\"wp-block-button is-style-fill\"><a class=\"wp-block-button__link has-ast-global-color-8-color has-text-color has-background wp-element-button\" href=\"http:\/\/8790639.cos58.fr\/?page_id=321\" style=\"border-radius:3px;background-color:#43a648\"><mark style=\"background-color:rgba(0, 0, 0, 0);color:#43a648\" class=\"has-inline-color\">.<\/mark>A.G.<\/a><\/div>\n\n\n\n<div class=\"wp-block-button is-style-fill\"><a class=\"wp-block-button__link has-ast-global-color-8-color has-text-color has-background wp-element-button\" href=\"http:\/\/8790639.cos58.fr\/?page_id=324\" style=\"border-radius:3px;background-color:#8cc9b7\">Retrait\u00e9s et Elus<\/a><\/div>\n<\/div>\n\n\n\n<p><br><\/p>\n\n\n\n<h3 class=\"wp-block-heading has-text-color\" id=\"dossier-demande-de-prestation-s-sociales\" style=\"color:#0098a0\"><em>Dossier <\/em><strong>Demande de prestation(s) sociales<\/strong><\/h3>\n\n\n\n<p class=\"has-text-align-left has-background\" style=\"background-color:#0098a0\"><mark style=\"background-color:rgba(0, 0, 0, 0)\" class=\"has-inline-color has-ast-global-color-5-color\"><mark style=\"background-color:rgba(0, 0, 0, 0)\" class=\"has-inline-color has-ast-global-color-5-color\"><strong>JUSTIFICATIFS A NOUS FAIRE PARVENIR PAR<\/strong><\/mark><\/mark><strong> <a href=\"mailto:secretariat@cos58.fr\" target=\"_blank\" rel=\"noreferrer noopener\"><mark style=\"background-color:rgba(0, 0, 0, 0)\" class=\"has-inline-color has-ast-global-color-5-color\">MAIL<\/mark><\/a><\/strong><mark style=\"background-color:rgba(0, 0, 0, 0)\" class=\"has-inline-color has-ast-global-color-5-color\"><mark style=\"background-color:rgba(0, 0, 0, 0)\" class=\"has-inline-color has-ast-global-color-5-color\"><strong> OU PAR COURRIER POSTALE :<\/strong><br><strong>La premi\u00e8re fois <\/strong><\/mark>(\u00e0 l\u2019entr\u00e9e dans la collectivit\u00e9 ou l\u2019\u00e9tablissement public ou la communaut\u00e9 de communes)<\/mark><strong><mark style=\"background-color:rgba(0, 0, 0, 0)\" class=\"has-inline-color has-ast-global-color-5-color\"> :<\/mark><\/strong><br><mark style=\"background-color:rgba(0, 0, 0, 0)\" class=\"has-inline-color has-ast-global-color-5-color\"><strong>&gt;<\/strong> Une photocopie du livret de famille<br><strong>Chaque ann\u00e9e lors de la premi\u00e8re demande :<\/strong><\/mark><br><mark style=\"background-color:rgba(0, 0, 0, 0)\" class=\"has-inline-color has-ast-global-color-5-color\"><mark style=\"background-color:rgba(0, 0, 0, 0)\" class=\"has-inline-color has-ast-global-color-5-color\"><strong>&gt;<\/strong><\/mark> Une photocopie de la feuille d\u2019imposition (N-1, les 3 pages) de l\u2019agent et de son conjoint (si non mari\u00e9).<\/mark><br><mark style=\"background-color:rgba(0, 0, 0, 0)\" class=\"has-inline-color has-ast-global-color-5-color\"><mark style=\"background-color:rgba(0, 0, 0, 0)\" class=\"has-inline-color has-ast-global-color-5-color\"><strong>&gt;<\/strong><\/mark> Un R.I.B. (si changement d\u2019\u00e9tablissement bancaire)<\/mark><br><mark style=\"background-color:rgba(0, 0, 0, 0)\" class=\"has-inline-color has-ast-global-color-5-color\"><mark style=\"background-color:rgba(0, 0, 0, 0)\" class=\"has-inline-color has-ast-global-color-5-color\"><strong>&gt;<\/strong><\/mark> <strong>Les justificatifs demand\u00e9s pour chaque prestation<\/strong><\/mark><br><br><mark style=\"background-color:rgba(0, 0, 0, 0)\" class=\"has-inline-color has-ast-global-color-5-color\">Dans la mesure du possible,<strong> merci de grouper vos justificatifs dans un seul document<\/strong> (de plusieurs pages si besoin).<\/mark><\/p>\n\n\n\n<figure class=\"wp-block-image aligncenter size-large\" id=\"EV\"><img decoding=\"async\" src=\"http:\/\/8790639.cos58.fr\/wp-content\/uploads\/2022\/01\/MIL-HT_PS.gif\" alt=\"\"\/><\/figure>\n\n\n\n<div class=\"wp-block-contact-form-7-contact-form-selector\"><div role=\"form\" class=\"wpcf7\" id=\"wpcf7-f2089-o1\" lang=\"fr-FR\" dir=\"ltr\">\n<div class=\"screen-reader-response\"><p role=\"status\" aria-live=\"polite\" aria-atomic=\"true\"><\/p> <ul><\/ul><\/div>\n<form action=\"\/index.php?rest_route=%2Fwp%2Fv2%2Fpages%2F1605#wpcf7-f2089-o1\" method=\"post\" class=\"wpcf7-form init\" enctype=\"multipart\/form-data\" novalidate=\"novalidate\" data-status=\"init\">\n<div style=\"display: none;\">\n<input type=\"hidden\" name=\"_wpcf7\" value=\"2089\" \/>\n<input type=\"hidden\" name=\"_wpcf7_version\" value=\"5.5.4\" \/>\n<input type=\"hidden\" name=\"_wpcf7_locale\" value=\"fr_FR\" \/>\n<input type=\"hidden\" name=\"_wpcf7_unit_tag\" value=\"wpcf7-f2089-o1\" \/>\n<input type=\"hidden\" name=\"_wpcf7_container_post\" value=\"0\" \/>\n<input type=\"hidden\" name=\"_wpcf7_posted_data_hash\" value=\"\" \/>\n<\/div>\n<p><strong> L'AGENT :<br \/>\n<\/strong><br \/>\n<label> N\u00b0 d'adh\u00e9rent<br \/>\n    <span class=\"wpcf7-form-control-wrap no-adh\"><input type=\"text\" name=\"no-adh\" value=\"\" size=\"40\" class=\"wpcf7-form-control wpcf7-text wpcf7-validates-as-required\" aria-required=\"true\" aria-invalid=\"false\" \/><\/span> <\/label><\/p>\n<p><label> Nom<br \/>\n    <span class=\"wpcf7-form-control-wrap your-name\"><input type=\"text\" name=\"your-name\" value=\"\" size=\"40\" class=\"wpcf7-form-control wpcf7-text wpcf7-validates-as-required\" aria-required=\"true\" aria-invalid=\"false\" \/><\/span> <\/label><\/p>\n<p><label> Pr\u00e9nom<br \/>\n    <span class=\"wpcf7-form-control-wrap prenom\"><input type=\"text\" name=\"prenom\" value=\"\" size=\"40\" class=\"wpcf7-form-control wpcf7-text wpcf7-validates-as-required\" aria-required=\"true\" aria-invalid=\"false\" \/><\/span> <\/label><\/p>\n<p><strong>: : : : : : : : : : : : : : : : : : : : : : : : : : : : : : : : : : : : : : : : : : : : : : : : : : : : : : : : : : : : : : : : : : : : : : : : : : : : : : : : : :<br \/>\n&nbsp;<br \/>\n&nbsp;<br \/>\n<\/strong><\/p>\n<p><strong>SA FAMILLE :<br \/>\n<\/strong><br \/>\n<span class=\"wpcf7-form-control-wrap menu-sit\"><select name=\"menu-sit\" class=\"wpcf7-form-control wpcf7-select wpcf7-validates-as-required\" aria-required=\"true\" aria-invalid=\"false\"><option value=\"C\u00e9libataire\">C\u00e9libataire<\/option><option value=\"Mari\u00e9(e)\">Mari\u00e9(e)<\/option><option value=\"Divorc\u00e9(e)\">Divorc\u00e9(e)<\/option><option value=\"S\u00e9par\u00e9(e)\">S\u00e9par\u00e9(e)<\/option><option value=\"En concubinage\">En concubinage<\/option><option value=\"Pacs\u00e9(e)\">Pacs\u00e9(e)<\/option><option value=\"Veuf(ve)\">Veuf(ve)<\/option><\/select><\/span><\/p>\n<p><label> Nom et Pr\u00e9nom du conjoint<br \/>\n    <span class=\"wpcf7-form-control-wrap conjoint-nom\"><input type=\"text\" name=\"conjoint-nom\" value=\"\" size=\"40\" class=\"wpcf7-form-control wpcf7-text\" aria-invalid=\"false\" \/><\/span> <\/label><\/p>\n<p><label> Enfant(s) concern\u00e9(s) par cette demande : Nom, Pr\u00e9nom et date de naissance<br \/>\n<span class=\"wpcf7-form-control-wrap enfants\"><textarea name=\"enfants\" cols=\"40\" rows=\"10\" class=\"wpcf7-form-control wpcf7-textarea\" aria-invalid=\"false\" placeholder=\"ex. : DUPONT Lo\u00efc, 17.06.2008 - DUPONT Anna, 13.08.2011\"><\/textarea><\/span> <\/label><br \/>\n<strong>: : : : : : : : : : : : : : : : : : : : : : : : : : : : : : : : : : : : : : : : : : : : : : : : : : : : : : : : : : : : : : : : : : : : : : : : : : : : : : : : : :<br \/>\n&nbsp;<br \/>\n&nbsp;<br \/>\n<\/strong><\/p>\n<p><strong>LES PRESTATIONS VERSEES SOUS FORME DE CHEQUES CADEAUX :<br \/>\n<\/strong><br \/>\nCochez une ou plusieurs prestations souhait\u00e9es :<br \/>\n    <span class=\"wpcf7-form-control-wrap checkbox-presta-cheq1\"><span class=\"wpcf7-form-control wpcf7-checkbox\"><span class=\"wpcf7-list-item first last\"><label><input type=\"checkbox\" name=\"checkbox-presta-cheq1[]\" value=\"Mariage \/ PACS\" \/><span class=\"wpcf7-list-item-label\">Mariage \/ PACS<\/span><\/label><\/span><\/span><\/span> > Joindre l\u2019acte de mariage ou de PACS<br \/>\n&nbsp;<br \/>\n    <span class=\"wpcf7-form-control-wrap checkbox-presta-cheq2\"><span class=\"wpcf7-form-control wpcf7-checkbox\"><span class=\"wpcf7-list-item first last\"><label><input type=\"checkbox\" name=\"checkbox-presta-cheq2[]\" value=\"Naissance \/ Reconnaissance \/ Adoption\" \/><span class=\"wpcf7-list-item-label\">Naissance \/ Reconnaissance \/ Adoption<\/span><\/label><\/span><\/span><\/span> > Joindre l\u2019acte de naissance, de reconnaissance ou d\u2019adoption<br \/>\n&nbsp;<br \/>\n    <span class=\"wpcf7-form-control-wrap checkbox-presta-cheq3\"><span class=\"wpcf7-form-control wpcf7-checkbox\"><span class=\"wpcf7-list-item first last\"><label><input type=\"checkbox\" name=\"checkbox-presta-cheq3[]\" value=\"No\u00ebl des enfants isol\u00e9s\" \/><span class=\"wpcf7-list-item-label\">No\u00ebl des enfants isol\u00e9s<\/span><\/label><\/span><\/span><\/span> > Joindre la photocopie du jugement de divorce et le justificatif de la CAF<br \/>\n&nbsp;<br \/>\n    <span class=\"wpcf7-form-control-wrap checkbox-presta-cheq4\"><span class=\"wpcf7-form-control wpcf7-checkbox\"><span class=\"wpcf7-list-item first last\"><label><input type=\"checkbox\" name=\"checkbox-presta-cheq4[]\" value=\"D\u00e9part \u00e0 la retraite\" \/><span class=\"wpcf7-list-item-label\">D\u00e9part \u00e0 la retraite<\/span><\/label><\/span><\/span><\/span> > Joindre l\u2019arr\u00eat\u00e9 de radiation des cadres<br \/>\n&nbsp;<br \/>\n    <span class=\"wpcf7-form-control-wrap checkbox-presta-cheq5\"><span class=\"wpcf7-form-control wpcf7-checkbox\"><span class=\"wpcf7-list-item first last\"><label><input type=\"checkbox\" name=\"checkbox-presta-cheq5[]\" value=\"Etudes \/ Apprentissage\" \/><span class=\"wpcf7-list-item-label\">Etudes \/ Apprentissage<\/span><\/label><\/span><\/span><\/span> > Joindre les certificats de scolarit\u00e9 des enfants de la famille.<br \/>\n&nbsp;<br \/>\nChoisissez votre type de ch\u00e8que cadeau (sans choix les ch\u00e8ques Ni\u00e8vre Achat Plaisir seront attribu\u00e9s d\u2019office) :<br \/>\n    <span class=\"wpcf7-form-control-wrap checkbox-cheq\"><span class=\"wpcf7-form-control wpcf7-checkbox\"><span class=\"wpcf7-list-item first\"><label><input type=\"checkbox\" name=\"checkbox-cheq[]\" value=\"NIEVRE ACHAT PLAISIR\" \/><span class=\"wpcf7-list-item-label\">NIEVRE ACHAT PLAISIR<\/span><\/label><\/span><span class=\"wpcf7-list-item last\"><label><input type=\"checkbox\" name=\"checkbox-cheq[]\" value=\"CADHOC\" \/><span class=\"wpcf7-list-item-label\">CADHOC<\/span><\/label><\/span><\/span><\/span><br \/>\nR\u00e9ception des ch\u00e8ques cadeaux :<br \/>\n        <span class=\"wpcf7-form-control-wrap checkbox-cheq-rec\"><span class=\"wpcf7-form-control wpcf7-checkbox\"><span class=\"wpcf7-list-item first\"><label><input type=\"checkbox\" name=\"checkbox-cheq-rec[]\" value=\"Retrait au secr\u00e9tariat du COS 58 : nous vous informerons lorsqu&#039;ils seront disponibles.\" \/><span class=\"wpcf7-list-item-label\">Retrait au secr\u00e9tariat du COS 58 : nous vous informerons lorsqu&#039;ils seront disponibles.<\/span><\/label><\/span><span class=\"wpcf7-list-item last\"><label><input type=\"checkbox\" name=\"checkbox-cheq-rec[]\" value=\"Par courrier : Merci de nous faire parvenir une enveloppe suffisamment affranchie, en lettre suivie, avec votre nom et adresse.\" \/><span class=\"wpcf7-list-item-label\">Par courrier : Merci de nous faire parvenir une enveloppe suffisamment affranchie, en lettre suivie, avec votre nom et adresse.<\/span><\/label><\/span><\/span><\/span><br \/>\n<strong>: : : : : : : : : : : : : : : : : : : : : : : : : : : : : : : : : : : : : : : : : : : : : : : : : : : : : : : : : : : : : : : : : : : : : : : : : : : : : : : : : :<br \/>\n&nbsp;<br \/>\n&nbsp;<br \/>\n<\/strong><\/p>\n<p><strong>LES PRESTATIONS VERSEES SOUS FORME DE VIREMENT BANCAIRE :<br \/>\n<\/strong><br \/>\nCochez une ou plusieurs prestations souhait\u00e9es :<br \/>\n    <span class=\"wpcf7-form-control-wrap checkbox-presta-vir1\"><span class=\"wpcf7-form-control wpcf7-checkbox\"><span class=\"wpcf7-list-item first last\"><label><input type=\"checkbox\" name=\"checkbox-presta-vir1[]\" value=\"D\u00e9m\u00e9nagement\" \/><span class=\"wpcf7-list-item-label\">D\u00e9m\u00e9nagement<\/span><\/label><\/span><\/span><\/span> > Joindre un ancien et un nouveau justificatif, facture ou quittance de loyer \u00e0 votre nom + un R.I.B.)<br \/>\n&nbsp;<br \/>\n    <span class=\"wpcf7-form-control-wrap checkbox-presta-vir2\"><span class=\"wpcf7-form-control wpcf7-checkbox\"><span class=\"wpcf7-list-item first last\"><label><input type=\"checkbox\" name=\"checkbox-presta-vir2[]\" value=\"D\u00e9c\u00e8s\" \/><span class=\"wpcf7-list-item-label\">D\u00e9c\u00e8s<\/span><\/label><\/span><\/span><\/span> > Joindre l\u2019acte de d\u00e9c\u00e8s + un R.I.B.<br \/>\n&nbsp;<br \/>\n    <span class=\"wpcf7-form-control-wrap checkbox-presta-vir3\"><span class=\"wpcf7-form-control wpcf7-checkbox\"><span class=\"wpcf7-list-item first last\"><label><input type=\"checkbox\" name=\"checkbox-presta-vir3[]\" value=\"Enfant handicap\u00e9\" \/><span class=\"wpcf7-list-item-label\">Enfant handicap\u00e9<\/span><\/label><\/span><\/span><\/span> > Joindre la copie de la carte handicap\u00e9 de l\u2019enfant concern\u00e9 + un R.I.B.<br \/>\n&nbsp;<br \/>\n    <span class=\"wpcf7-form-control-wrap checkbox-presta-vir4\"><span class=\"wpcf7-form-control wpcf7-checkbox\"><span class=\"wpcf7-list-item first last\"><label><input type=\"checkbox\" name=\"checkbox-presta-vir4[]\" value=\"Code de la route\" \/><span class=\"wpcf7-list-item-label\">Code de la route<\/span><\/label><\/span><\/span><\/span> > Joindre une facture acquitt\u00e9e au nom de l\u2019enfant concern\u00e9 + un R.I.B.<br \/>\n&nbsp;<br \/>\n    <span class=\"wpcf7-form-control-wrap checkbox-presta-vir5\"><span class=\"wpcf7-form-control wpcf7-checkbox\"><span class=\"wpcf7-list-item first last\"><label><input type=\"checkbox\" name=\"checkbox-presta-vir5[]\" value=\"BAFA\" \/><span class=\"wpcf7-list-item-label\">BAFA<\/span><\/label><\/span><\/span><\/span> > Joindre une facture acquitt\u00e9e au nom de l\u2019enfant concern\u00e9 + un R.I.B<br \/>\n&nbsp;<br \/>\n    <span class=\"wpcf7-form-control-wrap checkbox-presta-vir6\"><span class=\"wpcf7-form-control wpcf7-checkbox\"><span class=\"wpcf7-list-item first last\"><label><input type=\"checkbox\" name=\"checkbox-presta-vir6[]\" value=\"Permis de conduire pour les adultes\" \/><span class=\"wpcf7-list-item-label\">Permis de conduire pour les adultes<\/span><\/label><\/span><\/span><\/span> > Joindre une facture acquitt\u00e9e au nom de l\u2019agent + un R.I.B<br \/>\n&nbsp;<br \/>\nLa m\u00e9daille communale (Joindre un R.I.B) :<br \/>\n    <span class=\"wpcf7-form-control-wrap checkbox-med\"><span class=\"wpcf7-form-control wpcf7-checkbox\"><span class=\"wpcf7-list-item first\"><input type=\"checkbox\" name=\"checkbox-med[]\" value=\"M\u00e9daille d&#039;or\" \/><span class=\"wpcf7-list-item-label\">M\u00e9daille d&#039;or<\/span><\/span><span class=\"wpcf7-list-item\"><input type=\"checkbox\" name=\"checkbox-med[]\" value=\"M\u00e9daille de vermeil\" \/><span class=\"wpcf7-list-item-label\">M\u00e9daille de vermeil<\/span><\/span><span class=\"wpcf7-list-item last\"><input type=\"checkbox\" name=\"checkbox-med[]\" value=\"M\u00e9daille d&#039;argent\" \/><span class=\"wpcf7-list-item-label\">M\u00e9daille d&#039;argent<\/span><\/span><\/span><\/span><br \/>\n<strong>: : : : : : : : : : : : : : : : : : : : : : : : : : : : : : : : : : : : : : : : : : : : : : : : : : : : : : : : : : : : : : : : : : : : : : : : : : : : : : : : : :<br \/>\n&nbsp;<br \/>\n&nbsp;<br \/>\n<\/strong><\/p>\n<p><strong>IMPORTANT : Les justificatifs sont indispensables pour qu'un dossier soit trait\u00e9. Dans la mesure du possible, merci de grouper vos justificatifs dans un seul document (de plusieurs pages si besoin).<\/strong> Si vous n'avez pas de version num\u00e9rique de vos justificatifs, vous pouvez nous les envoyer par courrier.<br \/>\n&nbsp;<br \/>\n<span class=\"wpcf7-form-control-wrap file-pj-presta1\"><input type=\"file\" name=\"file-pj-presta1\" size=\"40\" class=\"wpcf7-form-control wpcf7-file\" accept=\".jpg,.jpeg,.png,.gif,.pdf,.doc,.docx,.ppt,.pptx,.odt,.avi,.ogg,.m4a,.mov,.mp3,.mp4,.mpg,.wav,.wmv\" aria-invalid=\"false\" \/><\/span><br \/>\n<span class=\"wpcf7-form-control-wrap checkbox-cert\"><span class=\"wpcf7-form-control wpcf7-checkbox wpcf7-validates-as-required\"><span class=\"wpcf7-list-item first last\"><label><input type=\"checkbox\" name=\"checkbox-cert[]\" value=\"Je certifie sur l\u2019honneur les d\u00e9clarations faites ci-dessus\" \/><span class=\"wpcf7-list-item-label\">Je certifie sur l\u2019honneur les d\u00e9clarations faites ci-dessus<\/span><\/label><\/span><\/span><\/span><\/p>\n<p><input type=\"submit\" value=\"Envoyer\" class=\"wpcf7-form-control has-spinner wpcf7-submit\" \/><\/p>\n<div class=\"wpcf7-response-output\" aria-hidden=\"true\"><\/div><\/form><\/div><\/div>\n\n\n\n<figure class=\"wp-block-image aligncenter size-large\"><img decoding=\"async\" src=\"http:\/\/8790639.cos58.fr\/wp-content\/uploads\/2022\/01\/MIL-BS_PS.gif\" alt=\"\"\/><\/figure>\n\n\n\n<div class=\"wp-block-buttons is-horizontal is-content-justification-right is-layout-flex wp-container-core-buttons-is-layout-ae2fe186 wp-block-buttons-is-layout-flex\">\n<div class=\"wp-block-button has-custom-font-size\" style=\"font-size:10px\"><a class=\"wp-block-button__link wp-element-button\" href=\"#HAUT\">HAUT<\/a><\/div>\n<\/div>\n\n\n\n<p><br><span class=\"has-inline-color has-ast-global-color-5-color\">&#8211;<\/span><\/p>\n","protected":false},"excerpt":{"rendered":"<p>Dossier Demande de prestation(s) sociales JUSTIFICATIFS A NOUS FAIRE PARVENIR PAR MAIL OU PAR COURRIER POSTALE :La premi\u00e8re fois (\u00e0 l\u2019entr\u00e9e dans la collectivit\u00e9 ou l\u2019\u00e9tablissement public ou la communaut\u00e9 de communes) :&gt; Une photocopie du livret de familleChaque ann\u00e9e lors de la premi\u00e8re demande :&gt; Une photocopie de la feuille d\u2019imposition (N-1, les 3 &hellip;<\/p>\n<p class=\"read-more\"> <a class=\"\" href=\"http:\/\/8790639.cos58.fr\/?page_id=1605\"> <span class=\"screen-reader-text\">Dossier de demande de prestations sociales<\/span> Lire la suite\u00a0\u00bb<\/a><\/p>\n","protected":false},"author":1,"featured_media":0,"parent":318,"menu_order":0,"comment_status":"closed","ping_status":"closed","template":"","meta":{"site-sidebar-layout":"default","site-content-layout":"default","ast-main-header-display":"","ast-hfb-above-header-display":"","ast-hfb-below-header-display":"","ast-hfb-mobile-header-display":"","site-post-title":"disabled","ast-breadcrumbs-content":"","ast-featured-img":"","footer-sml-layout":"","theme-transparent-header-meta":"","adv-header-id-meta":"","stick-header-meta":"","header-above-stick-meta":"","header-main-stick-meta":"","header-below-stick-meta":"","footnotes":""},"class_list":["post-1605","page","type-page","status-publish","hentry"],"_links":{"self":[{"href":"http:\/\/8790639.cos58.fr\/index.php?rest_route=\/wp\/v2\/pages\/1605","targetHints":{"allow":["GET"]}}],"collection":[{"href":"http:\/\/8790639.cos58.fr\/index.php?rest_route=\/wp\/v2\/pages"}],"about":[{"href":"http:\/\/8790639.cos58.fr\/index.php?rest_route=\/wp\/v2\/types\/page"}],"author":[{"embeddable":true,"href":"http:\/\/8790639.cos58.fr\/index.php?rest_route=\/wp\/v2\/users\/1"}],"replies":[{"embeddable":true,"href":"http:\/\/8790639.cos58.fr\/index.php?rest_route=%2Fwp%2Fv2%2Fcomments&post=1605"}],"version-history":[{"count":135,"href":"http:\/\/8790639.cos58.fr\/index.php?rest_route=\/wp\/v2\/pages\/1605\/revisions"}],"predecessor-version":[{"id":3099,"href":"http:\/\/8790639.cos58.fr\/index.php?rest_route=\/wp\/v2\/pages\/1605\/revisions\/3099"}],"up":[{"embeddable":true,"href":"http:\/\/8790639.cos58.fr\/index.php?rest_route=\/wp\/v2\/pages\/318"}],"wp:attachment":[{"href":"http:\/\/8790639.cos58.fr\/index.php?rest_route=%2Fwp%2Fv2%2Fmedia&parent=1605"}],"curies":[{"name":"wp","href":"https:\/\/api.w.org\/{rel}","templated":true}]}}