{"id":1573,"date":"2022-02-03T15:58:04","date_gmt":"2022-02-03T14:58:04","guid":{"rendered":"http:\/\/8790639.cos58.fr\/?page_id=1573"},"modified":"2025-01-09T14:22:43","modified_gmt":"2025-01-09T13:22:43","slug":"retraites-adhesion-ancien-elu","status":"publish","type":"page","link":"http:\/\/8790639.cos58.fr\/?page_id=1573","title":{"rendered":"Retrait\u00e9s &#8211; Adh\u00e9sion ancien \u00e9lu"},"content":{"rendered":"\n<figure class=\"wp-block-image aligncenter size-full\" id=\"HAUT\"><a href=\"http:\/\/8790639.cos58.fr\/\"><img loading=\"lazy\" decoding=\"async\" width=\"1200\" height=\"208\" src=\"http:\/\/8790639.cos58.fr\/wp-content\/uploads\/2023\/08\/HEADER_RETRAITES.gif\" alt=\"\" class=\"wp-image-2548\"\/><\/a><\/figure>\n\n\n\n<p><\/p>\n\n\n\n<div class=\"wp-block-buttons is-horizontal is-content-justification-center is-layout-flex wp-container-core-buttons-is-layout-499968f5 wp-block-buttons-is-layout-flex\">\n<div class=\"wp-block-button is-style-fill\"><a class=\"wp-block-button__link has-ast-global-color-8-color has-text-color has-background wp-element-button\" href=\"http:\/\/8790639.cos58.fr\/\" style=\"border-radius:3px;background-color:#b0418f\">Accueil<\/a><\/div>\n\n\n\n<div class=\"wp-block-button is-style-fill\"><a class=\"wp-block-button__link has-ast-global-color-8-color has-text-color has-background wp-element-button\" href=\"http:\/\/8790639.cos58.fr\/?page_id=297\" style=\"border-radius:3px;background-color:#c4d024\">Voyages<\/a><\/div>\n\n\n\n<div class=\"wp-block-button is-style-fill\"><a class=\"wp-block-button__link has-ast-global-color-8-color has-text-color has-background wp-element-button\" href=\"http:\/\/8790639.cos58.fr\/?page_id=303\" style=\"border-radius:3px;background-color:#e10d7b\">Vacances<\/a><\/div>\n\n\n\n<div class=\"wp-block-button is-style-fill\"><a class=\"wp-block-button__link has-ast-global-color-8-color has-text-color has-background wp-element-button\" href=\"http:\/\/8790639.cos58.fr\/?page_id=308\" style=\"border-radius:3px;background-color:#74c6cd\">No\u00ebl<\/a><\/div>\n\n\n\n<div class=\"wp-block-button is-style-fill\"><a class=\"wp-block-button__link has-ast-global-color-8-color has-text-color has-background wp-element-button\" href=\"http:\/\/8790639.cos58.fr\/?page_id=2\" style=\"border-radius:3px;background-color:#febf10\">Culture &amp; Loisirs<\/a><\/div>\n\n\n\n<div class=\"wp-block-button\"><a class=\"wp-block-button__link has-ast-global-color-8-color has-text-color has-background wp-element-button\" href=\"http:\/\/8790639.cos58.fr\/?page_id=312\" style=\"border-radius:3px;background-color:#93c83e\">Partenaires<\/a><\/div>\n\n\n\n<div class=\"wp-block-button\"><a class=\"wp-block-button__link has-ast-global-color-8-color has-text-color has-background wp-element-button\" href=\"http:\/\/8790639.cos58.fr\/?page_id=315\" style=\"border-radius:3px;background-color:#f1a8be\">Promos<\/a><\/div>\n\n\n\n<div class=\"wp-block-button\"><a class=\"wp-block-button__link has-ast-global-color-8-color has-text-color has-background wp-element-button\" href=\"http:\/\/8790639.cos58.fr\/?page_id=1984\" style=\"border-radius:3px;background-color:#ec4343\">COS Le R\u00e9seau<\/a><\/div>\n\n\n\n<div class=\"wp-block-button\"><a class=\"wp-block-button__link has-ast-global-color-8-color has-text-color has-background wp-element-button\" href=\"http:\/\/8790639.cos58.fr\/?page_id=318\" style=\"border-radius:3px;background-color:#0098a0\">Prestations Sociales<\/a><\/div>\n\n\n\n<div class=\"wp-block-button is-style-fill\"><a class=\"wp-block-button__link has-ast-global-color-8-color has-text-color has-background wp-element-button\" href=\"http:\/\/8790639.cos58.fr\/?page_id=321\" style=\"border-radius:3px;background-color:#43a648\"><mark style=\"background-color:rgba(0, 0, 0, 0);color:#43a648\" class=\"has-inline-color\">.<\/mark>A.G.<\/a><\/div>\n\n\n\n<div class=\"wp-block-button is-style-fill\"><a class=\"wp-block-button__link has-ast-global-color-8-color has-ast-global-color-5-background-color has-text-color has-background wp-element-button\" href=\"http:\/\/8790639.cos58.fr\/?page_id=324\" style=\"border-radius:3px\">Retrait\u00e9s et Elus<\/a><\/div>\n<\/div>\n\n\n\n<p><br><\/p>\n\n\n\n<h3 class=\"wp-block-heading has-text-color\" id=\"adhesion-retraite-ancien-elu-maire-ou-adjoint\" style=\"color:#8cc9b7\"><em>Adh\u00e9sion <\/em><strong>\u00e9lu ou <strong>ancien <\/strong>\u00e9lu<\/strong><\/h3>\n\n\n\n<p class=\"has-ast-global-color-5-color has-text-color has-background\" style=\"background-color:#42b39b\"><mark style=\"background-color:rgba(0, 0, 0, 0)\" class=\"has-inline-color has-ast-global-color-5-color\"><strong>IMPORTANT :<\/strong><\/mark> <strong>N&rsquo;oubliez pas de nous envoyer un R.I.B. et votre cotisation \u00e0 l&rsquo;ordre du COS 58, <mark style=\"background-color:rgba(0, 0, 0, 0)\" class=\"has-inline-color has-ast-global-color-5-color\">dernier d\u00e9lai fin Janvier<\/mark> !<\/strong><\/p>\n\n\n\n<figure class=\"wp-block-image aligncenter size-large\" id=\"ANCIEN-AGENT\"><img decoding=\"async\" src=\"http:\/\/8790639.cos58.fr\/wp-content\/uploads\/2022\/01\/MIL-HT_RET.gif\" alt=\"\"\/><\/figure>\n\n\n\n<div class=\"wp-block-contact-form-7-contact-form-selector\"><div role=\"form\" class=\"wpcf7\" id=\"wpcf7-f2085-o1\" lang=\"fr-FR\" dir=\"ltr\">\n<div class=\"screen-reader-response\"><p role=\"status\" aria-live=\"polite\" aria-atomic=\"true\"><\/p> <ul><\/ul><\/div>\n<form action=\"\/index.php?rest_route=%2Fwp%2Fv2%2Fpages%2F1573#wpcf7-f2085-o1\" method=\"post\" class=\"wpcf7-form init\" novalidate=\"novalidate\" data-status=\"init\">\n<div style=\"display: none;\">\n<input type=\"hidden\" name=\"_wpcf7\" value=\"2085\" \/>\n<input type=\"hidden\" name=\"_wpcf7_version\" value=\"5.5.4\" \/>\n<input type=\"hidden\" name=\"_wpcf7_locale\" value=\"fr_FR\" \/>\n<input type=\"hidden\" name=\"_wpcf7_unit_tag\" value=\"wpcf7-f2085-o1\" \/>\n<input type=\"hidden\" name=\"_wpcf7_container_post\" value=\"0\" \/>\n<input type=\"hidden\" name=\"_wpcf7_posted_data_hash\" value=\"\" \/>\n<\/div>\n<p><label> N\u00b0 d'adh\u00e9rent<br \/>\n    <span class=\"wpcf7-form-control-wrap numadh\"><input type=\"text\" name=\"numadh\" value=\"\" size=\"40\" class=\"wpcf7-form-control wpcf7-text wpcf7-validates-as-required\" aria-required=\"true\" aria-invalid=\"false\" \/><\/span> <\/label><\/p>\n<p><label> Nom<br \/>\n    <span class=\"wpcf7-form-control-wrap your-name\"><input type=\"text\" name=\"your-name\" value=\"\" size=\"40\" class=\"wpcf7-form-control wpcf7-text wpcf7-validates-as-required\" aria-required=\"true\" aria-invalid=\"false\" \/><\/span> <\/label><\/p>\n<p><label> Pr\u00e9nom<br \/>\n    <span class=\"wpcf7-form-control-wrap prenom\"><input type=\"text\" name=\"prenom\" value=\"\" size=\"40\" class=\"wpcf7-form-control wpcf7-text wpcf7-validates-as-required\" aria-required=\"true\" aria-invalid=\"false\" \/><\/span> <\/label><\/p>\n<p><label> Nom et Pr\u00e9nom du conjoint<br \/>\n    <span class=\"wpcf7-form-control-wrap conjoint\"><input type=\"text\" name=\"conjoint\" value=\"\" size=\"40\" class=\"wpcf7-form-control wpcf7-text wpcf7-validates-as-required\" aria-required=\"true\" aria-invalid=\"false\" \/><\/span> <\/label><\/p>\n<p><label> Adresse, code postale, Ville<br \/>\n    <span class=\"wpcf7-form-control-wrap adresse\"><input type=\"text\" name=\"adresse\" value=\"\" size=\"40\" class=\"wpcf7-form-control wpcf7-text wpcf7-validates-as-required\" aria-required=\"true\" aria-invalid=\"false\" \/><\/span> <\/label><\/p>\n<p><label> N\u00b0 de t\u00e9l\u00e9phone<br \/>\n    <span class=\"wpcf7-form-control-wrap tel-753\"><input type=\"tel\" name=\"tel-753\" value=\"\" size=\"40\" class=\"wpcf7-form-control wpcf7-text wpcf7-tel wpcf7-validates-as-required wpcf7-validates-as-tel\" aria-required=\"true\" aria-invalid=\"false\" \/><\/span> <\/label><\/p>\n<p><label> Votre e-mail<br \/>\n    <span class=\"wpcf7-form-control-wrap your-email\"><input type=\"email\" name=\"your-email\" value=\"\" size=\"40\" class=\"wpcf7-form-control wpcf7-text wpcf7-email wpcf7-validates-as-email\" aria-invalid=\"false\" \/><\/span> <\/label><\/p>\n<p><label> Je souhaite adh\u00e9rer en tant que personnel retrait\u00e9 de la commune de<br \/>\n    <span class=\"wpcf7-form-control-wrap commune\"><input type=\"text\" name=\"commune\" value=\"\" size=\"40\" class=\"wpcf7-form-control wpcf7-text wpcf7-validates-as-required\" aria-required=\"true\" aria-invalid=\"false\" \/><\/span> <\/label><\/p>\n<p><span class=\"wpcf7-form-control-wrap radio-786\"><span class=\"wpcf7-form-control wpcf7-radio\"><span class=\"wpcf7-list-item first\"><label><input type=\"radio\" name=\"radio-786\" value=\"Adh\u00e9sion personne seule : 50\u20ac\" checked=\"checked\" \/><span class=\"wpcf7-list-item-label\">Adh\u00e9sion personne seule : 50\u20ac<\/span><\/label><\/span><span class=\"wpcf7-list-item last\"><label><input type=\"radio\" name=\"radio-786\" value=\"Adh\u00e9sion couple : 100\u20ac\" \/><span class=\"wpcf7-list-item-label\">Adh\u00e9sion couple : 100\u20ac<\/span><\/label><\/span><\/span><\/span><\/p>\n<p><label> N\u00b0 du ch\u00e8que<br \/>\n    <span class=\"wpcf7-form-control-wrap cheque\"><input type=\"text\" name=\"cheque\" value=\"\" size=\"40\" class=\"wpcf7-form-control wpcf7-text wpcf7-validates-as-required\" aria-required=\"true\" aria-invalid=\"false\" \/><\/span> <\/label><\/p>\n<p><span class=\"wpcf7-form-control-wrap checkbox-331\"><span class=\"wpcf7-form-control wpcf7-checkbox wpcf7-validates-as-required\"><span class=\"wpcf7-list-item first last\"><label><input type=\"checkbox\" name=\"checkbox-331[]\" value=\"Je m&#039;engage \u00e0 verser ma cotisation au mois de janvier de l\u2019ann\u00e9e en cours (ch\u00e8que \u00e0 l&#039;ordre du COS 58) et \u00e0 joindre un R.I.B.\" \/><span class=\"wpcf7-list-item-label\">Je m&#039;engage \u00e0 verser ma cotisation au mois de janvier de l\u2019ann\u00e9e en cours (ch\u00e8que \u00e0 l&#039;ordre du COS 58) et \u00e0 joindre un R.I.B.<\/span><\/label><\/span><\/span><\/span><\/p>\n<p><input type=\"submit\" value=\"Envoyer\" class=\"wpcf7-form-control has-spinner wpcf7-submit\" \/><\/p>\n<div class=\"wpcf7-response-output\" aria-hidden=\"true\"><\/div><\/form><\/div><\/div>\n\n\n\n<figure class=\"wp-block-image aligncenter size-large is-resized\"><img decoding=\"async\" src=\"http:\/\/8790639.cos58.fr\/wp-content\/uploads\/2022\/01\/MIL-BS_RET.gif\" alt=\"\" style=\"width:1200px;height:20px\"\/><\/figure>\n\n\n\n<p><\/p>\n\n\n\n<div class=\"wp-block-buttons is-horizontal is-content-justification-right is-layout-flex wp-container-core-buttons-is-layout-ae2fe186 wp-block-buttons-is-layout-flex\">\n<div class=\"wp-block-button has-custom-font-size\" style=\"font-size:10px\"><a class=\"wp-block-button__link wp-element-button\" href=\"#HAUT\">HAUT<\/a><\/div>\n<\/div>\n\n\n\n<p><br><span class=\"has-inline-color has-ast-global-color-5-color\">&#8211;<\/span><\/p>\n","protected":false},"excerpt":{"rendered":"<p>Adh\u00e9sion \u00e9lu ou ancien \u00e9lu IMPORTANT : N&rsquo;oubliez pas de nous envoyer un R.I.B. et votre cotisation \u00e0 l&rsquo;ordre du COS 58, dernier d\u00e9lai fin Janvier !<\/p>\n","protected":false},"author":1,"featured_media":0,"parent":324,"menu_order":0,"comment_status":"closed","ping_status":"closed","template":"","meta":{"site-sidebar-layout":"default","site-content-layout":"default","ast-main-header-display":"","ast-hfb-above-header-display":"","ast-hfb-below-header-display":"","ast-hfb-mobile-header-display":"","site-post-title":"disabled","ast-breadcrumbs-content":"","ast-featured-img":"","footer-sml-layout":"","theme-transparent-header-meta":"","adv-header-id-meta":"","stick-header-meta":"","header-above-stick-meta":"","header-main-stick-meta":"","header-below-stick-meta":"","footnotes":""},"class_list":["post-1573","page","type-page","status-publish","hentry"],"_links":{"self":[{"href":"http:\/\/8790639.cos58.fr\/index.php?rest_route=\/wp\/v2\/pages\/1573","targetHints":{"allow":["GET"]}}],"collection":[{"href":"http:\/\/8790639.cos58.fr\/index.php?rest_route=\/wp\/v2\/pages"}],"about":[{"href":"http:\/\/8790639.cos58.fr\/index.php?rest_route=\/wp\/v2\/types\/page"}],"author":[{"embeddable":true,"href":"http:\/\/8790639.cos58.fr\/index.php?rest_route=\/wp\/v2\/users\/1"}],"replies":[{"embeddable":true,"href":"http:\/\/8790639.cos58.fr\/index.php?rest_route=%2Fwp%2Fv2%2Fcomments&post=1573"}],"version-history":[{"count":30,"href":"http:\/\/8790639.cos58.fr\/index.php?rest_route=\/wp\/v2\/pages\/1573\/revisions"}],"predecessor-version":[{"id":3383,"href":"http:\/\/8790639.cos58.fr\/index.php?rest_route=\/wp\/v2\/pages\/1573\/revisions\/3383"}],"up":[{"embeddable":true,"href":"http:\/\/8790639.cos58.fr\/index.php?rest_route=\/wp\/v2\/pages\/324"}],"wp:attachment":[{"href":"http:\/\/8790639.cos58.fr\/index.php?rest_route=%2Fwp%2Fv2%2Fmedia&parent=1573"}],"curies":[{"name":"wp","href":"https:\/\/api.w.org\/{rel}","templated":true}]}}